{"id":429,"date":"2024-03-30T10:11:14","date_gmt":"2024-03-30T10:11:14","guid":{"rendered":"https:\/\/dzimi-blog.de\/?page_id=429"},"modified":"2025-09-30T03:53:58","modified_gmt":"2025-09-30T03:53:58","slug":"jakobsweg-2008","status":"publish","type":"page","link":"https:\/\/dzimi-blog.de\/en\/jakobsweg-2008","title":{"rendered":"the first Camino (2008)"},"content":{"rendered":"<div data-elementor-type=\"wp-post\" data-elementor-id=\"429\" class=\"elementor elementor-429\" data-elementor-post-type=\"page\">\n\t\t\t\t<div class=\"elementor-element elementor-element-d4a0e1a e-flex e-con-boxed e-con e-parent\" data-id=\"d4a0e1a\" data-element_type=\"container\" data-e-type=\"container\">\n\t\t\t\t\t<div class=\"e-con-inner\">\n\t\t\t\t<div class=\"elementor-element elementor-element-7cb6237 elementor-nav-menu--dropdown-tablet elementor-nav-menu__text-align-aside elementor-nav-menu--toggle elementor-nav-menu--burger elementor-widget elementor-widget-nav-menu\" data-id=\"7cb6237\" data-element_type=\"widget\" data-e-type=\"widget\" data-settings=\"{&quot;layout&quot;:&quot;horizontal&quot;,&quot;submenu_icon&quot;:{&quot;value&quot;:&quot;&lt;svg aria-hidden=\\&quot;true\\&quot; class=\\&quot;e-font-icon-svg e-fas-caret-down\\&quot; viewBox=\\&quot;0 0 320 512\\&quot; xmlns=\\&quot;http:\\\/\\\/www.w3.org\\\/2000\\\/svg\\&quot;&gt;&lt;path d=\\&quot;M31.3 192h257.3c17.8 0 26.7 21.5 14.1 34.1L174.1 354.8c-7.8 7.8-20.5 7.8-28.3 0L17.2 226.1C4.6 213.5 13.5 192 31.3 192z\\&quot;&gt;&lt;\\\/path&gt;&lt;\\\/svg&gt;&quot;,&quot;library&quot;:&quot;fa-solid&quot;},&quot;toggle&quot;:&quot;burger&quot;}\" data-widget_type=\"nav-menu.default\">\n\t\t\t\t<div class=\"elementor-widget-container\">\n\t\t\t\t\t\t\t\t<nav aria-label=\"Menu\" class=\"elementor-nav-menu--main elementor-nav-menu__container elementor-nav-menu--layout-horizontal e--pointer-underline e--animation-fade\">\n\t\t\t\t<ul id=\"menu-1-7cb6237\" class=\"elementor-nav-menu\"><li class=\"menu-item menu-item-type-post_type menu-item-object-page menu-item-home menu-item-1673\"><a href=\"https:\/\/dzimi-blog.de\/en\/\" class=\"elementor-item\">Welcome<\/a><\/li>\n<li class=\"menu-item menu-item-type-post_type menu-item-object-page menu-item-1657\"><a href=\"https:\/\/dzimi-blog.de\/en\/jakobsweg-2008\" class=\"elementor-item\">the first Camino (2008)<\/a><\/li>\n<li class=\"menu-item menu-item-type-post_type menu-item-object-page menu-item-1659\"><a href=\"https:\/\/dzimi-blog.de\/en\/blog\" class=\"elementor-item\">Camino Stage 1 of 5 (2021)<\/a><\/li>\n<li class=\"menu-item menu-item-type-post_type menu-item-object-page menu-item-1658\"><a href=\"https:\/\/dzimi-blog.de\/en\/jakobsweg-etappe-2-von-5-2022\" class=\"elementor-item\">Camino Stage 2 of 5 (2022)<\/a><\/li>\n<li class=\"menu-item menu-item-type-post_type menu-item-object-page menu-item-1656\"><a href=\"https:\/\/dzimi-blog.de\/en\/jakobsweg-etappe-3-von-5-2023\" class=\"elementor-item\">Camino Stage 3 of 5 (2023)<\/a><\/li>\n<li class=\"menu-item menu-item-type-post_type menu-item-object-page menu-item-1655\"><a href=\"https:\/\/dzimi-blog.de\/en\/jakobsweg-etappe-4-von-5-2024\" class=\"elementor-item\">Camino Stage 4 of 5 (2024)<\/a><\/li>\n<li class=\"menu-item menu-item-type-post_type menu-item-object-page menu-item-1654\"><a href=\"https:\/\/dzimi-blog.de\/en\/jakobsweg-etappe-5-von-5-10-2025\" class=\"elementor-item\">Camino Stage 5 of 5 (2026)<\/a><\/li>\n<\/ul>\t\t\t<\/nav>\n\t\t\t\t\t<div class=\"elementor-menu-toggle\" role=\"button\" tabindex=\"0\" aria-label=\"Menu Toggle\" aria-expanded=\"false\">\n\t\t\t<svg aria-hidden=\"true\" role=\"presentation\" class=\"elementor-menu-toggle__icon--open e-font-icon-svg e-eicon-menu-bar\" viewbox=\"0 0 1000 1000\" xmlns=\"http:\/\/www.w3.org\/2000\/svg\"><path d=\"M104 333H896C929 333 958 304 958 271S929 208 896 208H104C71 208 42 237 42 271S71 333 104 333ZM104 583H896C929 583 958 554 958 521S929 458 896 458H104C71 458 42 487 42 521S71 583 104 583ZM104 833H896C929 833 958 804 958 771S929 708 896 708H104C71 708 42 737 42 771S71 833 104 833Z\"><\/path><\/svg><svg aria-hidden=\"true\" role=\"presentation\" class=\"elementor-menu-toggle__icon--close e-font-icon-svg e-eicon-close\" viewbox=\"0 0 1000 1000\" xmlns=\"http:\/\/www.w3.org\/2000\/svg\"><path d=\"M742 167L500 408 258 167C246 154 233 150 217 150 196 150 179 158 167 167 154 179 150 196 150 212 150 229 154 242 171 254L408 500 167 742C138 771 138 800 167 829 196 858 225 858 254 829L496 587 738 829C750 842 767 846 783 846 800 846 817 842 829 829 842 817 846 804 846 783 846 767 842 750 829 737L588 500 833 258C863 229 863 200 833 171 804 137 775 137 742 167Z\"><\/path><\/svg>\t\t<\/div>\n\t\t\t\t\t<nav class=\"elementor-nav-menu--dropdown elementor-nav-menu__container\" aria-hidden=\"true\">\n\t\t\t\t<ul id=\"menu-2-7cb6237\" class=\"elementor-nav-menu\"><li class=\"menu-item menu-item-type-post_type menu-item-object-page menu-item-home menu-item-1673\"><a href=\"https:\/\/dzimi-blog.de\/en\/\" class=\"elementor-item\" tabindex=\"-1\">Welcome<\/a><\/li>\n<li class=\"menu-item menu-item-type-post_type menu-item-object-page menu-item-1657\"><a href=\"https:\/\/dzimi-blog.de\/en\/jakobsweg-2008\" class=\"elementor-item\" tabindex=\"-1\">the first Camino (2008)<\/a><\/li>\n<li class=\"menu-item menu-item-type-post_type menu-item-object-page menu-item-1659\"><a href=\"https:\/\/dzimi-blog.de\/en\/blog\" class=\"elementor-item\" tabindex=\"-1\">Camino Stage 1 of 5 (2021)<\/a><\/li>\n<li class=\"menu-item menu-item-type-post_type menu-item-object-page menu-item-1658\"><a href=\"https:\/\/dzimi-blog.de\/en\/jakobsweg-etappe-2-von-5-2022\" class=\"elementor-item\" tabindex=\"-1\">Camino Stage 2 of 5 (2022)<\/a><\/li>\n<li class=\"menu-item menu-item-type-post_type menu-item-object-page menu-item-1656\"><a href=\"https:\/\/dzimi-blog.de\/en\/jakobsweg-etappe-3-von-5-2023\" class=\"elementor-item\" tabindex=\"-1\">Camino Stage 3 of 5 (2023)<\/a><\/li>\n<li class=\"menu-item menu-item-type-post_type menu-item-object-page menu-item-1655\"><a href=\"https:\/\/dzimi-blog.de\/en\/jakobsweg-etappe-4-von-5-2024\" class=\"elementor-item\" tabindex=\"-1\">Camino Stage 4 of 5 (2024)<\/a><\/li>\n<li class=\"menu-item menu-item-type-post_type menu-item-object-page menu-item-1654\"><a href=\"https:\/\/dzimi-blog.de\/en\/jakobsweg-etappe-5-von-5-10-2025\" class=\"elementor-item\" tabindex=\"-1\">Camino Stage 5 of 5 (2026)<\/a><\/li>\n<\/ul>\t\t\t<\/nav>\n\t\t\t\t\t\t<\/div>\n\t\t\t\t<\/div>\n\t\t\t\t\t<\/div>\n\t\t\t\t<\/div>\n\t\t<div class=\"elementor-element elementor-element-63f5f23 e-flex e-con-boxed e-con e-parent\" data-id=\"63f5f23\" data-element_type=\"container\" data-e-type=\"container\">\n\t\t\t\t\t<div class=\"e-con-inner\">\n\t\t\t\t<div class=\"elementor-element elementor-element-4841bee elementor-widget elementor-widget-text-editor\" data-id=\"4841bee\" data-element_type=\"widget\" data-e-type=\"widget\" data-widget_type=\"text-editor.default\">\n\t\t\t\t<div class=\"elementor-widget-container\">\n\t\t\t\t\t\t\t\t\t<p><span style=\"font-weight: bold; font-family: Helvetica, Arial, sans-serif; font-size: 15px;\"><i>For everyone who asks receives,<br \/>the one who seeks finds;\u00a0<\/i><br \/>and to the one who knocks it will be opened.<br \/><i>(Luke 11:10 EU)<\/i><\/span><\/p>\t\t\t\t\t\t\t\t<\/div>\n\t\t\t\t<\/div>\n\t\t\t\t\t<\/div>\n\t\t\t\t<\/div>\n\t\t<div class=\"elementor-element elementor-element-e409654 e-flex e-con-boxed e-con e-parent\" data-id=\"e409654\" data-element_type=\"container\" data-e-type=\"container\">\n\t\t\t\t\t<div class=\"e-con-inner\">\n\t\t\t\t<div class=\"elementor-element elementor-element-2ea2582 elementor-widget elementor-widget-text-editor\" data-id=\"2ea2582\" data-element_type=\"widget\" data-e-type=\"widget\" data-widget_type=\"text-editor.default\">\n\t\t\t\t<div class=\"elementor-widget-container\">\n\t\t\t\t\t\t\t\t\t<p><span style=\"font-size: 14pt; line-height: 107%; font-family: Arial, sans-serif; color: black; background-image: initial; background-position: initial; background-size: initial; background-repeat: initial; background-attachment: initial; background-origin: initial; background-clip: initial;\">In the spring of 2008, I started the Way of St. James in Trier (D) while processing my grief. I walked through Switzerland and France to Spain (Barcelona). The travel money I had borrowed was used up when I reached the Swiss border (Konstanz). Once I entered Switzerland, I could continue camping and refuel with a tent and sleeping bag. I could ask the local farmers for food if I asked, and there were always potatoes, bread, or even a place to stay overnight in a hay barn.<br>Nothing is more excellent than washing with warm water and a morning caf\u00e9 au lait after 8 hours of hiking! Many of the farmers gave me money for the journey and for asking for intercession!<br>When I arrived in France, I received food and lodging from various people for several days. Here is the gift of a new sleeping bag and a T-shirt from the local St. Jaques Society (Way of St. James Society). Another important host father took me to the local miller, who gave me 50 euros (in 2008).<br><\/span><span style=\"font-size: 18.6667px; color: #000000; font-family: Arial, sans-serif; font-weight: var( --e-global-typography-text-font-weight ); text-align: var(--text-align);\">I also stayed in a French castle (ch\u00e2teau), was able to recharge my batteries for several days in an Emmaus commune in the south of France, and then arrived completely exhausted in Barcelona as the trip's final destination.&nbsp;<br><\/span><span style=\"font-size: 18.6667px; color: #000000; font-family: Arial, sans-serif; font-weight: var( --e-global-typography-text-font-weight ); text-align: var(--text-align);\">I flew home to Frankfurt via Lufthansa!<\/span><\/p>\n<p><span style=\"text-align: var(--text-align);\"><span style=\"color: #000000; font-family: Roboto;\"><span style=\"font-size: 18.6667px;\">&nbsp;<\/span><\/span><\/span><\/p>\n<p><span style=\"text-align: var(--text-align);\"><span style=\"color: #000000; font-family: Roboto;\"><span style=\"font-size: 18.6667px;\"><em>The guardian angels of our lives sometimes fly so high that we can no longer see them, but they never lose sight of us.<\/em> (Jean Paul)<br><\/span><\/span><br><span style=\"color: #000000; font-family: Roboto;\"><span style=\"font-size: 14pt; font-weight: var( --e-global-typography-text-font-weight );\">Anecdotes from this route from Trier to Barcelona:<\/span><\/span><\/span><\/p>\n<p><i>&nbsp;<\/i><span style=\"font-size: 18.6667px; color: #000000; font-family: Roboto; font-weight: var( --e-global-typography-text-font-weight ); text-align: var(--text-align);\">I ran out of money behind the German-Swiss border (exactly from Konstanz) and I didn't know what to do. I didn't want to abandon the Camino (why would I? \ud83d\ude09 ) but I at least needed food.&nbsp;<\/span><span style=\"font-weight: var( --e-global-typography-text-font-weight ); text-align: var(--text-align); font-size: 18.6667px; color: #000000; font-family: Roboto;\">So I met two Swiss women at a river who said to me in summary:<\/span><i style=\"font-weight: var( --e-global-typography-text-font-weight ); text-align: var(--text-align); font-size: 18.6667px; color: #000000; font-family: Roboto;\"> \"You can ask any farmer on your way for potatoes or shelter for the night.\"<\/i><\/p>\n<p><i style=\"font-weight: var( --e-global-typography-text-font-weight ); text-align: var(--text-align); font-size: 18.6667px; color: #000000; font-family: Roboto;\">- <\/i><span style=\"font-weight: var( --e-global-typography-text-font-weight ); text-align: var(--text-align); font-size: 18.6667px; color: #000000; font-family: Roboto;\">On the way between Zurich and Basel I was walking along a Swiss country road and saw a music cassette track (brown tangled cables). At the end of the lane, several meters, there were 30 Swiss Francs on the road!&nbsp;<br><\/span><span style=\"font-weight: var( --e-global-typography-text-font-weight ); text-align: var(--text-align); font-size: 18.6667px; color: #000000; font-family: Roboto;\">The day was saved with food and drink and a caf\u00e9!&nbsp;<\/span><\/p>\n<p><span style=\"font-weight: var( --e-global-typography-text-font-weight ); text-align: var(--text-align); font-size: 18.6667px; color: #000000; font-family: Roboto;\">- Near Belfort (F), my host father gave me his watch as a gift with the words: <em>\u201cFrom now on, don\u2019t arrive to work anymore late !\u201d<\/em><\/span><\/p>\n<p><span style=\"font-size: 18.6667px; color: #000000; font-family: Roboto; font-weight: var( --e-global-typography-text-font-weight ); text-align: var(--text-align);\">- On many hills (Vosges, F) I was asked by young drivers if they could give me a ride.&nbsp;<\/span><\/p>\n<p><font color=\"#000000\" face=\"Roboto\"><span style=\"font-size: 18.6667px;\">\u2013 Near Lyon, I was told: \u201cYou can ask for a hostel at any town hall (Mairie) in France until 5 p.m., that\u2019s the law in France.\u201d The highlight \u2013 et voil\u00e1 \u2013 was an overnight stay in a real French castle (Ch\u00e2teau) with delicious French food!&nbsp;<br><\/span><\/font><font color=\"#000000\" face=\"Roboto\"><span style=\"font-size: 18.6667px;\"><br>&nbsp;<\/span><\/font><span style=\"font-weight: var( --e-global-typography-text-font-weight ); text-align: var(--text-align); font-size: 18.6667px; color: rgb(0, 0, 0); font-family: Roboto;\">When I arrived in Barcelona (autumn 2008), I went to the German consulate and asked for help. The consulate employee called my bank in Trier (Brotstrasse) and I was given an account limit of a symbolic four-digit amount.&nbsp;<\/span><\/p>\n<p><span style=\"color: black; font-family: Roboto; font-size: 14pt; font-weight: var( --e-global-typography-text-font-weight ); text-align: var(--text-align);\">&nbsp;<\/span><\/p>\n<p><span style=\"color: black; font-family: Roboto; font-size: 14pt; font-weight: var( --e-global-typography-text-font-weight ); text-align: var(--text-align);\">&nbsp;<\/span><span style=\"color: black; font-family: Roboto; font-size: 14pt; font-weight: var( --e-global-typography-text-font-weight ); text-align: var(--text-align);\">In summary, at 27, this was probably the most interesting, funniest, but above all, most challenging adventure I have undertaken to date! I ran around 2,000 kilometers, averaging 25-30 kilometers a day. In three days of running mode and then a day off.&nbsp;<\/span><\/p>\n<p><span style=\"color: black; font-family: Roboto; font-size: 14pt; font-weight: var( --e-global-typography-text-font-weight ); text-align: var(--text-align);\">Today, I have been learning French again for over 2 years and permanently.&nbsp;<br><\/span><span style=\"color: black; font-family: Roboto; font-size: 14pt; font-weight: var( --e-global-typography-text-font-weight ); text-align: var(--text-align);\">I have continued the Way of St. James from Avignon again (2021), with stage 4 of 5 still around 198km to Santiago de Compostela.<\/span><\/p>\t\t\t\t\t\t\t\t<\/div>\n\t\t\t\t<\/div>\n\t\t\t\t\t<\/div>\n\t\t\t\t<\/div>\n\t\t<div class=\"elementor-element elementor-element-3169ed0 e-flex e-con-boxed e-con e-parent\" data-id=\"3169ed0\" data-element_type=\"container\" data-e-type=\"container\">\n\t\t\t\t\t<div class=\"e-con-inner\">\n\t\t\t\t<div class=\"elementor-element elementor-element-b402099 elementor-widget elementor-widget-text-editor\" data-id=\"b402099\" data-element_type=\"widget\" data-e-type=\"widget\" data-widget_type=\"text-editor.default\">\n\t\t\t\t<div class=\"elementor-widget-container\">\n\t\t\t\t\t\t\t\t\t<p>Completion Date: Autumn 2025<br \/>Actualized: Winter 2024<\/p>\t\t\t\t\t\t\t\t<\/div>\n\t\t\t\t<\/div>\n\t\t\t\t\t<\/div>\n\t\t\t\t<\/div>\n\t\t<div class=\"elementor-element elementor-element-301784d e-flex e-con-boxed e-con e-parent\" data-id=\"301784d\" data-element_type=\"container\" data-e-type=\"container\">\n\t\t\t\t\t<div class=\"e-con-inner\">\n\t\t\t\t<div class=\"elementor-element elementor-element-14c1001 elementor-widget-divider--view-line elementor-widget elementor-widget-divider\" data-id=\"14c1001\" data-element_type=\"widget\" data-e-type=\"widget\" data-widget_type=\"divider.default\">\n\t\t\t\t<div class=\"elementor-widget-container\">\n\t\t\t\t\t\t\t<div class=\"elementor-divider\">\n\t\t\t<span class=\"elementor-divider-separator\">\n\t\t\t\t\t\t<\/span>\n\t\t<\/div>\n\t\t\t\t\t\t<\/div>\n\t\t\t\t<\/div>\n\t\t\t\t\t<\/div>\n\t\t\t\t<\/div>\n\t\t<div class=\"elementor-element elementor-element-95c2d36 e-flex e-con-boxed e-con e-parent\" data-id=\"95c2d36\" data-element_type=\"container\" data-e-type=\"container\">\n\t\t\t\t\t<div class=\"e-con-inner\">\n\t\t\t\t<div class=\"elementor-element elementor-element-0d985f1 elementor-widget elementor-widget-image\" data-id=\"0d985f1\" data-element_type=\"widget\" data-e-type=\"widget\" data-widget_type=\"image.default\">\n\t\t\t\t<div class=\"elementor-widget-container\">\n\t\t\t\t\t\t\t\t\t\t\t\t\t\t\t<img fetchpriority=\"high\" decoding=\"async\" width=\"640\" height=\"699\" src=\"https:\/\/dzimi-blog.de\/wp-content\/uploads\/2024\/06\/Jakobsweg_Ausweis-2-937x1024.jpg\" class=\"attachment-large size-large wp-image-691\" alt=\"\" srcset=\"https:\/\/dzimi-blog.de\/wp-content\/uploads\/2024\/06\/Jakobsweg_Ausweis-2-937x1024.jpg 937w, https:\/\/dzimi-blog.de\/wp-content\/uploads\/2024\/06\/Jakobsweg_Ausweis-2-274x300.jpg 274w, https:\/\/dzimi-blog.de\/wp-content\/uploads\/2024\/06\/Jakobsweg_Ausweis-2-768x839.jpg 768w, https:\/\/dzimi-blog.de\/wp-content\/uploads\/2024\/06\/Jakobsweg_Ausweis-2-1405x1536.jpg 1405w, https:\/\/dzimi-blog.de\/wp-content\/uploads\/2024\/06\/Jakobsweg_Ausweis-2-1874x2048.jpg 1874w\" sizes=\"(max-width: 640px) 100vw, 640px\" \/>\t\t\t\t\t\t\t\t\t\t\t\t\t\t\t<\/div>\n\t\t\t\t<\/div>\n\t\t\t\t\t<\/div>\n\t\t\t\t<\/div>\n\t\t<div class=\"elementor-element elementor-element-13e68b2 e-flex e-con-boxed e-con e-parent\" data-id=\"13e68b2\" data-element_type=\"container\" data-e-type=\"container\">\n\t\t\t\t\t<div class=\"e-con-inner\">\n\t\t\t\t<div class=\"elementor-element elementor-element-6a43759 elementor-widget elementor-widget-text-editor\" data-id=\"6a43759\" data-element_type=\"widget\" data-e-type=\"widget\" data-widget_type=\"text-editor.default\">\n\t\t\t\t<div class=\"elementor-widget-container\">\n\t\t\t\t\t\t\t\t\t<p>The original Camino-Book from 2008. <br>It was donated to me by the Emmaus community in Montpellier!<\/p>\t\t\t\t\t\t\t\t<\/div>\n\t\t\t\t<\/div>\n\t\t\t\t\t<\/div>\n\t\t\t\t<\/div>\n\t\t<div class=\"elementor-element elementor-element-c6494d3 e-flex e-con-boxed e-con e-parent\" data-id=\"c6494d3\" data-element_type=\"container\" data-e-type=\"container\">\n\t\t\t\t\t<div class=\"e-con-inner\">\n\t\t\t\t<div class=\"elementor-element elementor-element-a4a6467 elementor-widget-divider--view-line elementor-widget elementor-widget-divider\" data-id=\"a4a6467\" data-element_type=\"widget\" data-e-type=\"widget\" data-widget_type=\"divider.default\">\n\t\t\t\t<div class=\"elementor-widget-container\">\n\t\t\t\t\t\t\t<div class=\"elementor-divider\">\n\t\t\t<span class=\"elementor-divider-separator\">\n\t\t\t\t\t\t<\/span>\n\t\t<\/div>\n\t\t\t\t\t\t<\/div>\n\t\t\t\t<\/div>\n\t\t\t\t\t<\/div>\n\t\t\t\t<\/div>\n\t\t<div class=\"elementor-element elementor-element-e9dfffb e-flex e-con-boxed e-con e-parent\" data-id=\"e9dfffb\" data-element_type=\"container\" data-e-type=\"container\">\n\t\t\t\t\t<div class=\"e-con-inner\">\n\t\t\t\t<div class=\"elementor-element elementor-element-35563f1 elementor-widget elementor-widget-video\" data-id=\"35563f1\" data-element_type=\"widget\" data-e-type=\"widget\" data-settings=\"{&quot;youtube_url&quot;:&quot;https:\\\/\\\/www.youtube.com\\\/watch?v=umryo_Znn24&quot;,&quot;video_type&quot;:&quot;youtube&quot;,&quot;controls&quot;:&quot;yes&quot;}\" data-widget_type=\"video.default\">\n\t\t\t\t<div class=\"elementor-widget-container\">\n\t\t\t\t\t\t\t<div class=\"elementor-wrapper elementor-open-inline\">\n\t\t\t<div class=\"elementor-video\"><\/div>\t\t<\/div>\n\t\t\t\t\t\t<\/div>\n\t\t\t\t<\/div>\n\t\t\t\t\t<\/div>\n\t\t\t\t<\/div>\n\t\t<div class=\"elementor-element elementor-element-7c748c6 e-flex e-con-boxed e-con e-parent\" data-id=\"7c748c6\" data-element_type=\"container\" data-e-type=\"container\">\n\t\t\t\t\t<div class=\"e-con-inner\">\n\t\t\t\t<div class=\"elementor-element elementor-element-0659c8a elementor-widget-divider--view-line elementor-widget elementor-widget-divider\" data-id=\"0659c8a\" data-element_type=\"widget\" data-e-type=\"widget\" data-widget_type=\"divider.default\">\n\t\t\t\t<div class=\"elementor-widget-container\">\n\t\t\t\t\t\t\t<div class=\"elementor-divider\">\n\t\t\t<span class=\"elementor-divider-separator\">\n\t\t\t\t\t\t<\/span>\n\t\t<\/div>\n\t\t\t\t\t\t<\/div>\n\t\t\t\t<\/div>\n\t\t\t\t\t<\/div>\n\t\t\t\t<\/div>\n\t\t<div class=\"elementor-element elementor-element-b927938 e-flex e-con-boxed e-con e-parent\" data-id=\"b927938\" data-element_type=\"container\" data-e-type=\"container\">\n\t\t\t\t\t<div class=\"e-con-inner\">\n\t\t\t\t<div class=\"elementor-element elementor-element-2b0d5b2 elementor-widget-divider--view-line elementor-widget elementor-widget-divider\" data-id=\"2b0d5b2\" data-element_type=\"widget\" data-e-type=\"widget\" data-widget_type=\"divider.default\">\n\t\t\t\t<div class=\"elementor-widget-container\">\n\t\t\t\t\t\t\t<div class=\"elementor-divider\">\n\t\t\t<span class=\"elementor-divider-separator\">\n\t\t\t\t\t\t<\/span>\n\t\t<\/div>\n\t\t\t\t\t\t<\/div>\n\t\t\t\t<\/div>\n\t\t\t\t\t<\/div>\n\t\t\t\t<\/div>\n\t\t<div class=\"elementor-element elementor-element-36b3734 e-flex e-con-boxed e-con e-parent\" data-id=\"36b3734\" data-element_type=\"container\" data-e-type=\"container\">\n\t\t\t\t\t<div class=\"e-con-inner\">\n\t\t\t\t<div class=\"elementor-element elementor-element-aac2096 elementor-widget elementor-widget-text-editor\" data-id=\"aac2096\" data-element_type=\"widget\" data-e-type=\"widget\" data-widget_type=\"text-editor.default\">\n\t\t\t\t<div class=\"elementor-widget-container\">\n\t\t\t\t\t\t\t\t\t<p><i style=\"font-family: Helvetica, Arial, sans-serif; font-size: 15px; font-weight: bold;\">Again, I say to you, if two of you agree on earth about anything for which they are to pray, it shall be granted to them by my heavenly Father<br \/>(Mt 18:19 EU)\u00a0<\/i><\/p>\t\t\t\t\t\t\t\t<\/div>\n\t\t\t\t<\/div>\n\t\t\t\t\t<\/div>\n\t\t\t\t<\/div>\n\t\t<div class=\"elementor-element elementor-element-2301bd0 e-flex e-con-boxed e-con e-parent\" data-id=\"2301bd0\" data-element_type=\"container\" data-e-type=\"container\">\n\t\t\t\t\t<div class=\"e-con-inner\">\n\t\t\t\t<div class=\"elementor-element elementor-element-09334b2 elementor-widget elementor-widget-text-editor\" data-id=\"09334b2\" data-element_type=\"widget\" data-e-type=\"widget\" data-widget_type=\"text-editor.default\">\n\t\t\t\t<div class=\"elementor-widget-container\">\n\t\t\t\t\t\t\t\t\t<p>September 2025<\/p>\t\t\t\t\t\t\t\t<\/div>\n\t\t\t\t<\/div>\n\t\t\t\t\t<\/div>\n\t\t\t\t<\/div>\n\t\t\t\t<\/div>","protected":false},"excerpt":{"rendered":"<p>Denn wer bittet,\u00a0der empf\u00e4ngt;wer sucht, der findet;\u00a0und wer anklopft, dem wird ge\u00f6ffnet(Lk 11,10 EU) Im Fr\u00fchling 2008 bin ich aufgrund Trauerverarbeitung den Jakobsweg in Trier (D) gestartet. \u00dcber die Schweiz, nach Frankreich bin ich bis nach Spanien (Barcelona) gelaufen. Das geliehene Reisegeld war damals ab der Grenze zur Schweiz (Konstanz) aufgebraucht. Ab dem Einlaufen in [&hellip;]<\/p>\n","protected":false},"author":1,"featured_media":0,"parent":0,"menu_order":0,"comment_status":"closed","ping_status":"closed","template":"","meta":{"footnotes":""},"class_list":["post-429","page","type-page","status-publish","hentry"],"_links":{"self":[{"href":"https:\/\/dzimi-blog.de\/en\/wp-json\/wp\/v2\/pages\/429","targetHints":{"allow":["GET"]}}],"collection":[{"href":"https:\/\/dzimi-blog.de\/en\/wp-json\/wp\/v2\/pages"}],"about":[{"href":"https:\/\/dzimi-blog.de\/en\/wp-json\/wp\/v2\/types\/page"}],"author":[{"embeddable":true,"href":"https:\/\/dzimi-blog.de\/en\/wp-json\/wp\/v2\/users\/1"}],"replies":[{"embeddable":true,"href":"https:\/\/dzimi-blog.de\/en\/wp-json\/wp\/v2\/comments?post=429"}],"version-history":[{"count":0,"href":"https:\/\/dzimi-blog.de\/en\/wp-json\/wp\/v2\/pages\/429\/revisions"}],"wp:attachment":[{"href":"https:\/\/dzimi-blog.de\/en\/wp-json\/wp\/v2\/media?parent=429"}],"curies":[{"name":"wp","href":"https:\/\/api.w.org\/{rel}","templated":true}]}}