{"id":29,"date":"2024-01-08T14:11:35","date_gmt":"2024-01-08T14:11:35","guid":{"rendered":"http:\/\/dzimi-blog.de\/front_page"},"modified":"2026-05-02T13:46:34","modified_gmt":"2026-05-02T13:46:34","slug":"front_page","status":"publish","type":"page","link":"https:\/\/dzimi-blog.de\/es\/","title":{"rendered":"Bienvenido a"},"content":{"rendered":"<div data-elementor-type=\"wp-page\" data-elementor-id=\"29\" class=\"elementor elementor-29\" data-elementor-post-type=\"page\">\n\t\t\t\t<div class=\"elementor-element elementor-element-44d31ec7 e-flex e-con-boxed e-con e-parent\" data-id=\"44d31ec7\" data-element_type=\"container\" data-e-type=\"container\">\n\t\t\t\t\t<div class=\"e-con-inner\">\n\t\t\t\t<div class=\"elementor-element elementor-element-3bd5e89 elementor-nav-menu--dropdown-tablet elementor-nav-menu__text-align-aside elementor-nav-menu--toggle elementor-nav-menu--burger elementor-widget elementor-widget-nav-menu\" data-id=\"3bd5e89\" data-element_type=\"widget\" data-e-type=\"widget\" data-settings=\"{&quot;layout&quot;:&quot;horizontal&quot;,&quot;submenu_icon&quot;:{&quot;value&quot;:&quot;&lt;svg aria-hidden=\\&quot;true\\&quot; class=\\&quot;e-font-icon-svg e-fas-caret-down\\&quot; viewBox=\\&quot;0 0 320 512\\&quot; xmlns=\\&quot;http:\\\/\\\/www.w3.org\\\/2000\\\/svg\\&quot;&gt;&lt;path d=\\&quot;M31.3 192h257.3c17.8 0 26.7 21.5 14.1 34.1L174.1 354.8c-7.8 7.8-20.5 7.8-28.3 0L17.2 226.1C4.6 213.5 13.5 192 31.3 192z\\&quot;&gt;&lt;\\\/path&gt;&lt;\\\/svg&gt;&quot;,&quot;library&quot;:&quot;fa-solid&quot;},&quot;toggle&quot;:&quot;burger&quot;}\" data-widget_type=\"nav-menu.default\">\n\t\t\t\t<div class=\"elementor-widget-container\">\n\t\t\t\t\t\t\t\t<nav aria-label=\"Men\u00fa\" class=\"elementor-nav-menu--main elementor-nav-menu__container elementor-nav-menu--layout-horizontal e--pointer-underline e--animation-fade\">\n\t\t\t\t<ul id=\"menu-1-3bd5e89\" class=\"elementor-nav-menu\"><li class=\"menu-item menu-item-type-post_type menu-item-object-page menu-item-home menu-item-31\"><a href=\"https:\/\/dzimi-blog.de\/es\/\" class=\"elementor-item\">P\u00e1gina de inicio<\/a><\/li>\n<li class=\"menu-item menu-item-type-post_type menu-item-object-page menu-item-1649\"><a href=\"https:\/\/dzimi-blog.de\/es\/elementor-seite-1647\" class=\"elementor-item\">Mi Camino de Santiago<\/a><\/li>\n<li class=\"menu-item menu-item-type-post_type menu-item-object-page menu-item-713\"><a href=\"https:\/\/dzimi-blog.de\/es\/projekt-schizophrenie-meistern\" class=\"elementor-item\">\u00a1Dominar la fase esquizofr\u00e9nica de la vida!<\/a><\/li>\n<li class=\"menu-item menu-item-type-post_type menu-item-object-page menu-item-397\"><a href=\"https:\/\/dzimi-blog.de\/es\/zusaetzliches\" class=\"elementor-item\">M\u00e1s informaci\u00f3n en<\/a><\/li>\n<li class=\"menu-item menu-item-type-post_type menu-item-object-page menu-item-1862\"><a href=\"https:\/\/dzimi-blog.de\/es\/dzimi-ante-portas-der-weg-nach-rom-2027\" class=\"elementor-item\">Dzimi Ante Portas - el camino a Roma<\/a><\/li>\n<li class=\"menu-item menu-item-type-post_type menu-item-object-page menu-item-2184\"><a href=\"https:\/\/dzimi-blog.de\/es\/kroatien\" class=\"elementor-item\">Croacia<\/a><\/li>\n<li class=\"menu-item menu-item-type-post_type menu-item-object-page menu-item-2465\"><a href=\"https:\/\/dzimi-blog.de\/es\/elementor-2458\" class=\"elementor-item\">Rocamadour 2026<\/a><\/li>\n<li class=\"menu-item menu-item-type-post_type menu-item-object-page menu-item-privacy-policy menu-item-1226\"><a rel=\"privacy-policy\" href=\"https:\/\/dzimi-blog.de\/es\/privacy-policy\" class=\"elementor-item\">Pol\u00edtica de privacidad<\/a><\/li>\n<\/ul>\t\t\t<\/nav>\n\t\t\t\t\t<div class=\"elementor-menu-toggle\" role=\"button\" tabindex=\"0\" aria-label=\"Alternar men\u00fa\" aria-expanded=\"false\">\n\t\t\t<svg aria-hidden=\"true\" role=\"presentation\" class=\"elementor-menu-toggle__icon--open e-font-icon-svg e-eicon-menu-bar\" viewbox=\"0 0 1000 1000\" xmlns=\"http:\/\/www.w3.org\/2000\/svg\"><path d=\"M104 333H896C929 333 958 304 958 271S929 208 896 208H104C71 208 42 237 42 271S71 333 104 333ZM104 583H896C929 583 958 554 958 521S929 458 896 458H104C71 458 42 487 42 521S71 583 104 583ZM104 833H896C929 833 958 804 958 771S929 708 896 708H104C71 708 42 737 42 771S71 833 104 833Z\"><\/path><\/svg><svg aria-hidden=\"true\" role=\"presentation\" class=\"elementor-menu-toggle__icon--close e-font-icon-svg e-eicon-close\" viewbox=\"0 0 1000 1000\" xmlns=\"http:\/\/www.w3.org\/2000\/svg\"><path d=\"M742 167L500 408 258 167C246 154 233 150 217 150 196 150 179 158 167 167 154 179 150 196 150 212 150 229 154 242 171 254L408 500 167 742C138 771 138 800 167 829 196 858 225 858 254 829L496 587 738 829C750 842 767 846 783 846 800 846 817 842 829 829 842 817 846 804 846 783 846 767 842 750 829 737L588 500 833 258C863 229 863 200 833 171 804 137 775 137 742 167Z\"><\/path><\/svg>\t\t<\/div>\n\t\t\t\t\t<nav class=\"elementor-nav-menu--dropdown elementor-nav-menu__container\" aria-hidden=\"true\">\n\t\t\t\t<ul id=\"menu-2-3bd5e89\" class=\"elementor-nav-menu\"><li class=\"menu-item menu-item-type-post_type menu-item-object-page menu-item-home menu-item-31\"><a href=\"https:\/\/dzimi-blog.de\/es\/\" class=\"elementor-item\" tabindex=\"-1\">P\u00e1gina de inicio<\/a><\/li>\n<li class=\"menu-item menu-item-type-post_type menu-item-object-page menu-item-1649\"><a href=\"https:\/\/dzimi-blog.de\/es\/elementor-seite-1647\" class=\"elementor-item\" tabindex=\"-1\">Mi Camino de Santiago<\/a><\/li>\n<li class=\"menu-item menu-item-type-post_type menu-item-object-page menu-item-713\"><a href=\"https:\/\/dzimi-blog.de\/es\/projekt-schizophrenie-meistern\" class=\"elementor-item\" tabindex=\"-1\">\u00a1Dominar la fase esquizofr\u00e9nica de la vida!<\/a><\/li>\n<li class=\"menu-item menu-item-type-post_type menu-item-object-page menu-item-397\"><a href=\"https:\/\/dzimi-blog.de\/es\/zusaetzliches\" class=\"elementor-item\" tabindex=\"-1\">M\u00e1s informaci\u00f3n en<\/a><\/li>\n<li class=\"menu-item menu-item-type-post_type menu-item-object-page menu-item-1862\"><a href=\"https:\/\/dzimi-blog.de\/es\/dzimi-ante-portas-der-weg-nach-rom-2027\" class=\"elementor-item\" tabindex=\"-1\">Dzimi Ante Portas - el camino a Roma<\/a><\/li>\n<li class=\"menu-item menu-item-type-post_type menu-item-object-page menu-item-2184\"><a href=\"https:\/\/dzimi-blog.de\/es\/kroatien\" class=\"elementor-item\" tabindex=\"-1\">Croacia<\/a><\/li>\n<li class=\"menu-item menu-item-type-post_type menu-item-object-page menu-item-2465\"><a href=\"https:\/\/dzimi-blog.de\/es\/elementor-2458\" class=\"elementor-item\" tabindex=\"-1\">Rocamadour 2026<\/a><\/li>\n<li class=\"menu-item menu-item-type-post_type menu-item-object-page menu-item-privacy-policy menu-item-1226\"><a rel=\"privacy-policy\" href=\"https:\/\/dzimi-blog.de\/es\/privacy-policy\" class=\"elementor-item\" tabindex=\"-1\">Pol\u00edtica de privacidad<\/a><\/li>\n<\/ul>\t\t\t<\/nav>\n\t\t\t\t\t\t<\/div>\n\t\t\t\t<\/div>\n\t\t\t\t\t<\/div>\n\t\t\t\t<\/div>\n\t\t<div class=\"elementor-element elementor-element-d3b6de2 e-flex e-con-boxed e-con e-parent\" data-id=\"d3b6de2\" data-element_type=\"container\" data-e-type=\"container\">\n\t\t\t\t\t<div class=\"e-con-inner\">\n\t\t\t\t<div class=\"elementor-element elementor-element-7b2b2eb elementor-widget elementor-widget-text-editor\" data-id=\"7b2b2eb\" data-element_type=\"widget\" data-e-type=\"widget\" data-widget_type=\"text-editor.default\">\n\t\t\t\t<div class=\"elementor-widget-container\">\n\t\t\t\t\t\t\t\t\t<p><u style=\"color: var( --e-global-color-text ); font-family: var( --e-global-typography-text-font-family ), Sans-serif; font-weight: var( --e-global-typography-text-font-weight ); text-align: var(--text-align);\"><br \/>Bienvenido al blog de Dzimi Sokcevic.<\/u><\/p><p>Con los siguientes informes y, sobre todo, fotos, me gustar\u00eda presentarte mi mundo.<\/p><p>Mi blog est\u00e1 organizado cronol\u00f3gicamente y empez\u00f3 hace unos 5 a\u00f1os (2021). La idea surgi\u00f3 de mi entorno. Sobre todo, mis amigos, compa\u00f1eros y mi psic\u00f3logo me animaron a presentar mis experiencias de mi vida y mi enfermedad.<\/p><p>El blog se centra en mi enfermedad esquizofrenia, mi Camino de Santiago con final definitivo en primavera de 2026, peregrinaciones en general y \u00a1mi vida! (\u00a1El mundo de Dzimi!) \ud83d\ude09<\/p><p><u>Actualizaci\u00f3n:<br \/><\/u>\u2013 Camino de Santiago 5\/5 en Laufen\u00a0<\/p><p>\u00a0<\/p>\t\t\t\t\t\t\t\t<\/div>\n\t\t\t\t<\/div>\n\t\t\t\t\t<\/div>\n\t\t\t\t<\/div>\n\t\t<div class=\"elementor-element elementor-element-cc608da e-flex e-con-boxed e-con e-parent\" data-id=\"cc608da\" data-element_type=\"container\" data-e-type=\"container\">\n\t\t\t\t\t<div class=\"e-con-inner\">\n\t\t\t\t<div class=\"elementor-element elementor-element-4abaa7b elementor-widget elementor-widget-text-editor\" data-id=\"4abaa7b\" data-element_type=\"widget\" data-e-type=\"widget\" data-widget_type=\"text-editor.default\">\n\t\t\t\t<div class=\"elementor-widget-container\">\n\t\t\t\t\t\t\t\t\t<p><span style=\"font-weight: bold;\">Me gustar\u00eda motivar a mis compa\u00f1eros para que<\/span>, inspirarme en mis \u00e9xitos y, si es necesario, crear una\u00a0<span style=\"font-weight: bold;\">seguir un camino similar<\/span>. (\u00a1El Camino de la vida! \ud83d\ude09 )<\/p><p>\u00a1Espero que disfrutes leyendo y mirando mi blog!<\/p><p>Dzimi Sokcevic<\/p>\t\t\t\t\t\t\t\t<\/div>\n\t\t\t\t<\/div>\n\t\t\t\t\t<\/div>\n\t\t\t\t<\/div>\n\t\t<div class=\"elementor-element elementor-element-9be9a43 e-flex e-con-boxed e-con e-parent\" data-id=\"9be9a43\" data-element_type=\"container\" data-e-type=\"container\">\n\t\t\t\t\t<div class=\"e-con-inner\">\n\t\t\t\t<div class=\"elementor-element elementor-element-3cce9bd elementor-widget-divider--view-line elementor-widget elementor-widget-divider\" data-id=\"3cce9bd\" data-element_type=\"widget\" data-e-type=\"widget\" data-widget_type=\"divider.default\">\n\t\t\t\t<div class=\"elementor-widget-container\">\n\t\t\t\t\t\t\t<div class=\"elementor-divider\">\n\t\t\t<span class=\"elementor-divider-separator\">\n\t\t\t\t\t\t<\/span>\n\t\t<\/div>\n\t\t\t\t\t\t<\/div>\n\t\t\t\t<\/div>\n\t\t\t\t\t<\/div>\n\t\t\t\t<\/div>\n\t\t<div class=\"elementor-element elementor-element-5bc257d e-flex e-con-boxed e-con e-parent\" data-id=\"5bc257d\" data-element_type=\"container\" data-e-type=\"container\">\n\t\t\t\t\t<div class=\"e-con-inner\">\n\t\t\t\t<div class=\"elementor-element elementor-element-d4d7831 elementor-widget elementor-widget-video\" data-id=\"d4d7831\" data-element_type=\"widget\" data-e-type=\"widget\" data-settings=\"{&quot;youtube_url&quot;:&quot;https:\\\/\\\/www.youtube.com\\\/watch?v=gYvM7_zM4Xs&quot;,&quot;video_type&quot;:&quot;youtube&quot;,&quot;controls&quot;:&quot;yes&quot;}\" data-widget_type=\"video.default\">\n\t\t\t\t<div class=\"elementor-widget-container\">\n\t\t\t\t\t\t\t<div class=\"elementor-wrapper elementor-open-inline\">\n\t\t\t<div class=\"elementor-video\"><\/div>\t\t<\/div>\n\t\t\t\t\t\t<\/div>\n\t\t\t\t<\/div>\n\t\t\t\t\t<\/div>\n\t\t\t\t<\/div>\n\t\t<div class=\"elementor-element elementor-element-f8e94ce e-flex e-con-boxed e-con e-parent\" data-id=\"f8e94ce\" data-element_type=\"container\" data-e-type=\"container\">\n\t\t\t\t\t<div class=\"e-con-inner\">\n\t\t\t\t<div class=\"elementor-element elementor-element-6dd40c8 elementor-widget elementor-widget-text-editor\" data-id=\"6dd40c8\" data-element_type=\"widget\" data-e-type=\"widget\" data-widget_type=\"text-editor.default\">\n\t\t\t\t<div class=\"elementor-widget-container\">\n\t\t\t\t\t\t\t\t\t<p><i>Pater Noster - Padre Nuestro, la oraci\u00f3n de los cristianos<\/i><\/p>\t\t\t\t\t\t\t\t<\/div>\n\t\t\t\t<\/div>\n\t\t\t\t\t<\/div>\n\t\t\t\t<\/div>\n\t\t<div class=\"elementor-element elementor-element-767f720 e-flex e-con-boxed e-con e-parent\" data-id=\"767f720\" data-element_type=\"container\" data-e-type=\"container\">\n\t\t\t\t\t<div class=\"e-con-inner\">\n\t\t\t\t<div class=\"elementor-element elementor-element-780bf4e elementor-widget-divider--view-line elementor-widget elementor-widget-divider\" data-id=\"780bf4e\" data-element_type=\"widget\" data-e-type=\"widget\" data-widget_type=\"divider.default\">\n\t\t\t\t<div class=\"elementor-widget-container\">\n\t\t\t\t\t\t\t<div class=\"elementor-divider\">\n\t\t\t<span class=\"elementor-divider-separator\">\n\t\t\t\t\t\t<\/span>\n\t\t<\/div>\n\t\t\t\t\t\t<\/div>\n\t\t\t\t<\/div>\n\t\t\t\t\t<\/div>\n\t\t\t\t<\/div>\n\t\t<div class=\"elementor-element elementor-element-267e1c6 e-flex e-con-boxed e-con e-parent\" data-id=\"267e1c6\" data-element_type=\"container\" data-e-type=\"container\">\n\t\t\t\t\t<div class=\"e-con-inner\">\n\t\t\t\t<div class=\"elementor-element elementor-element-89a4cc4 elementor-widget elementor-widget-text-editor\" data-id=\"89a4cc4\" data-element_type=\"widget\" data-e-type=\"widget\" data-widget_type=\"text-editor.default\">\n\t\t\t\t<div class=\"elementor-widget-container\">\n\t\t\t\t\t\t\t\t\t<p>La pregunta m\u00e1s frecuente que me hacen sobre el Camino de Santiago es:<\/p><p class=\"translation-block\"><i><span style=\"font-weight: bold\">\u201e\u00bfD\u00f3nde empieza el Camino de Santiago?\u201c<br><\/span><\/i>Mi respuesta sincera:<br><i><span style=\"font-weight: bold\">\u201e\u00a1En la puerta de tu casa \ud83d\ude09 !\u201c<br><\/span><\/i><br>Olv\u00eddate de trotamundos, vuelos o paracaidismo: \u00a1El Camino de Santiago puede ser el reto definitivo en muchos sentidos! Ll\u00e9vate s\u00f3lo lo imprescindible (5 tipos de ropa, dinero para 3 meses y una botella de agua para rellenar ;-)).<\/p><p>A\u00fan me quedan 200 kil\u00f3metros por recorrer y no me arrepiento ni de un euro gastado ni de una ampolla en el pie (ya he recorrido unos 2.500 kil\u00f3metros).<\/p><p class=\"translation-block\">En la puerta de la iglesia de Santiago Ap\u00f3stol de R\u00fcdesheim reza:<br><i>- Lleva una vida temerosa de Dios durante tu peregrinaci\u00f3n -<br><\/i> \u00a1Que este dicho se convierta tambi\u00e9n en tu lema!<\/p>\t\t\t\t\t\t\t\t<\/div>\n\t\t\t\t<\/div>\n\t\t\t\t\t<\/div>\n\t\t\t\t<\/div>\n\t\t<div class=\"elementor-element elementor-element-7e6dc1a e-flex e-con-boxed e-con e-parent\" data-id=\"7e6dc1a\" data-element_type=\"container\" data-e-type=\"container\">\n\t\t\t\t\t<div class=\"e-con-inner\">\n\t\t\t\t<div class=\"elementor-element elementor-element-a72fc6a elementor-widget elementor-widget-image\" data-id=\"a72fc6a\" data-element_type=\"widget\" data-e-type=\"widget\" data-widget_type=\"image.default\">\n\t\t\t\t<div class=\"elementor-widget-container\">\n\t\t\t\t\t\t\t\t\t\t\t\t\t\t\t<img fetchpriority=\"high\" decoding=\"async\" width=\"640\" height=\"480\" src=\"https:\/\/dzimi-blog.de\/wp-content\/uploads\/2024\/08\/Buen_Camino-1024x768.jpg\" class=\"attachment-large size-large wp-image-832\" alt=\"\" srcset=\"https:\/\/dzimi-blog.de\/wp-content\/uploads\/2024\/08\/Buen_Camino-1024x768.jpg 1024w, https:\/\/dzimi-blog.de\/wp-content\/uploads\/2024\/08\/Buen_Camino-300x225.jpg 300w, https:\/\/dzimi-blog.de\/wp-content\/uploads\/2024\/08\/Buen_Camino-768x576.jpg 768w, https:\/\/dzimi-blog.de\/wp-content\/uploads\/2024\/08\/Buen_Camino-1536x1152.jpg 1536w, https:\/\/dzimi-blog.de\/wp-content\/uploads\/2024\/08\/Buen_Camino.jpg 2048w\" sizes=\"(max-width: 640px) 100vw, 640px\" \/>\t\t\t\t\t\t\t\t\t\t\t\t\t\t\t<\/div>\n\t\t\t\t<\/div>\n\t\t\t\t\t<\/div>\n\t\t\t\t<\/div>\n\t\t<div class=\"elementor-element elementor-element-e1eb457 e-flex e-con-boxed e-con e-parent\" data-id=\"e1eb457\" data-element_type=\"container\" data-e-type=\"container\">\n\t\t\t\t\t<div class=\"e-con-inner\">\n\t\t\t\t<div class=\"elementor-element elementor-element-69dc651 elementor-widget elementor-widget-text-editor\" data-id=\"69dc651\" data-element_type=\"widget\" data-e-type=\"widget\" data-widget_type=\"text-editor.default\">\n\t\t\t\t<div class=\"elementor-widget-container\">\n\t\t\t\t\t\t\t\t\t<p class=\"translation-block\">...en la subida de los Pirineos (Camino Reload II\/V) hab\u00eda compa\u00f1eros de viaje (al lado del camino) que nos motivaban (a los corredores) con las palabras: <i>\u201e\u00a1BUEN CAMINO!\u201c<\/i><br>Cuando pas\u00e9 la noche en St. Jean de Port (punto de partida en los Pirineos), el due\u00f1o del hotel tambi\u00e9n me dijo: <i>\u201e\u00a1BUEN CAMINO!\u201c<\/i><br>En aquel momento, pesaba unos 170 kg... \ud83d\ude09 pero estaba en buena forma gracias a mi trabajo (servicio m\u00f3vil) en Deutsche Bahn. Adem\u00e1s, \u00a1las botas las estren\u00e9 de camino a Lourdes (Camino Reload I\/V)!<\/p>\t\t\t\t\t\t\t\t<\/div>\n\t\t\t\t<\/div>\n\t\t\t\t\t<\/div>\n\t\t\t\t<\/div>\n\t\t<div class=\"elementor-element elementor-element-a3ec340 e-flex e-con-boxed e-con e-parent\" data-id=\"a3ec340\" data-element_type=\"container\" data-e-type=\"container\">\n\t\t\t\t\t<div class=\"e-con-inner\">\n\t\t\t\t<div class=\"elementor-element elementor-element-c464709 elementor-widget-divider--view-line elementor-widget elementor-widget-divider\" data-id=\"c464709\" data-element_type=\"widget\" data-e-type=\"widget\" data-widget_type=\"divider.default\">\n\t\t\t\t<div class=\"elementor-widget-container\">\n\t\t\t\t\t\t\t<div class=\"elementor-divider\">\n\t\t\t<span class=\"elementor-divider-separator\">\n\t\t\t\t\t\t<\/span>\n\t\t<\/div>\n\t\t\t\t\t\t<\/div>\n\t\t\t\t<\/div>\n\t\t\t\t\t<\/div>\n\t\t\t\t<\/div>\n\t\t<div class=\"elementor-element elementor-element-a773260 e-flex e-con-boxed e-con e-parent\" data-id=\"a773260\" data-element_type=\"container\" data-e-type=\"container\">\n\t\t\t\t\t<div class=\"e-con-inner\">\n\t\t\t\t<div class=\"elementor-element elementor-element-92f9f86 elementor-widget elementor-widget-image\" data-id=\"92f9f86\" data-element_type=\"widget\" data-e-type=\"widget\" data-widget_type=\"image.default\">\n\t\t\t\t<div class=\"elementor-widget-container\">\n\t\t\t\t\t\t\t\t\t\t\t\t\t\t\t<img decoding=\"async\" width=\"640\" height=\"480\" src=\"https:\/\/dzimi-blog.de\/wp-content\/uploads\/2026\/05\/IMG_1213-1-1024x768.jpeg\" class=\"attachment-large size-large wp-image-2651\" alt=\"\" srcset=\"https:\/\/dzimi-blog.de\/wp-content\/uploads\/2026\/05\/IMG_1213-1-1024x768.jpeg 1024w, https:\/\/dzimi-blog.de\/wp-content\/uploads\/2026\/05\/IMG_1213-1-300x225.jpeg 300w, https:\/\/dzimi-blog.de\/wp-content\/uploads\/2026\/05\/IMG_1213-1-768x576.jpeg 768w, https:\/\/dzimi-blog.de\/wp-content\/uploads\/2026\/05\/IMG_1213-1-1536x1152.jpeg 1536w, https:\/\/dzimi-blog.de\/wp-content\/uploads\/2026\/05\/IMG_1213-1-2048x1536.jpeg 2048w, https:\/\/dzimi-blog.de\/wp-content\/uploads\/2026\/05\/IMG_1213-1-16x12.jpeg 16w\" sizes=\"(max-width: 640px) 100vw, 640px\" \/>\t\t\t\t\t\t\t\t\t\t\t\t\t\t\t<\/div>\n\t\t\t\t<\/div>\n\t\t\t\t\t<\/div>\n\t\t\t\t<\/div>\n\t\t<div class=\"elementor-element elementor-element-31b4891 e-flex e-con-boxed e-con e-parent\" data-id=\"31b4891\" data-element_type=\"container\" data-e-type=\"container\">\n\t\t\t\t\t<div class=\"e-con-inner\">\n\t\t\t\t<div class=\"elementor-element elementor-element-c9d8b03 elementor-widget elementor-widget-text-editor\" data-id=\"c9d8b03\" data-element_type=\"widget\" data-e-type=\"widget\" data-widget_type=\"text-editor.default\">\n\t\t\t\t<div class=\"elementor-widget-container\">\n\t\t\t\t\t\t\t\t\t<p>La foto favorita actual de Dzimi del Camino de Santiago hasta ahora. La foto fue tomada cerca de Villafranca del Bierzo en Espa\u00f1a en la etapa 5 (2026). Poco antes de <b>Tor der Vergebung<\/b> (Iglesia para la indulgencia plenaria en caso de enfermedad)<\/p>\t\t\t\t\t\t\t\t<\/div>\n\t\t\t\t<\/div>\n\t\t\t\t\t<\/div>\n\t\t\t\t<\/div>\n\t\t<div class=\"elementor-element elementor-element-f969ef4 e-flex e-con-boxed e-con e-parent\" data-id=\"f969ef4\" data-element_type=\"container\" data-e-type=\"container\">\n\t\t\t\t\t<div class=\"e-con-inner\">\n\t\t\t\t<div class=\"elementor-element elementor-element-aeda92b elementor-widget-divider--view-line elementor-widget elementor-widget-divider\" data-id=\"aeda92b\" data-element_type=\"widget\" data-e-type=\"widget\" data-widget_type=\"divider.default\">\n\t\t\t\t<div class=\"elementor-widget-container\">\n\t\t\t\t\t\t\t<div class=\"elementor-divider\">\n\t\t\t<span class=\"elementor-divider-separator\">\n\t\t\t\t\t\t<\/span>\n\t\t<\/div>\n\t\t\t\t\t\t<\/div>\n\t\t\t\t<\/div>\n\t\t\t\t\t<\/div>\n\t\t\t\t<\/div>\n\t\t<div class=\"elementor-element elementor-element-9fc0147 e-flex e-con-boxed e-con e-parent\" data-id=\"9fc0147\" data-element_type=\"container\" data-e-type=\"container\">\n\t\t\t\t\t<div class=\"e-con-inner\">\n\t\t\t\t<div class=\"elementor-element elementor-element-a60ce59 elementor-widget elementor-widget-text-editor\" data-id=\"a60ce59\" data-element_type=\"widget\" data-e-type=\"widget\" data-widget_type=\"text-editor.default\">\n\t\t\t\t<div class=\"elementor-widget-container\">\n\t\t\t\t\t\t\t\t\t<p>Para m\u00ed, ha sido el serm\u00f3n m\u00e1s hermoso que he escuchado nunca:<br \/><a href=\"https:\/\/www.youtube.com\/watch?v=8QTiPa8qniQ\" target=\"_blank\" rel=\"noopener\">Solemnidad de la Epifan\u00eda del Se\u00f1or - Serm\u00f3n del Arzobispo Rainer Cardenal Woelki en la Catedral de Colonia<\/a><\/p>\t\t\t\t\t\t\t\t<\/div>\n\t\t\t\t<\/div>\n\t\t\t\t\t<\/div>\n\t\t\t\t<\/div>\n\t\t<div class=\"elementor-element elementor-element-2ac1b89 e-flex e-con-boxed e-con e-parent\" data-id=\"2ac1b89\" data-element_type=\"container\" data-e-type=\"container\">\n\t\t\t\t\t<div class=\"e-con-inner\">\n\t\t\t\t<div class=\"elementor-element elementor-element-5c63b08 elementor-widget-divider--view-line elementor-widget elementor-widget-divider\" data-id=\"5c63b08\" data-element_type=\"widget\" data-e-type=\"widget\" data-widget_type=\"divider.default\">\n\t\t\t\t<div class=\"elementor-widget-container\">\n\t\t\t\t\t\t\t<div class=\"elementor-divider\">\n\t\t\t<span class=\"elementor-divider-separator\">\n\t\t\t\t\t\t<\/span>\n\t\t<\/div>\n\t\t\t\t\t\t<\/div>\n\t\t\t\t<\/div>\n\t\t\t\t\t<\/div>\n\t\t\t\t<\/div>\n\t\t<div class=\"elementor-element elementor-element-762e805 e-flex e-con-boxed e-con e-parent\" data-id=\"762e805\" data-element_type=\"container\" data-e-type=\"container\">\n\t\t\t\t\t<div class=\"e-con-inner\">\n\t\t\t\t<div class=\"elementor-element elementor-element-a57cc2b elementor-widget elementor-widget-text-editor\" data-id=\"a57cc2b\" data-element_type=\"widget\" data-e-type=\"widget\" data-widget_type=\"text-editor.default\">\n\t\t\t\t<div class=\"elementor-widget-container\">\n\t\t\t\t\t\t\t\t\t<p class=\"translation-block\"><i style=\"color: var( --e-global-color-text );font-family: var( --e-global-typography-text-font-family ), Sans-serif;font-weight: var( --e-global-typography-text-font-weight );text-align: var(--text-align)\">\u201ePara saber lo que es un ancla, necesitamos la tormenta.\u201c<\/i><span style=\"color: var( --e-global-color-text );font-family: var( --e-global-typography-text-font-family ), Sans-serif;font-weight: var( --e-global-typography-text-font-weight );text-align: var(--text-align)\"> <\/span><span style=\"color: var( --e-global-color-text );font-family: var( --e-global-typography-text-font-family ), Sans-serif;font-weight: var( --e-global-typography-text-font-weight );text-align: var(--text-align)\">- Corrie ten Boom -<\/span><\/p>\t\t\t\t\t\t\t\t<\/div>\n\t\t\t\t<\/div>\n\t\t\t\t\t<\/div>\n\t\t\t\t<\/div>\n\t\t\t\t<\/div>","protected":false},"excerpt":{"rendered":"<p>Willkommen auf dem Blog von Dzimi Sokcevic. Mit den folgenden Berichten und vor allem Bildern m\u00f6chte ich Euch meine Welt vorstellen! Mein Blog ist chronologisch aufgebaut und wurde vor ca. 5 Jahren gestartet (2021). Die Idee daf\u00fcr kam aus meinem Umfeld. Vor allem meine Freunde, Begleiter und meine Psychologin haben mich dazu gest\u00e4rkt, meine Erfahrungen [&hellip;]<\/p>\n","protected":false},"author":1,"featured_media":0,"parent":0,"menu_order":0,"comment_status":"closed","ping_status":"closed","template":"","meta":{"footnotes":""},"class_list":["post-29","page","type-page","status-publish","hentry"],"_links":{"self":[{"href":"https:\/\/dzimi-blog.de\/es\/wp-json\/wp\/v2\/pages\/29","targetHints":{"allow":["GET"]}}],"collection":[{"href":"https:\/\/dzimi-blog.de\/es\/wp-json\/wp\/v2\/pages"}],"about":[{"href":"https:\/\/dzimi-blog.de\/es\/wp-json\/wp\/v2\/types\/page"}],"author":[{"embeddable":true,"href":"https:\/\/dzimi-blog.de\/es\/wp-json\/wp\/v2\/users\/1"}],"replies":[{"embeddable":true,"href":"https:\/\/dzimi-blog.de\/es\/wp-json\/wp\/v2\/comments?post=29"}],"version-history":[{"count":0,"href":"https:\/\/dzimi-blog.de\/es\/wp-json\/wp\/v2\/pages\/29\/revisions"}],"wp:attachment":[{"href":"https:\/\/dzimi-blog.de\/es\/wp-json\/wp\/v2\/media?parent=29"}],"curies":[{"name":"wp","href":"https:\/\/api.w.org\/{rel}","templated":true}]}}