{"id":429,"date":"2024-03-30T10:11:14","date_gmt":"2024-03-30T10:11:14","guid":{"rendered":"https:\/\/dzimi-blog.de\/?page_id=429"},"modified":"2025-09-30T03:53:58","modified_gmt":"2025-09-30T03:53:58","slug":"jakobsweg-2008","status":"publish","type":"page","link":"https:\/\/dzimi-blog.de\/es\/jakobsweg-2008","title":{"rendered":"El primer Camino de Santiago (2008)"},"content":{"rendered":"<div data-elementor-type=\"wp-post\" data-elementor-id=\"429\" class=\"elementor elementor-429\" data-elementor-post-type=\"page\">\n\t\t\t\t<div class=\"elementor-element elementor-element-d4a0e1a e-flex e-con-boxed e-con e-parent\" data-id=\"d4a0e1a\" data-element_type=\"container\" data-e-type=\"container\">\n\t\t\t\t\t<div class=\"e-con-inner\">\n\t\t\t\t<div class=\"elementor-element elementor-element-7cb6237 elementor-nav-menu--dropdown-tablet elementor-nav-menu__text-align-aside elementor-nav-menu--toggle elementor-nav-menu--burger elementor-widget elementor-widget-nav-menu\" data-id=\"7cb6237\" data-element_type=\"widget\" data-e-type=\"widget\" data-settings=\"{&quot;layout&quot;:&quot;horizontal&quot;,&quot;submenu_icon&quot;:{&quot;value&quot;:&quot;&lt;svg aria-hidden=\\&quot;true\\&quot; class=\\&quot;e-font-icon-svg e-fas-caret-down\\&quot; viewBox=\\&quot;0 0 320 512\\&quot; xmlns=\\&quot;http:\\\/\\\/www.w3.org\\\/2000\\\/svg\\&quot;&gt;&lt;path d=\\&quot;M31.3 192h257.3c17.8 0 26.7 21.5 14.1 34.1L174.1 354.8c-7.8 7.8-20.5 7.8-28.3 0L17.2 226.1C4.6 213.5 13.5 192 31.3 192z\\&quot;&gt;&lt;\\\/path&gt;&lt;\\\/svg&gt;&quot;,&quot;library&quot;:&quot;fa-solid&quot;},&quot;toggle&quot;:&quot;burger&quot;}\" data-widget_type=\"nav-menu.default\">\n\t\t\t\t<div class=\"elementor-widget-container\">\n\t\t\t\t\t\t\t\t<nav aria-label=\"Men\u00fa\" class=\"elementor-nav-menu--main elementor-nav-menu__container elementor-nav-menu--layout-horizontal e--pointer-underline e--animation-fade\">\n\t\t\t\t<ul id=\"menu-1-7cb6237\" class=\"elementor-nav-menu\"><li class=\"menu-item menu-item-type-post_type menu-item-object-page menu-item-home menu-item-1673\"><a href=\"https:\/\/dzimi-blog.de\/es\/\" class=\"elementor-item\">Bienvenido a<\/a><\/li>\n<li class=\"menu-item menu-item-type-post_type menu-item-object-page menu-item-1657\"><a href=\"https:\/\/dzimi-blog.de\/es\/jakobsweg-2008\" class=\"elementor-item\">El primer Camino de Santiago (2008)<\/a><\/li>\n<li class=\"menu-item menu-item-type-post_type menu-item-object-page menu-item-1659\"><a href=\"https:\/\/dzimi-blog.de\/es\/blog\" class=\"elementor-item\">Camino de Santiago etapa 1 de 5 (2021)<\/a><\/li>\n<li class=\"menu-item menu-item-type-post_type menu-item-object-page menu-item-1658\"><a href=\"https:\/\/dzimi-blog.de\/es\/jakobsweg-etappe-2-von-5-2022\" class=\"elementor-item\">Camino de Santiago etapa 2 de 5 (2022)<\/a><\/li>\n<li class=\"menu-item menu-item-type-post_type menu-item-object-page menu-item-1656\"><a href=\"https:\/\/dzimi-blog.de\/es\/jakobsweg-etappe-3-von-5-2023\" class=\"elementor-item\">Camino de Santiago etapa 3 de 5 (2023)<\/a><\/li>\n<li class=\"menu-item menu-item-type-post_type menu-item-object-page menu-item-1655\"><a href=\"https:\/\/dzimi-blog.de\/es\/jakobsweg-etappe-4-von-5-2024\" class=\"elementor-item\">Camino de Santiago etapa 4 de 5 (2024)<\/a><\/li>\n<li class=\"menu-item menu-item-type-post_type menu-item-object-page menu-item-1654\"><a href=\"https:\/\/dzimi-blog.de\/es\/jakobsweg-etappe-5-von-5-10-2025\" class=\"elementor-item\">Camino de Santiago etapa 5 de 5 (2026)<\/a><\/li>\n<\/ul>\t\t\t<\/nav>\n\t\t\t\t\t<div class=\"elementor-menu-toggle\" role=\"button\" tabindex=\"0\" aria-label=\"Alternar men\u00fa\" aria-expanded=\"false\">\n\t\t\t<svg aria-hidden=\"true\" role=\"presentation\" class=\"elementor-menu-toggle__icon--open e-font-icon-svg e-eicon-menu-bar\" viewbox=\"0 0 1000 1000\" xmlns=\"http:\/\/www.w3.org\/2000\/svg\"><path d=\"M104 333H896C929 333 958 304 958 271S929 208 896 208H104C71 208 42 237 42 271S71 333 104 333ZM104 583H896C929 583 958 554 958 521S929 458 896 458H104C71 458 42 487 42 521S71 583 104 583ZM104 833H896C929 833 958 804 958 771S929 708 896 708H104C71 708 42 737 42 771S71 833 104 833Z\"><\/path><\/svg><svg aria-hidden=\"true\" role=\"presentation\" class=\"elementor-menu-toggle__icon--close e-font-icon-svg e-eicon-close\" viewbox=\"0 0 1000 1000\" xmlns=\"http:\/\/www.w3.org\/2000\/svg\"><path d=\"M742 167L500 408 258 167C246 154 233 150 217 150 196 150 179 158 167 167 154 179 150 196 150 212 150 229 154 242 171 254L408 500 167 742C138 771 138 800 167 829 196 858 225 858 254 829L496 587 738 829C750 842 767 846 783 846 800 846 817 842 829 829 842 817 846 804 846 783 846 767 842 750 829 737L588 500 833 258C863 229 863 200 833 171 804 137 775 137 742 167Z\"><\/path><\/svg>\t\t<\/div>\n\t\t\t\t\t<nav class=\"elementor-nav-menu--dropdown elementor-nav-menu__container\" aria-hidden=\"true\">\n\t\t\t\t<ul id=\"menu-2-7cb6237\" class=\"elementor-nav-menu\"><li class=\"menu-item menu-item-type-post_type menu-item-object-page menu-item-home menu-item-1673\"><a href=\"https:\/\/dzimi-blog.de\/es\/\" class=\"elementor-item\" tabindex=\"-1\">Bienvenido a<\/a><\/li>\n<li class=\"menu-item menu-item-type-post_type menu-item-object-page menu-item-1657\"><a href=\"https:\/\/dzimi-blog.de\/es\/jakobsweg-2008\" class=\"elementor-item\" tabindex=\"-1\">El primer Camino de Santiago (2008)<\/a><\/li>\n<li class=\"menu-item menu-item-type-post_type menu-item-object-page menu-item-1659\"><a href=\"https:\/\/dzimi-blog.de\/es\/blog\" class=\"elementor-item\" tabindex=\"-1\">Camino de Santiago etapa 1 de 5 (2021)<\/a><\/li>\n<li class=\"menu-item menu-item-type-post_type menu-item-object-page menu-item-1658\"><a href=\"https:\/\/dzimi-blog.de\/es\/jakobsweg-etappe-2-von-5-2022\" class=\"elementor-item\" tabindex=\"-1\">Camino de Santiago etapa 2 de 5 (2022)<\/a><\/li>\n<li class=\"menu-item menu-item-type-post_type menu-item-object-page menu-item-1656\"><a href=\"https:\/\/dzimi-blog.de\/es\/jakobsweg-etappe-3-von-5-2023\" class=\"elementor-item\" tabindex=\"-1\">Camino de Santiago etapa 3 de 5 (2023)<\/a><\/li>\n<li class=\"menu-item menu-item-type-post_type menu-item-object-page menu-item-1655\"><a href=\"https:\/\/dzimi-blog.de\/es\/jakobsweg-etappe-4-von-5-2024\" class=\"elementor-item\" tabindex=\"-1\">Camino de Santiago etapa 4 de 5 (2024)<\/a><\/li>\n<li class=\"menu-item menu-item-type-post_type menu-item-object-page menu-item-1654\"><a href=\"https:\/\/dzimi-blog.de\/es\/jakobsweg-etappe-5-von-5-10-2025\" class=\"elementor-item\" tabindex=\"-1\">Camino de Santiago etapa 5 de 5 (2026)<\/a><\/li>\n<\/ul>\t\t\t<\/nav>\n\t\t\t\t\t\t<\/div>\n\t\t\t\t<\/div>\n\t\t\t\t\t<\/div>\n\t\t\t\t<\/div>\n\t\t<div class=\"elementor-element elementor-element-63f5f23 e-flex e-con-boxed e-con e-parent\" data-id=\"63f5f23\" data-element_type=\"container\" data-e-type=\"container\">\n\t\t\t\t\t<div class=\"e-con-inner\">\n\t\t\t\t<div class=\"elementor-element elementor-element-4841bee elementor-widget elementor-widget-text-editor\" data-id=\"4841bee\" data-element_type=\"widget\" data-e-type=\"widget\" data-widget_type=\"text-editor.default\">\n\t\t\t\t<div class=\"elementor-widget-container\">\n\t\t\t\t\t\t\t\t\t<p><span style=\"font-weight: bold; font-family: Helvetica, Arial, sans-serif; font-size: 15px;\"><i>Porque el que pide, recibe;<br \/>El que busca, encuentra;\u00a0<\/i><br \/>y al que llame se le abrir\u00e1<br \/><i>(Lucas 11:10 EU)<\/i><\/span><\/p>\t\t\t\t\t\t\t\t<\/div>\n\t\t\t\t<\/div>\n\t\t\t\t\t<\/div>\n\t\t\t\t<\/div>\n\t\t<div class=\"elementor-element elementor-element-e409654 e-flex e-con-boxed e-con e-parent\" data-id=\"e409654\" data-element_type=\"container\" data-e-type=\"container\">\n\t\t\t\t\t<div class=\"e-con-inner\">\n\t\t\t\t<div class=\"elementor-element elementor-element-2ea2582 elementor-widget elementor-widget-text-editor\" data-id=\"2ea2582\" data-element_type=\"widget\" data-e-type=\"widget\" data-widget_type=\"text-editor.default\">\n\t\t\t\t<div class=\"elementor-widget-container\">\n\t\t\t\t\t\t\t\t\t<p><span style=\"font-size: 14pt; line-height: 107%; font-family: Arial, sans-serif; color: black; background-image: initial; background-position: initial; background-size: initial; background-repeat: initial; background-attachment: initial; background-origin: initial; background-clip: initial;\">En la primavera de 2008, inici\u00e9 el Camino de Santiago en Tr\u00e9veris (Alemania) para superar mi duelo. Pas\u00e9 por Suiza y Francia hasta llegar a Espa\u00f1a (Barcelona). El dinero que me hab\u00edan prestado para el viaje se agot\u00f3 cuando llegu\u00e9 a la frontera suiza (Constanza). Tras entrar en Suiza, pude seguir acampando y recargando las pilas con una tienda y un saco de dormir. Pod\u00eda pedir comida a los granjeros locales y siempre hab\u00eda patatas, pan o incluso un lugar donde pasar la noche en el pajar.<br>No hay nada m\u00e1s agradable que lavarse con agua caliente y tomar un caf\u00e9 con leche por la ma\u00f1ana despu\u00e9s de 8 horas de caminata. Muchos de los granjeros me dieron dinero para el camino y me pidieron que intercediera.<br>Cuando llegu\u00e9 a Francia, varias personas me regalaron varios d\u00edas de alojamiento y comida. Cabe destacar el regalo de un saco de dormir nuevo y el obsequio de una camiseta por parte de la Sociedad local St Jaques (Sociedad del Camino de Santiago). Otro importante padre de acogida me llev\u00f3 al molinero local, que me regal\u00f3 50 euros en 2008.<br><\/span><span style=\"font-size: 18.6667px; color: #000000; font-family: Arial, sans-serif; font-weight: var( --e-global-typography-text-font-weight ); text-align: var(--text-align);\">Tambi\u00e9n me aloj\u00e9 en un castillo franc\u00e9s (Ch\u00e2teau), pude recargar las pilas durante varios d\u00edas en una comunidad Ema\u00fas del sur de Francia y llegu\u00e9 a Barcelona completamente agotada al final del viaje.&nbsp;<br><\/span><span style=\"font-size: 18.6667px; color: #000000; font-family: Arial, sans-serif; font-weight: var( --e-global-typography-text-font-weight ); text-align: var(--text-align);\">Volvimos a casa v\u00eda Lufthansa a Frankfurt.<\/span><\/p>\n<p><span style=\"text-align: var(--text-align);\"><span style=\"color: #000000; font-family: Roboto;\"><span style=\"font-size: 18.6667px;\">&nbsp;<\/span><\/span><\/span><\/p>\n<p><span style=\"text-align: var(--text-align);\"><span style=\"color: #000000; font-family: Roboto;\"><span style=\"font-size: 18.6667px;\"><em>\u201eLos \u00e1ngeles de la guarda de nuestras vidas a veces vuelan tan alto que ya no podemos verlos, pero nunca nos pierden de vista\u201c.\u201c<\/em> (Jean Paul)<br><\/span><\/span><br><span style=\"color: #000000; font-family: Roboto;\"><span style=\"font-size: 14pt; font-weight: var( --e-global-typography-text-font-weight );\">An\u00e9cdotas de este viaje de Tr\u00e9veris a Barcelona:<\/span><\/span><\/span><\/p>\n<p><i>&nbsp;<\/i><span style=\"font-size: 18.6667px; color: #000000; font-family: Roboto; font-weight: var( --e-global-typography-text-font-weight ); text-align: var(--text-align);\">- Tras cruzar la frontera germano-suiza, me qued\u00e9 sin dinero (exactamente de Constanza) y no sab\u00eda qu\u00e9 hacer a continuaci\u00f3n. No quer\u00eda interrumpir el viaje (\u00bfpor qu\u00e9 iba a hacerlo? \ud83d\ude09 ), pero al menos necesitaba comida.&nbsp;<\/span><span style=\"font-weight: var( --e-global-typography-text-font-weight ); text-align: var(--text-align); font-size: 18.6667px; color: #000000; font-family: Roboto;\">As\u00ed que me encontr\u00e9 con dos suizas junto a un r\u00edo que me resumieron lo que me contaron:<\/span><i style=\"font-weight: var( --e-global-typography-text-font-weight ); text-align: var(--text-align); font-size: 18.6667px; color: #000000; font-family: Roboto;\"> \u201ePuedes pedir patatas o refugio para la noche a cualquier granjero que encuentres en tu camino\u201c.\u201c<\/i><\/p>\n<p><i style=\"font-weight: var( --e-global-typography-text-font-weight ); text-align: var(--text-align); font-size: 18.6667px; color: #000000; font-family: Roboto;\">- <\/i><span style=\"font-weight: var( --e-global-typography-text-font-weight ); text-align: var(--text-align); font-size: 18.6667px; color: #000000; font-family: Roboto;\">En el trayecto entre Z\u00farich y Basilea, caminaba por una carretera rural suiza y vi un carril de casetes de m\u00fasica (cables marrones enredados). Al final de la v\u00eda, de varios metros de largo, \u00a1hab\u00eda 30 francos suizos tirados en la carretera!&nbsp;<br><\/span><span style=\"font-weight: var( --e-global-typography-text-font-weight ); text-align: var(--text-align); font-size: 18.6667px; color: #000000; font-family: Roboto;\">El d\u00eda se salv\u00f3 con comida, bebida y \u00a1un caf\u00e9!&nbsp;<\/span><\/p>\n<p><span style=\"font-weight: var( --e-global-typography-text-font-weight ); text-align: var(--text-align); font-size: 18.6667px; color: #000000; font-family: Roboto;\">- Cerca de Belfort (F), el padre anfitri\u00f3n me regal\u00f3 su reloj con las palabras: <em>\u201e\u00a1De ahora en adelante, nada de llegar tarde al trabajo!\u201c<\/em><\/span><\/p>\n<p><span style=\"font-size: 18.6667px; color: #000000; font-family: Roboto; font-weight: var( --e-global-typography-text-font-weight ); text-align: var(--text-align);\">- En muchas colinas (Vosgos, F) me preguntaron j\u00f3venes conductores si pod\u00edan llevarme.&nbsp;<\/span><\/p>\n<p><font color=\"#000000\" face=\"Roboto\"><span style=\"font-size: 18.6667px;\">- Cerca de Lyon, me dijeron: \u201ePuedes pedir un albergue en cualquier ayuntamiento (mairie) de Francia hasta las 17:00, es la ley en Francia\u201c. Lo m\u00e1s destacado - et Voil\u00e1 - fue la pernoctaci\u00f3n en un aut\u00e9ntico castillo franc\u00e9s (Ch\u00e2teau) con deliciosa comida francesa.&nbsp;<br><\/span><\/font><font color=\"#000000\" face=\"Roboto\"><span style=\"font-size: 18.6667px;\"><br>&nbsp;<\/span><\/font><span style=\"font-weight: var( --e-global-typography-text-font-weight ); text-align: var(--text-align); font-size: 18.6667px; color: rgb(0, 0, 0); font-family: Roboto;\">- Cuando llegu\u00e9 a Barcelona (oto\u00f1o de 2008), fui al consulado alem\u00e1n y ped\u00ed ayuda. El empleado del consulado telefone\u00f3 a mi banco en Tr\u00e9veris (Brotstra\u00dfe) &amp; me concedieron un l\u00edmite de cuenta de una cantidad simb\u00f3lica de cuatro cifras \ud83d\ude42 .&nbsp;<\/span><\/p>\n<p><span style=\"color: black; font-family: Roboto; font-size: 14pt; font-weight: var( --e-global-typography-text-font-weight ); text-align: var(--text-align);\">&nbsp;<\/span><\/p>\n<p><span style=\"color: black; font-family: Roboto; font-size: 14pt; font-weight: var( --e-global-typography-text-font-weight ); text-align: var(--text-align);\">&nbsp;<\/span><span style=\"color: black; font-family: Roboto; font-size: 14pt; font-weight: var( --e-global-typography-text-font-weight ); text-align: var(--text-align);\">En resumen, a mis 27 a\u00f1os, ha sido probablemente la aventura m\u00e1s interesante, divertida y, sobre todo, m\u00e1s desafiante que he vivido nunca. Corr\u00ed unos 2.000 kil\u00f3metros, con una media de 25-30 kil\u00f3metros diarios. Corr\u00ed durante tres d\u00edas y luego me tom\u00e9 un d\u00eda libre.&nbsp;<\/span><\/p>\n<p><span style=\"color: black; font-family: Roboto; font-size: 14pt; font-weight: var( --e-global-typography-text-font-weight ); text-align: var(--text-align);\">Hoy llevo m\u00e1s de 2 a\u00f1os aprendiendo franc\u00e9s de nuevo y de forma permanente.&nbsp;<br><\/span><span style=\"color: black; font-family: Roboto; font-size: 14pt; font-weight: var( --e-global-typography-text-font-weight ); text-align: var(--text-align);\">Continu\u00e9 de nuevo el Camino de Santiago desde Avi\u00f1\u00f3n (2021) con la etapa 4 de 5 todav\u00eda aprox. 198 km hasta Santiago de Compostela.<\/span><\/p>\t\t\t\t\t\t\t\t<\/div>\n\t\t\t\t<\/div>\n\t\t\t\t\t<\/div>\n\t\t\t\t<\/div>\n\t\t<div class=\"elementor-element elementor-element-3169ed0 e-flex e-con-boxed e-con e-parent\" data-id=\"3169ed0\" data-element_type=\"container\" data-e-type=\"container\">\n\t\t\t\t\t<div class=\"e-con-inner\">\n\t\t\t\t<div class=\"elementor-element elementor-element-b402099 elementor-widget elementor-widget-text-editor\" data-id=\"b402099\" data-element_type=\"widget\" data-e-type=\"widget\" data-widget_type=\"text-editor.default\">\n\t\t\t\t<div class=\"elementor-widget-container\">\n\t\t\t\t\t\t\t\t\t<p>Fecha prevista de entrada en vigor: oto\u00f1o de 2025<br \/>Estado: Invierno 2024<\/p>\t\t\t\t\t\t\t\t<\/div>\n\t\t\t\t<\/div>\n\t\t\t\t\t<\/div>\n\t\t\t\t<\/div>\n\t\t<div class=\"elementor-element elementor-element-301784d e-flex e-con-boxed e-con e-parent\" data-id=\"301784d\" data-element_type=\"container\" data-e-type=\"container\">\n\t\t\t\t\t<div class=\"e-con-inner\">\n\t\t\t\t<div class=\"elementor-element elementor-element-14c1001 elementor-widget-divider--view-line elementor-widget elementor-widget-divider\" data-id=\"14c1001\" data-element_type=\"widget\" data-e-type=\"widget\" data-widget_type=\"divider.default\">\n\t\t\t\t<div class=\"elementor-widget-container\">\n\t\t\t\t\t\t\t<div class=\"elementor-divider\">\n\t\t\t<span class=\"elementor-divider-separator\">\n\t\t\t\t\t\t<\/span>\n\t\t<\/div>\n\t\t\t\t\t\t<\/div>\n\t\t\t\t<\/div>\n\t\t\t\t\t<\/div>\n\t\t\t\t<\/div>\n\t\t<div class=\"elementor-element elementor-element-95c2d36 e-flex e-con-boxed e-con e-parent\" data-id=\"95c2d36\" data-element_type=\"container\" data-e-type=\"container\">\n\t\t\t\t\t<div class=\"e-con-inner\">\n\t\t\t\t<div class=\"elementor-element elementor-element-0d985f1 elementor-widget elementor-widget-image\" data-id=\"0d985f1\" data-element_type=\"widget\" data-e-type=\"widget\" data-widget_type=\"image.default\">\n\t\t\t\t<div class=\"elementor-widget-container\">\n\t\t\t\t\t\t\t\t\t\t\t\t\t\t\t<img fetchpriority=\"high\" decoding=\"async\" width=\"640\" height=\"699\" src=\"https:\/\/dzimi-blog.de\/wp-content\/uploads\/2024\/06\/Jakobsweg_Ausweis-2-937x1024.jpg\" class=\"attachment-large size-large wp-image-691\" alt=\"\" srcset=\"https:\/\/dzimi-blog.de\/wp-content\/uploads\/2024\/06\/Jakobsweg_Ausweis-2-937x1024.jpg 937w, https:\/\/dzimi-blog.de\/wp-content\/uploads\/2024\/06\/Jakobsweg_Ausweis-2-274x300.jpg 274w, https:\/\/dzimi-blog.de\/wp-content\/uploads\/2024\/06\/Jakobsweg_Ausweis-2-768x839.jpg 768w, https:\/\/dzimi-blog.de\/wp-content\/uploads\/2024\/06\/Jakobsweg_Ausweis-2-1405x1536.jpg 1405w, https:\/\/dzimi-blog.de\/wp-content\/uploads\/2024\/06\/Jakobsweg_Ausweis-2-1874x2048.jpg 1874w\" sizes=\"(max-width: 640px) 100vw, 640px\" \/>\t\t\t\t\t\t\t\t\t\t\t\t\t\t\t<\/div>\n\t\t\t\t<\/div>\n\t\t\t\t\t<\/div>\n\t\t\t\t<\/div>\n\t\t<div class=\"elementor-element elementor-element-13e68b2 e-flex e-con-boxed e-con e-parent\" data-id=\"13e68b2\" data-element_type=\"container\" data-e-type=\"container\">\n\t\t\t\t\t<div class=\"e-con-inner\">\n\t\t\t\t<div class=\"elementor-element elementor-element-6a43759 elementor-widget elementor-widget-text-editor\" data-id=\"6a43759\" data-element_type=\"widget\" data-e-type=\"widget\" data-widget_type=\"text-editor.default\">\n\t\t\t\t<div class=\"elementor-widget-container\">\n\t\t\t\t\t\t\t\t\t<p>El folleto original del Camino de 2008. <br>Me lo don\u00f3 la comunidad Ema\u00fas de Montpellier.<\/p>\t\t\t\t\t\t\t\t<\/div>\n\t\t\t\t<\/div>\n\t\t\t\t\t<\/div>\n\t\t\t\t<\/div>\n\t\t<div class=\"elementor-element elementor-element-c6494d3 e-flex e-con-boxed e-con e-parent\" data-id=\"c6494d3\" data-element_type=\"container\" data-e-type=\"container\">\n\t\t\t\t\t<div class=\"e-con-inner\">\n\t\t\t\t<div class=\"elementor-element elementor-element-a4a6467 elementor-widget-divider--view-line elementor-widget elementor-widget-divider\" data-id=\"a4a6467\" data-element_type=\"widget\" data-e-type=\"widget\" data-widget_type=\"divider.default\">\n\t\t\t\t<div class=\"elementor-widget-container\">\n\t\t\t\t\t\t\t<div class=\"elementor-divider\">\n\t\t\t<span class=\"elementor-divider-separator\">\n\t\t\t\t\t\t<\/span>\n\t\t<\/div>\n\t\t\t\t\t\t<\/div>\n\t\t\t\t<\/div>\n\t\t\t\t\t<\/div>\n\t\t\t\t<\/div>\n\t\t<div class=\"elementor-element elementor-element-e9dfffb e-flex e-con-boxed e-con e-parent\" data-id=\"e9dfffb\" data-element_type=\"container\" data-e-type=\"container\">\n\t\t\t\t\t<div class=\"e-con-inner\">\n\t\t\t\t<div class=\"elementor-element elementor-element-35563f1 elementor-widget elementor-widget-video\" data-id=\"35563f1\" data-element_type=\"widget\" data-e-type=\"widget\" data-settings=\"{&quot;youtube_url&quot;:&quot;https:\\\/\\\/www.youtube.com\\\/watch?v=umryo_Znn24&quot;,&quot;video_type&quot;:&quot;youtube&quot;,&quot;controls&quot;:&quot;yes&quot;}\" data-widget_type=\"video.default\">\n\t\t\t\t<div class=\"elementor-widget-container\">\n\t\t\t\t\t\t\t<div class=\"elementor-wrapper elementor-open-inline\">\n\t\t\t<div class=\"elementor-video\"><\/div>\t\t<\/div>\n\t\t\t\t\t\t<\/div>\n\t\t\t\t<\/div>\n\t\t\t\t\t<\/div>\n\t\t\t\t<\/div>\n\t\t<div class=\"elementor-element elementor-element-7c748c6 e-flex e-con-boxed e-con e-parent\" data-id=\"7c748c6\" data-element_type=\"container\" data-e-type=\"container\">\n\t\t\t\t\t<div class=\"e-con-inner\">\n\t\t\t\t<div class=\"elementor-element elementor-element-0659c8a elementor-widget-divider--view-line elementor-widget elementor-widget-divider\" data-id=\"0659c8a\" data-element_type=\"widget\" data-e-type=\"widget\" data-widget_type=\"divider.default\">\n\t\t\t\t<div class=\"elementor-widget-container\">\n\t\t\t\t\t\t\t<div class=\"elementor-divider\">\n\t\t\t<span class=\"elementor-divider-separator\">\n\t\t\t\t\t\t<\/span>\n\t\t<\/div>\n\t\t\t\t\t\t<\/div>\n\t\t\t\t<\/div>\n\t\t\t\t\t<\/div>\n\t\t\t\t<\/div>\n\t\t<div class=\"elementor-element elementor-element-b927938 e-flex e-con-boxed e-con e-parent\" data-id=\"b927938\" data-element_type=\"container\" data-e-type=\"container\">\n\t\t\t\t\t<div class=\"e-con-inner\">\n\t\t\t\t<div class=\"elementor-element elementor-element-2b0d5b2 elementor-widget-divider--view-line elementor-widget elementor-widget-divider\" data-id=\"2b0d5b2\" data-element_type=\"widget\" data-e-type=\"widget\" data-widget_type=\"divider.default\">\n\t\t\t\t<div class=\"elementor-widget-container\">\n\t\t\t\t\t\t\t<div class=\"elementor-divider\">\n\t\t\t<span class=\"elementor-divider-separator\">\n\t\t\t\t\t\t<\/span>\n\t\t<\/div>\n\t\t\t\t\t\t<\/div>\n\t\t\t\t<\/div>\n\t\t\t\t\t<\/div>\n\t\t\t\t<\/div>\n\t\t<div class=\"elementor-element elementor-element-36b3734 e-flex e-con-boxed e-con e-parent\" data-id=\"36b3734\" data-element_type=\"container\" data-e-type=\"container\">\n\t\t\t\t\t<div class=\"e-con-inner\">\n\t\t\t\t<div class=\"elementor-element elementor-element-aac2096 elementor-widget elementor-widget-text-editor\" data-id=\"aac2096\" data-element_type=\"widget\" data-e-type=\"widget\" data-widget_type=\"text-editor.default\">\n\t\t\t\t<div class=\"elementor-widget-container\">\n\t\t\t\t\t\t\t\t\t<p><i style=\"font-family: Helvetica, Arial, sans-serif; font-size: 15px; font-weight: bold;\">Todo lo que dos de vosotros pid\u00e1is juntos en la tierra, lo recibir\u00e9is de mi Padre celestial.<br \/>(Mt 18:19 EU)\u00a0<\/i><\/p>\t\t\t\t\t\t\t\t<\/div>\n\t\t\t\t<\/div>\n\t\t\t\t\t<\/div>\n\t\t\t\t<\/div>\n\t\t<div class=\"elementor-element elementor-element-2301bd0 e-flex e-con-boxed e-con e-parent\" data-id=\"2301bd0\" data-element_type=\"container\" data-e-type=\"container\">\n\t\t\t\t\t<div class=\"e-con-inner\">\n\t\t\t\t<div class=\"elementor-element elementor-element-09334b2 elementor-widget elementor-widget-text-editor\" data-id=\"09334b2\" data-element_type=\"widget\" data-e-type=\"widget\" data-widget_type=\"text-editor.default\">\n\t\t\t\t<div class=\"elementor-widget-container\">\n\t\t\t\t\t\t\t\t\t<p>Septiembre de 2025<\/p>\t\t\t\t\t\t\t\t<\/div>\n\t\t\t\t<\/div>\n\t\t\t\t\t<\/div>\n\t\t\t\t<\/div>\n\t\t\t\t<\/div>","protected":false},"excerpt":{"rendered":"<p>Denn wer bittet,\u00a0der empf\u00e4ngt;wer sucht, der findet;\u00a0und wer anklopft, dem wird ge\u00f6ffnet(Lk 11,10 EU) Im Fr\u00fchling 2008 bin ich aufgrund Trauerverarbeitung den Jakobsweg in Trier (D) gestartet. \u00dcber die Schweiz, nach Frankreich bin ich bis nach Spanien (Barcelona) gelaufen. Das geliehene Reisegeld war damals ab der Grenze zur Schweiz (Konstanz) aufgebraucht. Ab dem Einlaufen in [&hellip;]<\/p>\n","protected":false},"author":1,"featured_media":0,"parent":0,"menu_order":0,"comment_status":"closed","ping_status":"closed","template":"","meta":{"footnotes":""},"class_list":["post-429","page","type-page","status-publish","hentry"],"_links":{"self":[{"href":"https:\/\/dzimi-blog.de\/es\/wp-json\/wp\/v2\/pages\/429","targetHints":{"allow":["GET"]}}],"collection":[{"href":"https:\/\/dzimi-blog.de\/es\/wp-json\/wp\/v2\/pages"}],"about":[{"href":"https:\/\/dzimi-blog.de\/es\/wp-json\/wp\/v2\/types\/page"}],"author":[{"embeddable":true,"href":"https:\/\/dzimi-blog.de\/es\/wp-json\/wp\/v2\/users\/1"}],"replies":[{"embeddable":true,"href":"https:\/\/dzimi-blog.de\/es\/wp-json\/wp\/v2\/comments?post=429"}],"version-history":[{"count":0,"href":"https:\/\/dzimi-blog.de\/es\/wp-json\/wp\/v2\/pages\/429\/revisions"}],"wp:attachment":[{"href":"https:\/\/dzimi-blog.de\/es\/wp-json\/wp\/v2\/media?parent=429"}],"curies":[{"name":"wp","href":"https:\/\/api.w.org\/{rel}","templated":true}]}}