{"id":3,"date":"2024-01-08T12:29:49","date_gmt":"2024-01-08T12:29:49","guid":{"rendered":"http:\/\/dzimi-blog.de\/?page_id=3"},"modified":"2026-01-04T04:50:44","modified_gmt":"2026-01-04T04:50:44","slug":"privacy-policy","status":"publish","type":"page","link":"https:\/\/dzimi-blog.de\/fr\/privacy-policy","title":{"rendered":"Politique de confidentialit\u00e9"},"content":{"rendered":"<div data-elementor-type=\"wp-page\" data-elementor-id=\"3\" class=\"elementor elementor-3\" data-elementor-post-type=\"page\">\n\t\t\t\t<div class=\"elementor-element elementor-element-4cb48c8d e-flex e-con-boxed e-con e-parent\" data-id=\"4cb48c8d\" data-element_type=\"container\" data-e-type=\"container\">\n\t\t\t\t\t<div class=\"e-con-inner\">\n\t\t\t\t<div class=\"elementor-element elementor-element-63b5dc38 elementor-widget elementor-widget-text-editor\" data-id=\"63b5dc38\" data-element_type=\"widget\" data-e-type=\"widget\" data-widget_type=\"text-editor.default\">\n\t\t\t\t<div class=\"elementor-widget-container\">\n\t\t\t\t\t\t\t\t\t<h2>Qui sommes-nous ? <p><\/p>\n<p><br>Dzimi Sokcevic, Babenhausen (Hesse) - Allemagne<\/p>\n<p><span style=\"color: rgb(122, 122, 122); font-family: Roboto, sans-serif; font-weight: 400;\">L'adresse de notre site web est la suivante : http:\/\/dzimi-blog.de<\/span><\/p>\n<p><span style=\"color: rgb(122, 122, 122); font-family: Roboto, sans-serif; font-weight: 400;\">For contact (Admin E-Mail) : <\/span><span style=\"color: rgb(122, 122, 122); font-family: Roboto, sans-serif;\">d.sokcevic@dzimi-blog.de<\/span><\/p>\n<\/h2>\n<p><b>Les textes allemands ont \u00e9t\u00e9 \u00e9crits par l'auteur. Toutes les citations sont clairement indiqu\u00e9es comme telles. Les textes en anglais ont \u00e9t\u00e9 traduits par l'auteur, avec une certaine aide. Toutes les autres langues (fran\u00e7ais, espagnol, croate) ont \u00e9t\u00e9 traduites \u00e0 l'aide d'AI.<\/b><\/p>\n<p><b>Ce site web n'a pas de but commercial et est destin\u00e9 \u00e0 servir le bien public.<\/b><\/p>\n<p><b>Janvier 2026<\/b><\/p>\n<p><br><\/p>\n<h2 class=\"wp-block-heading\"><span style=\"text-align: var(--text-align);\">Cookies<\/span><\/h2>\n<h2><span style=\"color: rgb(122, 122, 122); font-family: Roboto, sans-serif; font-weight: 400;\">Lorsque vous laissez un commentaire sur notre site, vous pouvez choisir d'enregistrer votre nom, votre adresse e-mail et votre site web dans des cookies. Ceux-ci sont destin\u00e9s \u00e0 votre commodit\u00e9, afin que vous n'ayez pas \u00e0 remplir \u00e0 nouveau vos coordonn\u00e9es lorsque vous laissez un autre commentaire. Ces cookies dureront un an.<\/span><\/h2>\n<p><\/p>\n<p><\/p>\n<p>Si vous visitez notre page de connexion, nous placerons un cookie temporaire pour d\u00e9terminer si votre navigateur accepte les cookies. Ce cookie ne contient pas de donn\u00e9es personnelles et est supprim\u00e9 lorsque vous fermez votre navigateur.<\/p>\n<p><\/p>\n<p><\/p>\n<p>Lorsque vous vous connectez, nous installons \u00e9galement plusieurs cookies pour sauvegarder vos informations de connexion et vos choix d'affichage \u00e0 l'\u00e9cran. Les cookies de connexion durent deux jours et les cookies d'options d'\u00e9cran durent un an. Si vous choisissez \u201eRemember Me\u201c, votre connexion persistera pendant deux semaines. Si vous vous d\u00e9connectez de votre compte, les cookies de connexion seront supprim\u00e9s.<\/p>\n<p><\/p>\n<p><\/p>\n<p>Lorsque vous \u00e9ditez ou publiez un article, un cookie suppl\u00e9mentaire est enregistr\u00e9 dans votre navigateur. Ce cookie ne contient aucune donn\u00e9e personnelle et indique simplement l'ID de l'article que vous venez de modifier. Il expire au bout d'un jour.<\/p>\n<p><\/p>\n<p><\/p>\n<h2 class=\"wp-block-heading\">Contenu int\u00e9gr\u00e9 d'autres sites web<\/h2>\n<p><\/p>\n<p><\/p>\n<p>Les articles de ce site peuvent contenir des contenus int\u00e9gr\u00e9s (par ex. vid\u00e9os, images, articles, etc.). Le contenu int\u00e9gr\u00e9 provenant d'autres sites web se comporte exactement de la m\u00eame mani\u00e8re que si le visiteur avait visit\u00e9 l'autre site web.<\/p>\n<p><\/p>\n<p><\/p>\n<p>Ces sites web peuvent collecter des donn\u00e9es vous concernant, utiliser des cookies, int\u00e9grer un suivi tiers suppl\u00e9mentaire et surveiller votre interaction avec ce contenu int\u00e9gr\u00e9, y compris le suivi de votre interaction avec le contenu int\u00e9gr\u00e9 si vous avez un compte et \u00eates connect\u00e9 \u00e0 ce site web.<\/p>\n<p><\/p>\n<p><\/p>\n<h2 class=\"wp-block-heading\">Qui nous partageons vos donn\u00e9es avec<\/h2>\n<p><\/p>\n<p><\/p>\n<p>Si vous demandez une r\u00e9initialisation du mot de passe, votre adresse IP sera incluse dans l'e-mail de r\u00e9initialisation.<\/p>\n<p><\/p>\n<p><\/p>\n<h2 class=\"wp-block-heading\">Combien de temps nous conservons vos donn\u00e9es<\/h2>\n<p><\/p>\n<p><\/p>\n<p>Lorsque vous laissez un commentaire, le commentaire et ses m\u00e9tadonn\u00e9es sont conserv\u00e9s ind\u00e9finiment. Cela nous permet de reconna\u00eetre et d'approuver automatiquement les commentaires ult\u00e9rieurs au lieu de les garder dans une file de mod\u00e9ration.<\/p>\n<p><\/p>\n<p><\/p>\n<p>Pour les utilisateurs qui s'inscrivent sur notre site web (le cas \u00e9ch\u00e9ant), nous enregistrons \u00e9galement les informations personnelles qu'ils fournissent dans leur profil d'utilisateur. Tous les utilisateurs peuvent voir, modifier ou supprimer leurs informations personnelles \u00e0 tout moment (sauf s'ils ne peuvent pas changer leur nom d'utilisateur). Les administrateurs du site peuvent \u00e9galement consulter et modifier ces informations.<\/p>\n<p><\/p>\n<p><\/p>\n<h2 class=\"wp-block-heading\">Quels sont vos droits sur vos donn\u00e9es ?<\/h2>\n<p><\/p>\n<p><\/p>\n<p>Si vous avez un compte sur ce site, ou si vous avez laiss\u00e9 des commentaires, vous pouvez demander \u00e0 recevoir un fichier exporte des donn\u00e9es personnelles que nous d\u00e9tenons \u00e0 votre sujet, y compris toutes les donn\u00e9es que vous nous avez fournies. Vous pouvez \u00e9galement nous demander de supprimer toutes les donn\u00e9es personnelles que nous d\u00e9tenons \u00e0 votre sujet. Cela ne comprend pas les donn\u00e9es que nous sommes tenus de conserver \u00e0 des fins administratives, l\u00e9gales ou de s\u00e9curit\u00e9.<\/p>\n<p><\/p>\n<p><\/p>\n<h2 class=\"wp-block-heading\">O\u00f9 vos donn\u00e9es sont envoy\u00e9es<\/h2>\n<p><\/p>\n<p><\/p>\n<p>Les commentaires des visiteurs peuvent \u00eatre v\u00e9rifi\u00e9s par un service de d\u00e9tection automatique des spams.<\/p>\n<p><\/p>\t\t\t\t\t\t\t\t<\/div>\n\t\t\t\t<\/div>\n\t\t\t\t\t<\/div>\n\t\t\t\t<\/div>\n\t\t\t\t<\/div>","protected":false},"excerpt":{"rendered":"<p>Who we are: Dzimi Sokcevic, Babenhausen (Hessen) &#8211; Germany Our website address is: http:\/\/dzimi-blog.de For contact (Admin E-Mail): d.sokcevic@dzimi-blog.de The German texts were written by the author. All quotations are clearly marked as such. The English texts were translated by the author, with some assistance. All other languages (French, Spanish, Croatian) were translated using AI. [&hellip;]<\/p>\n","protected":false},"author":1,"featured_media":0,"parent":0,"menu_order":0,"comment_status":"closed","ping_status":"open","template":"","meta":{"footnotes":""},"class_list":["post-3","page","type-page","status-publish","hentry"],"_links":{"self":[{"href":"https:\/\/dzimi-blog.de\/fr\/wp-json\/wp\/v2\/pages\/3","targetHints":{"allow":["GET"]}}],"collection":[{"href":"https:\/\/dzimi-blog.de\/fr\/wp-json\/wp\/v2\/pages"}],"about":[{"href":"https:\/\/dzimi-blog.de\/fr\/wp-json\/wp\/v2\/types\/page"}],"author":[{"embeddable":true,"href":"https:\/\/dzimi-blog.de\/fr\/wp-json\/wp\/v2\/users\/1"}],"replies":[{"embeddable":true,"href":"https:\/\/dzimi-blog.de\/fr\/wp-json\/wp\/v2\/comments?post=3"}],"version-history":[{"count":0,"href":"https:\/\/dzimi-blog.de\/fr\/wp-json\/wp\/v2\/pages\/3\/revisions"}],"wp:attachment":[{"href":"https:\/\/dzimi-blog.de\/fr\/wp-json\/wp\/v2\/media?parent=3"}],"curies":[{"name":"wp","href":"https:\/\/api.w.org\/{rel}","templated":true}]}}