{"id":429,"date":"2024-03-30T10:11:14","date_gmt":"2024-03-30T10:11:14","guid":{"rendered":"https:\/\/dzimi-blog.de\/?page_id=429"},"modified":"2025-09-30T03:53:58","modified_gmt":"2025-09-30T03:53:58","slug":"jakobsweg-2008","status":"publish","type":"page","link":"https:\/\/dzimi-blog.de\/fr\/jakobsweg-2008","title":{"rendered":"Le premier chemin de Saint-Jacques (2008)"},"content":{"rendered":"<div data-elementor-type=\"wp-post\" data-elementor-id=\"429\" class=\"elementor elementor-429\" data-elementor-post-type=\"page\">\n\t\t\t\t<div class=\"elementor-element elementor-element-d4a0e1a e-flex e-con-boxed e-con e-parent\" data-id=\"d4a0e1a\" data-element_type=\"container\" data-e-type=\"container\">\n\t\t\t\t\t<div class=\"e-con-inner\">\n\t\t\t\t<div class=\"elementor-element elementor-element-7cb6237 elementor-nav-menu--dropdown-tablet elementor-nav-menu__text-align-aside elementor-nav-menu--toggle elementor-nav-menu--burger elementor-widget elementor-widget-nav-menu\" data-id=\"7cb6237\" data-element_type=\"widget\" data-e-type=\"widget\" data-settings=\"{&quot;layout&quot;:&quot;horizontal&quot;,&quot;submenu_icon&quot;:{&quot;value&quot;:&quot;&lt;svg aria-hidden=\\&quot;true\\&quot; class=\\&quot;e-font-icon-svg e-fas-caret-down\\&quot; viewBox=\\&quot;0 0 320 512\\&quot; xmlns=\\&quot;http:\\\/\\\/www.w3.org\\\/2000\\\/svg\\&quot;&gt;&lt;path d=\\&quot;M31.3 192h257.3c17.8 0 26.7 21.5 14.1 34.1L174.1 354.8c-7.8 7.8-20.5 7.8-28.3 0L17.2 226.1C4.6 213.5 13.5 192 31.3 192z\\&quot;&gt;&lt;\\\/path&gt;&lt;\\\/svg&gt;&quot;,&quot;library&quot;:&quot;fa-solid&quot;},&quot;toggle&quot;:&quot;burger&quot;}\" data-widget_type=\"nav-menu.default\">\n\t\t\t\t<div class=\"elementor-widget-container\">\n\t\t\t\t\t\t\t\t<nav aria-label=\"Menu\" class=\"elementor-nav-menu--main elementor-nav-menu__container elementor-nav-menu--layout-horizontal e--pointer-underline e--animation-fade\">\n\t\t\t\t<ul id=\"menu-1-7cb6237\" class=\"elementor-nav-menu\"><li class=\"menu-item menu-item-type-post_type menu-item-object-page menu-item-home menu-item-1673\"><a href=\"https:\/\/dzimi-blog.de\/fr\/\" class=\"elementor-item\">Bienvenue sur<\/a><\/li>\n<li class=\"menu-item menu-item-type-post_type menu-item-object-page menu-item-1657\"><a href=\"https:\/\/dzimi-blog.de\/fr\/jakobsweg-2008\" class=\"elementor-item\">Le premier chemin de Saint-Jacques (2008)<\/a><\/li>\n<li class=\"menu-item menu-item-type-post_type menu-item-object-page menu-item-1659\"><a href=\"https:\/\/dzimi-blog.de\/fr\/blog\" class=\"elementor-item\">Chemin de Saint-Jacques Tron\u00e7on 1 De 5 (2021)<\/a><\/li>\n<li class=\"menu-item menu-item-type-post_type menu-item-object-page menu-item-1658\"><a href=\"https:\/\/dzimi-blog.de\/fr\/jakobsweg-etappe-2-von-5-2022\" class=\"elementor-item\">Chemin de Saint-Jacques Tron\u00e7on 2 de 5 (2022)<\/a><\/li>\n<li class=\"menu-item menu-item-type-post_type menu-item-object-page menu-item-1656\"><a href=\"https:\/\/dzimi-blog.de\/fr\/jakobsweg-etappe-3-von-5-2023\" class=\"elementor-item\">Chemin de Saint-Jacques Tron\u00e7on 3 de 5 (2023)<\/a><\/li>\n<li class=\"menu-item menu-item-type-post_type menu-item-object-page menu-item-1655\"><a href=\"https:\/\/dzimi-blog.de\/fr\/jakobsweg-etappe-4-von-5-2024\" class=\"elementor-item\">Chemin de Saint-Jacques Tron\u00e7on 4 de 5 (2024)<\/a><\/li>\n<li class=\"menu-item menu-item-type-post_type menu-item-object-page menu-item-1654\"><a href=\"https:\/\/dzimi-blog.de\/fr\/jakobsweg-etappe-5-von-5-10-2025\" class=\"elementor-item\">Chemin de Saint-Jacques Tron\u00e7on 5 de 5 (2026)<\/a><\/li>\n<\/ul>\t\t\t<\/nav>\n\t\t\t\t\t<div class=\"elementor-menu-toggle\" role=\"button\" tabindex=\"0\" aria-label=\"Permuter le menu\" aria-expanded=\"false\">\n\t\t\t<svg aria-hidden=\"true\" role=\"presentation\" class=\"elementor-menu-toggle__icon--open e-font-icon-svg e-eicon-menu-bar\" viewbox=\"0 0 1000 1000\" xmlns=\"http:\/\/www.w3.org\/2000\/svg\"><path d=\"M104 333H896C929 333 958 304 958 271S929 208 896 208H104C71 208 42 237 42 271S71 333 104 333ZM104 583H896C929 583 958 554 958 521S929 458 896 458H104C71 458 42 487 42 521S71 583 104 583ZM104 833H896C929 833 958 804 958 771S929 708 896 708H104C71 708 42 737 42 771S71 833 104 833Z\"><\/path><\/svg><svg aria-hidden=\"true\" role=\"presentation\" class=\"elementor-menu-toggle__icon--close e-font-icon-svg e-eicon-close\" viewbox=\"0 0 1000 1000\" xmlns=\"http:\/\/www.w3.org\/2000\/svg\"><path d=\"M742 167L500 408 258 167C246 154 233 150 217 150 196 150 179 158 167 167 154 179 150 196 150 212 150 229 154 242 171 254L408 500 167 742C138 771 138 800 167 829 196 858 225 858 254 829L496 587 738 829C750 842 767 846 783 846 800 846 817 842 829 829 842 817 846 804 846 783 846 767 842 750 829 737L588 500 833 258C863 229 863 200 833 171 804 137 775 137 742 167Z\"><\/path><\/svg>\t\t<\/div>\n\t\t\t\t\t<nav class=\"elementor-nav-menu--dropdown elementor-nav-menu__container\" aria-hidden=\"true\">\n\t\t\t\t<ul id=\"menu-2-7cb6237\" class=\"elementor-nav-menu\"><li class=\"menu-item menu-item-type-post_type menu-item-object-page menu-item-home menu-item-1673\"><a href=\"https:\/\/dzimi-blog.de\/fr\/\" class=\"elementor-item\" tabindex=\"-1\">Bienvenue sur<\/a><\/li>\n<li class=\"menu-item menu-item-type-post_type menu-item-object-page menu-item-1657\"><a href=\"https:\/\/dzimi-blog.de\/fr\/jakobsweg-2008\" class=\"elementor-item\" tabindex=\"-1\">Le premier chemin de Saint-Jacques (2008)<\/a><\/li>\n<li class=\"menu-item menu-item-type-post_type menu-item-object-page menu-item-1659\"><a href=\"https:\/\/dzimi-blog.de\/fr\/blog\" class=\"elementor-item\" tabindex=\"-1\">Chemin de Saint-Jacques Tron\u00e7on 1 De 5 (2021)<\/a><\/li>\n<li class=\"menu-item menu-item-type-post_type menu-item-object-page menu-item-1658\"><a href=\"https:\/\/dzimi-blog.de\/fr\/jakobsweg-etappe-2-von-5-2022\" class=\"elementor-item\" tabindex=\"-1\">Chemin de Saint-Jacques Tron\u00e7on 2 de 5 (2022)<\/a><\/li>\n<li class=\"menu-item menu-item-type-post_type menu-item-object-page menu-item-1656\"><a href=\"https:\/\/dzimi-blog.de\/fr\/jakobsweg-etappe-3-von-5-2023\" class=\"elementor-item\" tabindex=\"-1\">Chemin de Saint-Jacques Tron\u00e7on 3 de 5 (2023)<\/a><\/li>\n<li class=\"menu-item menu-item-type-post_type menu-item-object-page menu-item-1655\"><a href=\"https:\/\/dzimi-blog.de\/fr\/jakobsweg-etappe-4-von-5-2024\" class=\"elementor-item\" tabindex=\"-1\">Chemin de Saint-Jacques Tron\u00e7on 4 de 5 (2024)<\/a><\/li>\n<li class=\"menu-item menu-item-type-post_type menu-item-object-page menu-item-1654\"><a href=\"https:\/\/dzimi-blog.de\/fr\/jakobsweg-etappe-5-von-5-10-2025\" class=\"elementor-item\" tabindex=\"-1\">Chemin de Saint-Jacques Tron\u00e7on 5 de 5 (2026)<\/a><\/li>\n<\/ul>\t\t\t<\/nav>\n\t\t\t\t\t\t<\/div>\n\t\t\t\t<\/div>\n\t\t\t\t\t<\/div>\n\t\t\t\t<\/div>\n\t\t<div class=\"elementor-element elementor-element-63f5f23 e-flex e-con-boxed e-con e-parent\" data-id=\"63f5f23\" data-element_type=\"container\" data-e-type=\"container\">\n\t\t\t\t\t<div class=\"e-con-inner\">\n\t\t\t\t<div class=\"elementor-element elementor-element-4841bee elementor-widget elementor-widget-text-editor\" data-id=\"4841bee\" data-element_type=\"widget\" data-e-type=\"widget\" data-widget_type=\"text-editor.default\">\n\t\t\t\t<div class=\"elementor-widget-container\">\n\t\t\t\t\t\t\t\t\t<p><span style=\"font-weight: bold; font-family: Helvetica, Arial, sans-serif; font-size: 15px;\"><i>Car celui qui demande re\u00e7oit ;<br \/>qui cherche, trouve ;\u00a0<\/i><br \/>et \u00e0 qui frappe, on ouvre<br \/><i>(Lc 11,10 UE)<\/i><\/span><\/p>\t\t\t\t\t\t\t\t<\/div>\n\t\t\t\t<\/div>\n\t\t\t\t\t<\/div>\n\t\t\t\t<\/div>\n\t\t<div class=\"elementor-element elementor-element-e409654 e-flex e-con-boxed e-con e-parent\" data-id=\"e409654\" data-element_type=\"container\" data-e-type=\"container\">\n\t\t\t\t\t<div class=\"e-con-inner\">\n\t\t\t\t<div class=\"elementor-element elementor-element-2ea2582 elementor-widget elementor-widget-text-editor\" data-id=\"2ea2582\" data-element_type=\"widget\" data-e-type=\"widget\" data-widget_type=\"text-editor.default\">\n\t\t\t\t<div class=\"elementor-widget-container\">\n\t\t\t\t\t\t\t\t\t<p><span style=\"font-size: 14pt; line-height: 107%; font-family: Arial, sans-serif; color: black; background-image: initial; background-position: initial; background-size: initial; background-repeat: initial; background-attachment: initial; background-origin: initial; background-clip: initial;\">Au printemps 2008, j'ai commenc\u00e9 le chemin de Saint-Jacques \u00e0 Tr\u00e8ves (Allemagne) en raison d'un deuil. J'ai march\u00e9 jusqu'en Espagne (Barcelone) en passant par la Suisse et la France. L'argent emprunt\u00e9 pour le voyage \u00e9tait alors \u00e9puis\u00e9 \u00e0 partir de la fronti\u00e8re suisse (Constance). D\u00e8s que j'ai atteint la Suisse, j'ai pu continuer \u00e0 camper et \u00e0 faire le plein d'\u00e9nergie sous la tente et dans mon sac de couchage. J'ai pu demander de la nourriture aux paysans locaux et il y avait toujours des pommes de terre, du pain ou m\u00eame une possibilit\u00e9 de passer la nuit dans l'\u00e9table.<br>Il n'y a probablement rien de plus agr\u00e9able que de se voir proposer de se laver \u00e0 l'eau chaude et de recevoir un caf\u00e9 au lait le matin apr\u00e8s 8h de marche ! Beaucoup de paysans m'ont encore donn\u00e9 de l'argent pour le chemin et la demande d'intercession !<br>En arrivant en France, j'ai \u00e9galement \u00e9t\u00e9 nourri et log\u00e9 pendant plusieurs jours par diff\u00e9rentes personnes. Je peux citer le cadeau d'un nouveau sac de couchage et le don d'un T-shirt de la soci\u00e9t\u00e9 locale de Saint-Jacques (soci\u00e9t\u00e9 du chemin de Saint-Jacques). Un autre p\u00e8re d'accueil important m'a emmen\u00e9 chez le meunier local, qui m'a donn\u00e9 (en 2008) 50 euros dans la main.<br><\/span><span style=\"font-size: 18.6667px; color: #000000; font-family: Arial, sans-serif; font-weight: var( --e-global-typography-text-font-weight ); text-align: var(--text-align);\">En outre, j'ai log\u00e9 dans un ch\u00e2teau fran\u00e7ais, j'ai pu me ressourcer pendant plusieurs jours dans une communaut\u00e9 Emma\u00fcs du sud de la France et je suis arriv\u00e9e \u00e0 Barcelone, compl\u00e8tement \u00e9puis\u00e9e, comme point final du voyage.&nbsp;<br><\/span><span style=\"font-size: 18.6667px; color: #000000; font-family: Arial, sans-serif; font-weight: var( --e-global-typography-text-font-weight ); text-align: var(--text-align);\">Le retour s'est fait via Lufthansa \u00e0 Francfort !<\/span><\/p>\n<p><span style=\"text-align: var(--text-align);\"><span style=\"color: #000000; font-family: Roboto;\"><span style=\"font-size: 18.6667px;\">&nbsp;<\/span><\/span><\/span><\/p>\n<p><span style=\"text-align: var(--text-align);\"><span style=\"color: #000000; font-family: Roboto;\"><span style=\"font-size: 18.6667px;\"><em>\u201eLes anges gardiens de nos vies volent parfois si haut que nous ne pouvons plus les voir, mais ils ne nous perdent jamais de vue\u201c.\u201c<\/em> (Jean Paul)<br><\/span><\/span><br><span style=\"color: #000000; font-family: Roboto;\"><span style=\"font-size: 14pt; font-weight: var( --e-global-typography-text-font-weight );\">Anecdotes de ce parcours de Tr\u00e8ves \u00e0 Barcelone :<\/span><\/span><\/span><\/p>\n<p><i>&nbsp;<\/i><span style=\"font-size: 18.6667px; color: #000000; font-family: Roboto; font-weight: var( --e-global-typography-text-font-weight ); text-align: var(--text-align);\">- Apr\u00e8s la fronti\u00e8re germano-suisse, je n'avais plus d'argent (exactement \u00e0 partir de Constance) &amp; je ne savais plus quoi faire. Je ne voulais pas interrompre la route (pourquoi le ferais-je ? \ud83d\ude09 ) mais j'avais au moins besoin de nourriture.&nbsp;<\/span><span style=\"font-weight: var( --e-global-typography-text-font-weight ); text-align: var(--text-align); font-size: 18.6667px; color: #000000; font-family: Roboto;\">C'est ainsi que j'ai rencontr\u00e9 deux Suissesses au bord d'une rivi\u00e8re, qui m'ont dit qu'elles \u00e9taient r\u00e9unies :<\/span><i style=\"font-weight: var( --e-global-typography-text-font-weight ); text-align: var(--text-align); font-size: 18.6667px; color: #000000; font-family: Roboto;\"> \u201eTu peux demander \u00e0 n'importe quel paysan sur ton chemin, des pommes de terre ou un abri pour la nuit\u201c.\u201c<\/i><\/p>\n<p><i style=\"font-weight: var( --e-global-typography-text-font-weight ); text-align: var(--text-align); font-size: 18.6667px; color: #000000; font-family: Roboto;\">- <\/i><span style=\"font-weight: var( --e-global-typography-text-font-weight ); text-align: var(--text-align); font-size: 18.6667px; color: #000000; font-family: Roboto;\">Sur le chemin entre Zurich et B\u00e2le, je marchais le long d'une route de campagne suisse et j'ai vu une piste de cassettes musicales (un enchev\u00eatrement de c\u00e2bles bruns). Au bout de la piste, sur plusieurs m\u00e8tres, il y avait 30 francs suisses sur la route !&nbsp;<br><\/span><span style=\"font-weight: var( --e-global-typography-text-font-weight ); text-align: var(--text-align); font-size: 18.6667px; color: #000000; font-family: Roboto;\">La journ\u00e9e a \u00e9t\u00e9 sauv\u00e9e par la nourriture, les boissons et le caf\u00e9 !&nbsp;<\/span><\/p>\n<p><span style=\"font-weight: var( --e-global-typography-text-font-weight ); text-align: var(--text-align); font-size: 18.6667px; color: #000000; font-family: Roboto;\">- Pr\u00e8s de Belfort (F), le p\u00e8re d'accueil m'a donn\u00e9 sa montre comme cadeau de route en disant <em>\u201eD\u00e9sormais, ne soyez plus en retard au travail !\u201c<\/em><\/span><\/p>\n<p><span style=\"font-size: 18.6667px; color: #000000; font-family: Roboto; font-weight: var( --e-global-typography-text-font-weight ); text-align: var(--text-align);\">- Sur de nombreuses hauteurs (Vosges, F), de jeunes automobilistes m'ont demand\u00e9 s'ils pouvaient me prendre en stop.&nbsp;<\/span><\/p>\n<p><font color=\"#000000\" face=\"Roboto\"><span style=\"font-size: 18.6667px;\">- Pr\u00e8s de Lyon, on m'a dit : \u201eTu peux demander une auberge jusqu'\u00e0 17h00 dans n'importe quelle mairie de France, c'est la loi en France\u201c. Le point culminant - et Voil\u00e1 - a \u00e9t\u00e9 de passer la nuit dans un vrai ch\u00e2teau fran\u00e7ais (Ch\u00e2teau) avec un d\u00e9licieux repas fran\u00e7ais !&nbsp;<br><\/span><\/font><font color=\"#000000\" face=\"Roboto\"><span style=\"font-size: 18.6667px;\"><br>&nbsp;<\/span><\/font><span style=\"font-weight: var( --e-global-typography-text-font-weight ); text-align: var(--text-align); font-size: 18.6667px; color: rgb(0, 0, 0); font-family: Roboto;\">- Arriv\u00e9 \u00e0 Barcelone (automne 2008), je me suis rendu au consulat allemand et j'ai demand\u00e9 de l'aide. L'employ\u00e9 du consulat a t\u00e9l\u00e9phon\u00e9 \u00e0 ma banque \u00e0 Tr\u00e8ves (Brotstra\u00dfe) &amp; on m'a accord\u00e9 une limite de compte d'un montant symbolique \u00e0 quatre chiffres. \ud83d\ude42&nbsp;<\/span><\/p>\n<p><span style=\"color: black; font-family: Roboto; font-size: 14pt; font-weight: var( --e-global-typography-text-font-weight ); text-align: var(--text-align);\">&nbsp;<\/span><\/p>\n<p><span style=\"color: black; font-family: Roboto; font-size: 14pt; font-weight: var( --e-global-typography-text-font-weight ); text-align: var(--text-align);\">&nbsp;<\/span><span style=\"color: black; font-family: Roboto; font-size: 14pt; font-weight: var( --e-global-typography-text-font-weight ); text-align: var(--text-align);\">En r\u00e9sum\u00e9, \u00e0 l'\u00e2ge de 27 ans, c'\u00e9tait probablement l'aventure la plus int\u00e9ressante, la plus dr\u00f4le, mais surtout la plus exigeante que j'ai faite jusqu'\u00e0 pr\u00e9sent ! J'ai parcouru environ 2.000 kilom\u00e8tres, avec une moyenne de 25 \u00e0 30 kilom\u00e8tres par jour. En mode course pendant trois jours, puis un jour de repos.&nbsp;<\/span><\/p>\n<p><span style=\"color: black; font-family: Roboto; font-size: 14pt; font-weight: var( --e-global-typography-text-font-weight ); text-align: var(--text-align);\">Aujourd'hui, je r\u00e9apprends le fran\u00e7ais depuis plus de deux ans et de mani\u00e8re durable.&nbsp;<br><\/span><span style=\"color: black; font-family: Roboto; font-size: 14pt; font-weight: var( --e-global-typography-text-font-weight ); text-align: var(--text-align);\">J'ai continu\u00e9 le chemin de Saint-Jacques \u00e0 partir d'Avignon (2021), avec l'\u00e9tape 4 sur 5, soit environ 198 km jusqu'\u00e0 Saint-Jacques de Compostelle.<\/span><\/p>\t\t\t\t\t\t\t\t<\/div>\n\t\t\t\t<\/div>\n\t\t\t\t\t<\/div>\n\t\t\t\t<\/div>\n\t\t<div class=\"elementor-element elementor-element-3169ed0 e-flex e-con-boxed e-con e-parent\" data-id=\"3169ed0\" data-element_type=\"container\" data-e-type=\"container\">\n\t\t\t\t\t<div class=\"e-con-inner\">\n\t\t\t\t<div class=\"elementor-element elementor-element-b402099 elementor-widget elementor-widget-text-editor\" data-id=\"b402099\" data-element_type=\"widget\" data-e-type=\"widget\" data-widget_type=\"text-editor.default\">\n\t\t\t\t<div class=\"elementor-widget-container\">\n\t\t\t\t\t\t\t\t\t<p>Date de lancement du plan automne 2025<br \/>Situation : hiver 2024<\/p>\t\t\t\t\t\t\t\t<\/div>\n\t\t\t\t<\/div>\n\t\t\t\t\t<\/div>\n\t\t\t\t<\/div>\n\t\t<div class=\"elementor-element elementor-element-301784d e-flex e-con-boxed e-con e-parent\" data-id=\"301784d\" data-element_type=\"container\" data-e-type=\"container\">\n\t\t\t\t\t<div class=\"e-con-inner\">\n\t\t\t\t<div class=\"elementor-element elementor-element-14c1001 elementor-widget-divider--view-line elementor-widget elementor-widget-divider\" data-id=\"14c1001\" data-element_type=\"widget\" data-e-type=\"widget\" data-widget_type=\"divider.default\">\n\t\t\t\t<div class=\"elementor-widget-container\">\n\t\t\t\t\t\t\t<div class=\"elementor-divider\">\n\t\t\t<span class=\"elementor-divider-separator\">\n\t\t\t\t\t\t<\/span>\n\t\t<\/div>\n\t\t\t\t\t\t<\/div>\n\t\t\t\t<\/div>\n\t\t\t\t\t<\/div>\n\t\t\t\t<\/div>\n\t\t<div class=\"elementor-element elementor-element-95c2d36 e-flex e-con-boxed e-con e-parent\" data-id=\"95c2d36\" data-element_type=\"container\" data-e-type=\"container\">\n\t\t\t\t\t<div class=\"e-con-inner\">\n\t\t\t\t<div class=\"elementor-element elementor-element-0d985f1 elementor-widget elementor-widget-image\" data-id=\"0d985f1\" data-element_type=\"widget\" data-e-type=\"widget\" data-widget_type=\"image.default\">\n\t\t\t\t<div class=\"elementor-widget-container\">\n\t\t\t\t\t\t\t\t\t\t\t\t\t\t\t<img fetchpriority=\"high\" decoding=\"async\" width=\"640\" height=\"699\" src=\"https:\/\/dzimi-blog.de\/wp-content\/uploads\/2024\/06\/Jakobsweg_Ausweis-2-937x1024.jpg\" class=\"attachment-large size-large wp-image-691\" alt=\"\" srcset=\"https:\/\/dzimi-blog.de\/wp-content\/uploads\/2024\/06\/Jakobsweg_Ausweis-2-937x1024.jpg 937w, https:\/\/dzimi-blog.de\/wp-content\/uploads\/2024\/06\/Jakobsweg_Ausweis-2-274x300.jpg 274w, https:\/\/dzimi-blog.de\/wp-content\/uploads\/2024\/06\/Jakobsweg_Ausweis-2-768x839.jpg 768w, https:\/\/dzimi-blog.de\/wp-content\/uploads\/2024\/06\/Jakobsweg_Ausweis-2-1405x1536.jpg 1405w, https:\/\/dzimi-blog.de\/wp-content\/uploads\/2024\/06\/Jakobsweg_Ausweis-2-1874x2048.jpg 1874w\" sizes=\"(max-width: 640px) 100vw, 640px\" \/>\t\t\t\t\t\t\t\t\t\t\t\t\t\t\t<\/div>\n\t\t\t\t<\/div>\n\t\t\t\t\t<\/div>\n\t\t\t\t<\/div>\n\t\t<div class=\"elementor-element elementor-element-13e68b2 e-flex e-con-boxed e-con e-parent\" data-id=\"13e68b2\" data-element_type=\"container\" data-e-type=\"container\">\n\t\t\t\t\t<div class=\"e-con-inner\">\n\t\t\t\t<div class=\"elementor-element elementor-element-6a43759 elementor-widget elementor-widget-text-editor\" data-id=\"6a43759\" data-element_type=\"widget\" data-e-type=\"widget\" data-widget_type=\"text-editor.default\">\n\t\t\t\t<div class=\"elementor-widget-container\">\n\t\t\t\t\t\t\t\t\t<p>Le cahier Camino original de 2008. <br>Il m'a \u00e9t\u00e9 offert par la communaut\u00e9 Emma\u00fcs autour de Montpellier !<\/p>\t\t\t\t\t\t\t\t<\/div>\n\t\t\t\t<\/div>\n\t\t\t\t\t<\/div>\n\t\t\t\t<\/div>\n\t\t<div class=\"elementor-element elementor-element-c6494d3 e-flex e-con-boxed e-con e-parent\" data-id=\"c6494d3\" data-element_type=\"container\" data-e-type=\"container\">\n\t\t\t\t\t<div class=\"e-con-inner\">\n\t\t\t\t<div class=\"elementor-element elementor-element-a4a6467 elementor-widget-divider--view-line elementor-widget elementor-widget-divider\" data-id=\"a4a6467\" data-element_type=\"widget\" data-e-type=\"widget\" data-widget_type=\"divider.default\">\n\t\t\t\t<div class=\"elementor-widget-container\">\n\t\t\t\t\t\t\t<div class=\"elementor-divider\">\n\t\t\t<span class=\"elementor-divider-separator\">\n\t\t\t\t\t\t<\/span>\n\t\t<\/div>\n\t\t\t\t\t\t<\/div>\n\t\t\t\t<\/div>\n\t\t\t\t\t<\/div>\n\t\t\t\t<\/div>\n\t\t<div class=\"elementor-element elementor-element-e9dfffb e-flex e-con-boxed e-con e-parent\" data-id=\"e9dfffb\" data-element_type=\"container\" data-e-type=\"container\">\n\t\t\t\t\t<div class=\"e-con-inner\">\n\t\t\t\t<div class=\"elementor-element elementor-element-35563f1 elementor-widget elementor-widget-video\" data-id=\"35563f1\" data-element_type=\"widget\" data-e-type=\"widget\" data-settings=\"{&quot;youtube_url&quot;:&quot;https:\\\/\\\/www.youtube.com\\\/watch?v=umryo_Znn24&quot;,&quot;video_type&quot;:&quot;youtube&quot;,&quot;controls&quot;:&quot;yes&quot;}\" data-widget_type=\"video.default\">\n\t\t\t\t<div class=\"elementor-widget-container\">\n\t\t\t\t\t\t\t<div class=\"elementor-wrapper elementor-open-inline\">\n\t\t\t<div class=\"elementor-video\"><\/div>\t\t<\/div>\n\t\t\t\t\t\t<\/div>\n\t\t\t\t<\/div>\n\t\t\t\t\t<\/div>\n\t\t\t\t<\/div>\n\t\t<div class=\"elementor-element elementor-element-7c748c6 e-flex e-con-boxed e-con e-parent\" data-id=\"7c748c6\" data-element_type=\"container\" data-e-type=\"container\">\n\t\t\t\t\t<div class=\"e-con-inner\">\n\t\t\t\t<div class=\"elementor-element elementor-element-0659c8a elementor-widget-divider--view-line elementor-widget elementor-widget-divider\" data-id=\"0659c8a\" data-element_type=\"widget\" data-e-type=\"widget\" data-widget_type=\"divider.default\">\n\t\t\t\t<div class=\"elementor-widget-container\">\n\t\t\t\t\t\t\t<div class=\"elementor-divider\">\n\t\t\t<span class=\"elementor-divider-separator\">\n\t\t\t\t\t\t<\/span>\n\t\t<\/div>\n\t\t\t\t\t\t<\/div>\n\t\t\t\t<\/div>\n\t\t\t\t\t<\/div>\n\t\t\t\t<\/div>\n\t\t<div class=\"elementor-element elementor-element-b927938 e-flex e-con-boxed e-con e-parent\" data-id=\"b927938\" data-element_type=\"container\" data-e-type=\"container\">\n\t\t\t\t\t<div class=\"e-con-inner\">\n\t\t\t\t<div class=\"elementor-element elementor-element-2b0d5b2 elementor-widget-divider--view-line elementor-widget elementor-widget-divider\" data-id=\"2b0d5b2\" data-element_type=\"widget\" data-e-type=\"widget\" data-widget_type=\"divider.default\">\n\t\t\t\t<div class=\"elementor-widget-container\">\n\t\t\t\t\t\t\t<div class=\"elementor-divider\">\n\t\t\t<span class=\"elementor-divider-separator\">\n\t\t\t\t\t\t<\/span>\n\t\t<\/div>\n\t\t\t\t\t\t<\/div>\n\t\t\t\t<\/div>\n\t\t\t\t\t<\/div>\n\t\t\t\t<\/div>\n\t\t<div class=\"elementor-element elementor-element-36b3734 e-flex e-con-boxed e-con e-parent\" data-id=\"36b3734\" data-element_type=\"container\" data-e-type=\"container\">\n\t\t\t\t\t<div class=\"e-con-inner\">\n\t\t\t\t<div class=\"elementor-element elementor-element-aac2096 elementor-widget elementor-widget-text-editor\" data-id=\"aac2096\" data-element_type=\"widget\" data-e-type=\"widget\" data-widget_type=\"text-editor.default\">\n\t\t\t\t<div class=\"elementor-widget-container\">\n\t\t\t\t\t\t\t\t\t<p><i style=\"font-family: Helvetica, Arial, sans-serif; font-size: 15px; font-weight: bold;\">Tout ce que deux d'entre vous demandent ensemble sur la terre, ils le recevront de mon P\u00e8re c\u00e9leste.<br \/>(Mt 18,19 UE)\u00a0<\/i><\/p>\t\t\t\t\t\t\t\t<\/div>\n\t\t\t\t<\/div>\n\t\t\t\t\t<\/div>\n\t\t\t\t<\/div>\n\t\t<div class=\"elementor-element elementor-element-2301bd0 e-flex e-con-boxed e-con e-parent\" data-id=\"2301bd0\" data-element_type=\"container\" data-e-type=\"container\">\n\t\t\t\t\t<div class=\"e-con-inner\">\n\t\t\t\t<div class=\"elementor-element elementor-element-09334b2 elementor-widget elementor-widget-text-editor\" data-id=\"09334b2\" data-element_type=\"widget\" data-e-type=\"widget\" data-widget_type=\"text-editor.default\">\n\t\t\t\t<div class=\"elementor-widget-container\">\n\t\t\t\t\t\t\t\t\t<p>Septembre 2025<\/p>\t\t\t\t\t\t\t\t<\/div>\n\t\t\t\t<\/div>\n\t\t\t\t\t<\/div>\n\t\t\t\t<\/div>\n\t\t\t\t<\/div>","protected":false},"excerpt":{"rendered":"<p>Denn wer bittet,\u00a0der empf\u00e4ngt;wer sucht, der findet;\u00a0und wer anklopft, dem wird ge\u00f6ffnet(Lk 11,10 EU) Im Fr\u00fchling 2008 bin ich aufgrund Trauerverarbeitung den Jakobsweg in Trier (D) gestartet. \u00dcber die Schweiz, nach Frankreich bin ich bis nach Spanien (Barcelona) gelaufen. Das geliehene Reisegeld war damals ab der Grenze zur Schweiz (Konstanz) aufgebraucht. Ab dem Einlaufen in [&hellip;]<\/p>\n","protected":false},"author":1,"featured_media":0,"parent":0,"menu_order":0,"comment_status":"closed","ping_status":"closed","template":"","meta":{"footnotes":""},"class_list":["post-429","page","type-page","status-publish","hentry"],"_links":{"self":[{"href":"https:\/\/dzimi-blog.de\/fr\/wp-json\/wp\/v2\/pages\/429","targetHints":{"allow":["GET"]}}],"collection":[{"href":"https:\/\/dzimi-blog.de\/fr\/wp-json\/wp\/v2\/pages"}],"about":[{"href":"https:\/\/dzimi-blog.de\/fr\/wp-json\/wp\/v2\/types\/page"}],"author":[{"embeddable":true,"href":"https:\/\/dzimi-blog.de\/fr\/wp-json\/wp\/v2\/users\/1"}],"replies":[{"embeddable":true,"href":"https:\/\/dzimi-blog.de\/fr\/wp-json\/wp\/v2\/comments?post=429"}],"version-history":[{"count":0,"href":"https:\/\/dzimi-blog.de\/fr\/wp-json\/wp\/v2\/pages\/429\/revisions"}],"wp:attachment":[{"href":"https:\/\/dzimi-blog.de\/fr\/wp-json\/wp\/v2\/media?parent=429"}],"curies":[{"name":"wp","href":"https:\/\/api.w.org\/{rel}","templated":true}]}}