{"id":1329,"date":"2025-03-15T09:39:53","date_gmt":"2025-03-15T09:39:53","guid":{"rendered":"https:\/\/dzimi-blog.de\/?page_id=1329"},"modified":"2025-10-12T11:06:34","modified_gmt":"2025-10-12T11:06:34","slug":"dzimi-ante-portas-der-weg-nach-rom-2027","status":"publish","type":"page","link":"https:\/\/dzimi-blog.de\/hr\/dzimi-ante-portas-der-weg-nach-rom-2027","title":{"rendered":"Dzimi Ante Portas \u2013 Put u Rim (2027)"},"content":{"rendered":"<div data-elementor-type=\"wp-page\" data-elementor-id=\"1329\" class=\"elementor elementor-1329\" data-elementor-post-type=\"page\">\n\t\t\t\t<div class=\"elementor-element elementor-element-931bb8f e-flex e-con-boxed e-con e-parent\" data-id=\"931bb8f\" data-element_type=\"container\" data-e-type=\"container\">\n\t\t\t\t\t<div class=\"e-con-inner\">\n\t\t\t\t<div class=\"elementor-element elementor-element-f312abe elementor-nav-menu--dropdown-tablet elementor-nav-menu__text-align-aside elementor-nav-menu--toggle elementor-nav-menu--burger elementor-widget elementor-widget-nav-menu\" data-id=\"f312abe\" data-element_type=\"widget\" data-e-type=\"widget\" data-settings=\"{&quot;layout&quot;:&quot;horizontal&quot;,&quot;submenu_icon&quot;:{&quot;value&quot;:&quot;&lt;svg aria-hidden=\\&quot;true\\&quot; class=\\&quot;e-font-icon-svg e-fas-caret-down\\&quot; viewBox=\\&quot;0 0 320 512\\&quot; xmlns=\\&quot;http:\\\/\\\/www.w3.org\\\/2000\\\/svg\\&quot;&gt;&lt;path d=\\&quot;M31.3 192h257.3c17.8 0 26.7 21.5 14.1 34.1L174.1 354.8c-7.8 7.8-20.5 7.8-28.3 0L17.2 226.1C4.6 213.5 13.5 192 31.3 192z\\&quot;&gt;&lt;\\\/path&gt;&lt;\\\/svg&gt;&quot;,&quot;library&quot;:&quot;fa-solid&quot;},&quot;toggle&quot;:&quot;burger&quot;}\" data-widget_type=\"nav-menu.default\">\n\t\t\t\t<div class=\"elementor-widget-container\">\n\t\t\t\t\t\t\t\t<nav aria-label=\"Jelovnik\" class=\"elementor-nav-menu--main elementor-nav-menu__container elementor-nav-menu--layout-horizontal e--pointer-underline e--animation-fade\">\n\t\t\t\t<ul id=\"menu-1-f312abe\" class=\"elementor-nav-menu\"><li class=\"menu-item menu-item-type-post_type menu-item-object-page menu-item-home menu-item-31\"><a href=\"https:\/\/dzimi-blog.de\/hr\/\" class=\"elementor-item\">Po\u010detna stranica<\/a><\/li>\n<li class=\"menu-item menu-item-type-post_type menu-item-object-page menu-item-1649\"><a href=\"https:\/\/dzimi-blog.de\/hr\/elementor-seite-1647\" class=\"elementor-item\">Moj Camino de Santiago<\/a><\/li>\n<li class=\"menu-item menu-item-type-post_type menu-item-object-page menu-item-713\"><a href=\"https:\/\/dzimi-blog.de\/hr\/projekt-schizophrenie-meistern\" class=\"elementor-item\">Savladavanje \u017eivotne faze shizofrenije!<\/a><\/li>\n<li class=\"menu-item menu-item-type-post_type menu-item-object-page menu-item-397\"><a href=\"https:\/\/dzimi-blog.de\/hr\/zusaetzliches\" class=\"elementor-item\">Dodatno<\/a><\/li>\n<li class=\"menu-item menu-item-type-post_type menu-item-object-page menu-item-1862\"><a href=\"https:\/\/dzimi-blog.de\/hr\/dzimi-ante-portas-der-weg-nach-rom-2027\" class=\"elementor-item\">Dzimi Ante Portas \u2013 Put za Rim<\/a><\/li>\n<li class=\"menu-item menu-item-type-post_type menu-item-object-page menu-item-2184\"><a href=\"https:\/\/dzimi-blog.de\/hr\/kroatien\" class=\"elementor-item\">Hrvatska<\/a><\/li>\n<li class=\"menu-item menu-item-type-post_type menu-item-object-page menu-item-2465\"><a href=\"https:\/\/dzimi-blog.de\/hr\/elementor-2458\" class=\"elementor-item\">Rocamadour 2026.<\/a><\/li>\n<li class=\"menu-item menu-item-type-post_type menu-item-object-page menu-item-privacy-policy menu-item-1226\"><a rel=\"privacy-policy\" href=\"https:\/\/dzimi-blog.de\/hr\/privacy-policy\" class=\"elementor-item\">Pravila o privatnosti<\/a><\/li>\n<\/ul>\t\t\t<\/nav>\n\t\t\t\t\t<div class=\"elementor-menu-toggle\" role=\"button\" tabindex=\"0\" aria-label=\"Preklopni izbornik\" aria-expanded=\"false\">\n\t\t\t<svg aria-hidden=\"true\" role=\"presentation\" class=\"elementor-menu-toggle__icon--open e-font-icon-svg e-eicon-menu-bar\" viewbox=\"0 0 1000 1000\" xmlns=\"http:\/\/www.w3.org\/2000\/svg\"><path d=\"M104 333H896C929 333 958 304 958 271S929 208 896 208H104C71 208 42 237 42 271S71 333 104 333ZM104 583H896C929 583 958 554 958 521S929 458 896 458H104C71 458 42 487 42 521S71 583 104 583ZM104 833H896C929 833 958 804 958 771S929 708 896 708H104C71 708 42 737 42 771S71 833 104 833Z\"><\/path><\/svg><svg aria-hidden=\"true\" role=\"presentation\" class=\"elementor-menu-toggle__icon--close e-font-icon-svg e-eicon-close\" viewbox=\"0 0 1000 1000\" xmlns=\"http:\/\/www.w3.org\/2000\/svg\"><path d=\"M742 167L500 408 258 167C246 154 233 150 217 150 196 150 179 158 167 167 154 179 150 196 150 212 150 229 154 242 171 254L408 500 167 742C138 771 138 800 167 829 196 858 225 858 254 829L496 587 738 829C750 842 767 846 783 846 800 846 817 842 829 829 842 817 846 804 846 783 846 767 842 750 829 737L588 500 833 258C863 229 863 200 833 171 804 137 775 137 742 167Z\"><\/path><\/svg>\t\t<\/div>\n\t\t\t\t\t<nav class=\"elementor-nav-menu--dropdown elementor-nav-menu__container\" aria-hidden=\"true\">\n\t\t\t\t<ul id=\"menu-2-f312abe\" class=\"elementor-nav-menu\"><li class=\"menu-item menu-item-type-post_type menu-item-object-page menu-item-home menu-item-31\"><a href=\"https:\/\/dzimi-blog.de\/hr\/\" class=\"elementor-item\" tabindex=\"-1\">Po\u010detna stranica<\/a><\/li>\n<li class=\"menu-item menu-item-type-post_type menu-item-object-page menu-item-1649\"><a href=\"https:\/\/dzimi-blog.de\/hr\/elementor-seite-1647\" class=\"elementor-item\" tabindex=\"-1\">Moj Camino de Santiago<\/a><\/li>\n<li class=\"menu-item menu-item-type-post_type menu-item-object-page menu-item-713\"><a href=\"https:\/\/dzimi-blog.de\/hr\/projekt-schizophrenie-meistern\" class=\"elementor-item\" tabindex=\"-1\">Savladavanje \u017eivotne faze shizofrenije!<\/a><\/li>\n<li class=\"menu-item menu-item-type-post_type menu-item-object-page menu-item-397\"><a href=\"https:\/\/dzimi-blog.de\/hr\/zusaetzliches\" class=\"elementor-item\" tabindex=\"-1\">Dodatno<\/a><\/li>\n<li class=\"menu-item menu-item-type-post_type menu-item-object-page menu-item-1862\"><a href=\"https:\/\/dzimi-blog.de\/hr\/dzimi-ante-portas-der-weg-nach-rom-2027\" class=\"elementor-item\" tabindex=\"-1\">Dzimi Ante Portas \u2013 Put za Rim<\/a><\/li>\n<li class=\"menu-item menu-item-type-post_type menu-item-object-page menu-item-2184\"><a href=\"https:\/\/dzimi-blog.de\/hr\/kroatien\" class=\"elementor-item\" tabindex=\"-1\">Hrvatska<\/a><\/li>\n<li class=\"menu-item menu-item-type-post_type menu-item-object-page menu-item-2465\"><a href=\"https:\/\/dzimi-blog.de\/hr\/elementor-2458\" class=\"elementor-item\" tabindex=\"-1\">Rocamadour 2026.<\/a><\/li>\n<li class=\"menu-item menu-item-type-post_type menu-item-object-page menu-item-privacy-policy menu-item-1226\"><a rel=\"privacy-policy\" href=\"https:\/\/dzimi-blog.de\/hr\/privacy-policy\" class=\"elementor-item\" tabindex=\"-1\">Pravila o privatnosti<\/a><\/li>\n<\/ul>\t\t\t<\/nav>\n\t\t\t\t\t\t<\/div>\n\t\t\t\t<\/div>\n\t\t\t\t\t<\/div>\n\t\t\t\t<\/div>\n\t\t<div class=\"elementor-element elementor-element-6e9e46f e-flex e-con-boxed e-con e-parent\" data-id=\"6e9e46f\" data-element_type=\"container\" data-e-type=\"container\">\n\t\t\t\t\t<div class=\"e-con-inner\">\n\t\t\t\t<div class=\"elementor-element elementor-element-d5bf30a elementor-widget elementor-widget-text-editor\" data-id=\"d5bf30a\" data-element_type=\"widget\" data-e-type=\"widget\" data-widget_type=\"text-editor.default\">\n\t\t\t\t<div class=\"elementor-widget-container\">\n\t\t\t\t\t\t\t\t\t<p><br \/>Romediusova staza bi se od 2027. mogla protezati sve do Rima!<\/p><p>Ako je izvedivo (s obzirom na staze), onda bih htio hodo\u010dastiti iz Innsbrucka (preko Alpa \ud83d\ude09) u Rim u samo nekoliko etapa!<\/p>\t\t\t\t\t\t\t\t<\/div>\n\t\t\t\t<\/div>\n\t\t\t\t\t<\/div>\n\t\t\t\t<\/div>\n\t\t<div class=\"elementor-element elementor-element-8f2b201 e-flex e-con-boxed e-con e-parent\" data-id=\"8f2b201\" data-element_type=\"container\" data-e-type=\"container\">\n\t\t\t\t\t<div class=\"e-con-inner\">\n\t\t\t\t<div class=\"elementor-element elementor-element-6dd9bb1 elementor-widget elementor-widget-text-editor\" data-id=\"6dd9bb1\" data-element_type=\"widget\" data-e-type=\"widget\" data-widget_type=\"text-editor.default\">\n\t\t\t\t<div class=\"elementor-widget-container\">\n\t\t\t\t\t\t\t\t\t<p><br><a href=\"https:\/\/www.romedius-pilgerweg.at\" target=\"_blank\" rel=\"noopener\">Web stranica Romedia Waya<\/a><br><br><\/p>\t\t\t\t\t\t\t\t<\/div>\n\t\t\t\t<\/div>\n\t\t\t\t\t<\/div>\n\t\t\t\t<\/div>\n\t\t\t\t<\/div>","protected":false},"excerpt":{"rendered":"<p>Romediusova staza, mogu\u0107e produ\u017eenje do Rima od 2027.! Ako je izvedivo (uvjeti na stazi), volio bih hodo\u010dastiti od Innsbrucka (preko Alpa \ud83d\ude09) do Rima u samo nekoliko etapa! Web stranica Romediusove staze<\/p>","protected":false},"author":1,"featured_media":0,"parent":0,"menu_order":0,"comment_status":"closed","ping_status":"closed","template":"","meta":{"footnotes":""},"class_list":["post-1329","page","type-page","status-publish","hentry"],"_links":{"self":[{"href":"https:\/\/dzimi-blog.de\/hr\/wp-json\/wp\/v2\/pages\/1329","targetHints":{"allow":["GET"]}}],"collection":[{"href":"https:\/\/dzimi-blog.de\/hr\/wp-json\/wp\/v2\/pages"}],"about":[{"href":"https:\/\/dzimi-blog.de\/hr\/wp-json\/wp\/v2\/types\/page"}],"author":[{"embeddable":true,"href":"https:\/\/dzimi-blog.de\/hr\/wp-json\/wp\/v2\/users\/1"}],"replies":[{"embeddable":true,"href":"https:\/\/dzimi-blog.de\/hr\/wp-json\/wp\/v2\/comments?post=1329"}],"version-history":[{"count":0,"href":"https:\/\/dzimi-blog.de\/hr\/wp-json\/wp\/v2\/pages\/1329\/revisions"}],"wp:attachment":[{"href":"https:\/\/dzimi-blog.de\/hr\/wp-json\/wp\/v2\/media?parent=1329"}],"curies":[{"name":"radni list","href":"https:\/\/api.w.org\/{rel}","templated":true}]}}