{"id":29,"date":"2024-01-08T14:11:35","date_gmt":"2024-01-08T14:11:35","guid":{"rendered":"http:\/\/dzimi-blog.de\/front_page"},"modified":"2026-05-02T13:46:34","modified_gmt":"2026-05-02T13:46:34","slug":"front_page","status":"publish","type":"page","link":"https:\/\/dzimi-blog.de\/hr\/","title":{"rendered":"Dobrodo\u0161li"},"content":{"rendered":"<div data-elementor-type=\"wp-page\" data-elementor-id=\"29\" class=\"elementor elementor-29\" data-elementor-post-type=\"page\">\n\t\t\t\t<div class=\"elementor-element elementor-element-44d31ec7 e-flex e-con-boxed e-con e-parent\" data-id=\"44d31ec7\" data-element_type=\"container\" data-e-type=\"container\">\n\t\t\t\t\t<div class=\"e-con-inner\">\n\t\t\t\t<div class=\"elementor-element elementor-element-3bd5e89 elementor-nav-menu--dropdown-tablet elementor-nav-menu__text-align-aside elementor-nav-menu--toggle elementor-nav-menu--burger elementor-widget elementor-widget-nav-menu\" data-id=\"3bd5e89\" data-element_type=\"widget\" data-e-type=\"widget\" data-settings=\"{&quot;layout&quot;:&quot;horizontal&quot;,&quot;submenu_icon&quot;:{&quot;value&quot;:&quot;&lt;svg aria-hidden=\\&quot;true\\&quot; class=\\&quot;e-font-icon-svg e-fas-caret-down\\&quot; viewBox=\\&quot;0 0 320 512\\&quot; xmlns=\\&quot;http:\\\/\\\/www.w3.org\\\/2000\\\/svg\\&quot;&gt;&lt;path d=\\&quot;M31.3 192h257.3c17.8 0 26.7 21.5 14.1 34.1L174.1 354.8c-7.8 7.8-20.5 7.8-28.3 0L17.2 226.1C4.6 213.5 13.5 192 31.3 192z\\&quot;&gt;&lt;\\\/path&gt;&lt;\\\/svg&gt;&quot;,&quot;library&quot;:&quot;fa-solid&quot;},&quot;toggle&quot;:&quot;burger&quot;}\" data-widget_type=\"nav-menu.default\">\n\t\t\t\t<div class=\"elementor-widget-container\">\n\t\t\t\t\t\t\t\t<nav aria-label=\"Jelovnik\" class=\"elementor-nav-menu--main elementor-nav-menu__container elementor-nav-menu--layout-horizontal e--pointer-underline e--animation-fade\">\n\t\t\t\t<ul id=\"menu-1-3bd5e89\" class=\"elementor-nav-menu\"><li class=\"menu-item menu-item-type-post_type menu-item-object-page menu-item-home menu-item-31\"><a href=\"https:\/\/dzimi-blog.de\/hr\/\" class=\"elementor-item\">Po\u010detna stranica<\/a><\/li>\n<li class=\"menu-item menu-item-type-post_type menu-item-object-page menu-item-1649\"><a href=\"https:\/\/dzimi-blog.de\/hr\/elementor-seite-1647\" class=\"elementor-item\">Moj Camino de Santiago<\/a><\/li>\n<li class=\"menu-item menu-item-type-post_type menu-item-object-page menu-item-713\"><a href=\"https:\/\/dzimi-blog.de\/hr\/projekt-schizophrenie-meistern\" class=\"elementor-item\">Savladavanje \u017eivotne faze shizofrenije!<\/a><\/li>\n<li class=\"menu-item menu-item-type-post_type menu-item-object-page menu-item-397\"><a href=\"https:\/\/dzimi-blog.de\/hr\/zusaetzliches\" class=\"elementor-item\">Dodatno<\/a><\/li>\n<li class=\"menu-item menu-item-type-post_type menu-item-object-page menu-item-1862\"><a href=\"https:\/\/dzimi-blog.de\/hr\/dzimi-ante-portas-der-weg-nach-rom-2027\" class=\"elementor-item\">Dzimi Ante Portas \u2013 Put za Rim<\/a><\/li>\n<li class=\"menu-item menu-item-type-post_type menu-item-object-page menu-item-2184\"><a href=\"https:\/\/dzimi-blog.de\/hr\/kroatien\" class=\"elementor-item\">Hrvatska<\/a><\/li>\n<li class=\"menu-item menu-item-type-post_type menu-item-object-page menu-item-2465\"><a href=\"https:\/\/dzimi-blog.de\/hr\/elementor-2458\" class=\"elementor-item\">Rocamadour 2026.<\/a><\/li>\n<li class=\"menu-item menu-item-type-post_type menu-item-object-page menu-item-privacy-policy menu-item-1226\"><a rel=\"privacy-policy\" href=\"https:\/\/dzimi-blog.de\/hr\/privacy-policy\" class=\"elementor-item\">Pravila o privatnosti<\/a><\/li>\n<\/ul>\t\t\t<\/nav>\n\t\t\t\t\t<div class=\"elementor-menu-toggle\" role=\"button\" tabindex=\"0\" aria-label=\"Preklopni izbornik\" aria-expanded=\"false\">\n\t\t\t<svg aria-hidden=\"true\" role=\"presentation\" class=\"elementor-menu-toggle__icon--open e-font-icon-svg e-eicon-menu-bar\" viewbox=\"0 0 1000 1000\" xmlns=\"http:\/\/www.w3.org\/2000\/svg\"><path d=\"M104 333H896C929 333 958 304 958 271S929 208 896 208H104C71 208 42 237 42 271S71 333 104 333ZM104 583H896C929 583 958 554 958 521S929 458 896 458H104C71 458 42 487 42 521S71 583 104 583ZM104 833H896C929 833 958 804 958 771S929 708 896 708H104C71 708 42 737 42 771S71 833 104 833Z\"><\/path><\/svg><svg aria-hidden=\"true\" role=\"presentation\" class=\"elementor-menu-toggle__icon--close e-font-icon-svg e-eicon-close\" viewbox=\"0 0 1000 1000\" xmlns=\"http:\/\/www.w3.org\/2000\/svg\"><path d=\"M742 167L500 408 258 167C246 154 233 150 217 150 196 150 179 158 167 167 154 179 150 196 150 212 150 229 154 242 171 254L408 500 167 742C138 771 138 800 167 829 196 858 225 858 254 829L496 587 738 829C750 842 767 846 783 846 800 846 817 842 829 829 842 817 846 804 846 783 846 767 842 750 829 737L588 500 833 258C863 229 863 200 833 171 804 137 775 137 742 167Z\"><\/path><\/svg>\t\t<\/div>\n\t\t\t\t\t<nav class=\"elementor-nav-menu--dropdown elementor-nav-menu__container\" aria-hidden=\"true\">\n\t\t\t\t<ul id=\"menu-2-3bd5e89\" class=\"elementor-nav-menu\"><li class=\"menu-item menu-item-type-post_type menu-item-object-page menu-item-home menu-item-31\"><a href=\"https:\/\/dzimi-blog.de\/hr\/\" class=\"elementor-item\" tabindex=\"-1\">Po\u010detna stranica<\/a><\/li>\n<li class=\"menu-item menu-item-type-post_type menu-item-object-page menu-item-1649\"><a href=\"https:\/\/dzimi-blog.de\/hr\/elementor-seite-1647\" class=\"elementor-item\" tabindex=\"-1\">Moj Camino de Santiago<\/a><\/li>\n<li class=\"menu-item menu-item-type-post_type menu-item-object-page menu-item-713\"><a href=\"https:\/\/dzimi-blog.de\/hr\/projekt-schizophrenie-meistern\" class=\"elementor-item\" tabindex=\"-1\">Savladavanje \u017eivotne faze shizofrenije!<\/a><\/li>\n<li class=\"menu-item menu-item-type-post_type menu-item-object-page menu-item-397\"><a href=\"https:\/\/dzimi-blog.de\/hr\/zusaetzliches\" class=\"elementor-item\" tabindex=\"-1\">Dodatno<\/a><\/li>\n<li class=\"menu-item menu-item-type-post_type menu-item-object-page menu-item-1862\"><a href=\"https:\/\/dzimi-blog.de\/hr\/dzimi-ante-portas-der-weg-nach-rom-2027\" class=\"elementor-item\" tabindex=\"-1\">Dzimi Ante Portas \u2013 Put za Rim<\/a><\/li>\n<li class=\"menu-item menu-item-type-post_type menu-item-object-page menu-item-2184\"><a href=\"https:\/\/dzimi-blog.de\/hr\/kroatien\" class=\"elementor-item\" tabindex=\"-1\">Hrvatska<\/a><\/li>\n<li class=\"menu-item menu-item-type-post_type menu-item-object-page menu-item-2465\"><a href=\"https:\/\/dzimi-blog.de\/hr\/elementor-2458\" class=\"elementor-item\" tabindex=\"-1\">Rocamadour 2026.<\/a><\/li>\n<li class=\"menu-item menu-item-type-post_type menu-item-object-page menu-item-privacy-policy menu-item-1226\"><a rel=\"privacy-policy\" href=\"https:\/\/dzimi-blog.de\/hr\/privacy-policy\" class=\"elementor-item\" tabindex=\"-1\">Pravila o privatnosti<\/a><\/li>\n<\/ul>\t\t\t<\/nav>\n\t\t\t\t\t\t<\/div>\n\t\t\t\t<\/div>\n\t\t\t\t\t<\/div>\n\t\t\t\t<\/div>\n\t\t<div class=\"elementor-element elementor-element-d3b6de2 e-flex e-con-boxed e-con e-parent\" data-id=\"d3b6de2\" data-element_type=\"container\" data-e-type=\"container\">\n\t\t\t\t\t<div class=\"e-con-inner\">\n\t\t\t\t<div class=\"elementor-element elementor-element-7b2b2eb elementor-widget elementor-widget-text-editor\" data-id=\"7b2b2eb\" data-element_type=\"widget\" data-e-type=\"widget\" data-widget_type=\"text-editor.default\">\n\t\t\t\t<div class=\"elementor-widget-container\">\n\t\t\t\t\t\t\t\t\t<p><u style=\"color: var( --e-global-color-text ); font-family: var( --e-global-typography-text-font-family ), Sans-serif; font-weight: var( --e-global-typography-text-font-weight ); text-align: var(--text-align);\"><br \/>Dobrodo\u0161li na blog D\u017eimija \u0160ok\u010devi\u0107a.<\/u><\/p><p>Sljede\u0107im izvje\u0161tajima, a posebno slikama, \u017eelio bih vas upoznati sa svojim svijetom!<\/p><p>Moj blog je kronolo\u0161ki strukturiran i pokrenut je prije otprilike 5 godina (2021.). Ideja je do\u0161la iz mog dru\u0161tvenog kruga. Prijatelji, suputnici, a posebno moj psiholog, ohrabrivali su me da podijelim svoja iskustva iz \u017eivota i bolesti.<\/p><p>Blog se fokusira na moju shizofreniju, moje hodo\u010da\u0161\u0107e putem sv. Jakova koje \u0107e zavr\u0161iti u prolje\u0107e 2026., hodo\u010da\u0161\u0107a op\u0107enito i moj \u017eivot! (Dzimi's world!) \ud83d\ude09<\/p><p><u>A\u017euriranje:<br \/><\/u>\u2013 Put sv. Jakova: 5\/5 u tijeku\u00a0<\/p><p>\u00a0<\/p>\t\t\t\t\t\t\t\t<\/div>\n\t\t\t\t<\/div>\n\t\t\t\t\t<\/div>\n\t\t\t\t<\/div>\n\t\t<div class=\"elementor-element elementor-element-cc608da e-flex e-con-boxed e-con e-parent\" data-id=\"cc608da\" data-element_type=\"container\" data-e-type=\"container\">\n\t\t\t\t\t<div class=\"e-con-inner\">\n\t\t\t\t<div class=\"elementor-element elementor-element-4abaa7b elementor-widget elementor-widget-text-editor\" data-id=\"4abaa7b\" data-element_type=\"widget\" data-e-type=\"widget\" data-widget_type=\"text-editor.default\">\n\t\t\t\t<div class=\"elementor-widget-container\">\n\t\t\t\t\t\t\t\t\t<p><span style=\"font-weight: bold;\">\u017delim motivirati svoje supatnike da u\u010dine isto.<\/span>, crpiti inspiraciju iz svojih uspjeha i eventualno\u00a0<span style=\"font-weight: bold;\">krenuti sli\u010dnim putem<\/span>. (Camino \u017eivota! \ud83d\ude09)<\/p><p>Nadam se da \u0107ete u\u017eivati u \u010ditanju i pregledavanju mog bloga!<\/p><p>D\u017eimi \u0160ok\u010devi\u0107<\/p>\t\t\t\t\t\t\t\t<\/div>\n\t\t\t\t<\/div>\n\t\t\t\t\t<\/div>\n\t\t\t\t<\/div>\n\t\t<div class=\"elementor-element elementor-element-9be9a43 e-flex e-con-boxed e-con e-parent\" data-id=\"9be9a43\" data-element_type=\"container\" data-e-type=\"container\">\n\t\t\t\t\t<div class=\"e-con-inner\">\n\t\t\t\t<div class=\"elementor-element elementor-element-3cce9bd elementor-widget-divider--view-line elementor-widget elementor-widget-divider\" data-id=\"3cce9bd\" data-element_type=\"widget\" data-e-type=\"widget\" data-widget_type=\"divider.default\">\n\t\t\t\t<div class=\"elementor-widget-container\">\n\t\t\t\t\t\t\t<div class=\"elementor-divider\">\n\t\t\t<span class=\"elementor-divider-separator\">\n\t\t\t\t\t\t<\/span>\n\t\t<\/div>\n\t\t\t\t\t\t<\/div>\n\t\t\t\t<\/div>\n\t\t\t\t\t<\/div>\n\t\t\t\t<\/div>\n\t\t<div class=\"elementor-element elementor-element-5bc257d e-flex e-con-boxed e-con e-parent\" data-id=\"5bc257d\" data-element_type=\"container\" data-e-type=\"container\">\n\t\t\t\t\t<div class=\"e-con-inner\">\n\t\t\t\t<div class=\"elementor-element elementor-element-d4d7831 elementor-widget elementor-widget-video\" data-id=\"d4d7831\" data-element_type=\"widget\" data-e-type=\"widget\" data-settings=\"{&quot;youtube_url&quot;:&quot;https:\\\/\\\/www.youtube.com\\\/watch?v=gYvM7_zM4Xs&quot;,&quot;video_type&quot;:&quot;youtube&quot;,&quot;controls&quot;:&quot;yes&quot;}\" data-widget_type=\"video.default\">\n\t\t\t\t<div class=\"elementor-widget-container\">\n\t\t\t\t\t\t\t<div class=\"elementor-wrapper elementor-open-inline\">\n\t\t\t<div class=\"elementor-video\"><\/div>\t\t<\/div>\n\t\t\t\t\t\t<\/div>\n\t\t\t\t<\/div>\n\t\t\t\t\t<\/div>\n\t\t\t\t<\/div>\n\t\t<div class=\"elementor-element elementor-element-f8e94ce e-flex e-con-boxed e-con e-parent\" data-id=\"f8e94ce\" data-element_type=\"container\" data-e-type=\"container\">\n\t\t\t\t\t<div class=\"e-con-inner\">\n\t\t\t\t<div class=\"elementor-element elementor-element-6dd40c8 elementor-widget elementor-widget-text-editor\" data-id=\"6dd40c8\" data-element_type=\"widget\" data-e-type=\"widget\" data-widget_type=\"text-editor.default\">\n\t\t\t\t<div class=\"elementor-widget-container\">\n\t\t\t\t\t\t\t\t\t<p><i>Pater Noster \u2013 O\u010de na\u0161, molitva kr\u0161\u0107ana<\/i><\/p>\t\t\t\t\t\t\t\t<\/div>\n\t\t\t\t<\/div>\n\t\t\t\t\t<\/div>\n\t\t\t\t<\/div>\n\t\t<div class=\"elementor-element elementor-element-767f720 e-flex e-con-boxed e-con e-parent\" data-id=\"767f720\" data-element_type=\"container\" data-e-type=\"container\">\n\t\t\t\t\t<div class=\"e-con-inner\">\n\t\t\t\t<div class=\"elementor-element elementor-element-780bf4e elementor-widget-divider--view-line elementor-widget elementor-widget-divider\" data-id=\"780bf4e\" data-element_type=\"widget\" data-e-type=\"widget\" data-widget_type=\"divider.default\">\n\t\t\t\t<div class=\"elementor-widget-container\">\n\t\t\t\t\t\t\t<div class=\"elementor-divider\">\n\t\t\t<span class=\"elementor-divider-separator\">\n\t\t\t\t\t\t<\/span>\n\t\t<\/div>\n\t\t\t\t\t\t<\/div>\n\t\t\t\t<\/div>\n\t\t\t\t\t<\/div>\n\t\t\t\t<\/div>\n\t\t<div class=\"elementor-element elementor-element-267e1c6 e-flex e-con-boxed e-con e-parent\" data-id=\"267e1c6\" data-element_type=\"container\" data-e-type=\"container\">\n\t\t\t\t\t<div class=\"e-con-inner\">\n\t\t\t\t<div class=\"elementor-element elementor-element-89a4cc4 elementor-widget elementor-widget-text-editor\" data-id=\"89a4cc4\" data-element_type=\"widget\" data-e-type=\"widget\" data-widget_type=\"text-editor.default\">\n\t\t\t\t<div class=\"elementor-widget-container\">\n\t\t\t\t\t\t\t\t\t<p>Naj\u010de\u0161\u0107e pitanje koje osobno dobivam u vezi Camina de Santiago je:<\/p><p class=\"translation-block\"><i><span style=\"font-weight: bold\">&quot;Gdje po\u010dinje Camino de Santiago?&quot;<br><\/span><\/i> Moj iskren odgovor:<br> <i><span>&quot;Pred va\u0161im vratima \ud83d\ude09!&quot;<br><\/span><\/i><br> Zaboravite na putovanja svijetom, letenje ili skakanje padobranom: Camino de Santiago mo\u017ee biti ultimativni izazov na mnogo na\u010dina! Ponesite samo najnu\u017enije (5 razli\u010ditih kompleta potrebne odje\u0107e, novac za 3 mjeseca, barem 3 mjeseca vremena i bocu s vodom koju mo\u017eete ponovno napuniti ;-))!<\/p><p>Jo\u0161 imam 200 km do cilja i ne \u017ealim ni jednog potro\u0161enog eura, niti \u017eulja na stopalu (ve\u0107 sam propje\u0161a\u010dio oko 2500 km).<\/p><p class=\"translation-block\">Na vratima crkve sv. Jakova u R\u00fcdesheimu ispisan je sljede\u0107i natpis:<br> <i>\u2013 Vodite pobo\u017ean \u017eivot tijekom svog hodo\u010da\u0161\u0107a \u2013<br><\/i> Neka ova izreka postane i va\u0161 moto!<\/p>\t\t\t\t\t\t\t\t<\/div>\n\t\t\t\t<\/div>\n\t\t\t\t\t<\/div>\n\t\t\t\t<\/div>\n\t\t<div class=\"elementor-element elementor-element-7e6dc1a e-flex e-con-boxed e-con e-parent\" data-id=\"7e6dc1a\" data-element_type=\"container\" data-e-type=\"container\">\n\t\t\t\t\t<div class=\"e-con-inner\">\n\t\t\t\t<div class=\"elementor-element elementor-element-a72fc6a elementor-widget elementor-widget-image\" data-id=\"a72fc6a\" data-element_type=\"widget\" data-e-type=\"widget\" data-widget_type=\"image.default\">\n\t\t\t\t<div class=\"elementor-widget-container\">\n\t\t\t\t\t\t\t\t\t\t\t\t\t\t\t<img fetchpriority=\"high\" decoding=\"async\" width=\"640\" height=\"480\" src=\"https:\/\/dzimi-blog.de\/wp-content\/uploads\/2024\/08\/Buen_Camino-1024x768.jpg\" class=\"attachment-large size-large wp-image-832\" alt=\"\" srcset=\"https:\/\/dzimi-blog.de\/wp-content\/uploads\/2024\/08\/Buen_Camino-1024x768.jpg 1024w, https:\/\/dzimi-blog.de\/wp-content\/uploads\/2024\/08\/Buen_Camino-300x225.jpg 300w, https:\/\/dzimi-blog.de\/wp-content\/uploads\/2024\/08\/Buen_Camino-768x576.jpg 768w, https:\/\/dzimi-blog.de\/wp-content\/uploads\/2024\/08\/Buen_Camino-1536x1152.jpg 1536w, https:\/\/dzimi-blog.de\/wp-content\/uploads\/2024\/08\/Buen_Camino.jpg 2048w\" sizes=\"(max-width: 640px) 100vw, 640px\" \/>\t\t\t\t\t\t\t\t\t\t\t\t\t\t\t<\/div>\n\t\t\t\t<\/div>\n\t\t\t\t\t<\/div>\n\t\t\t\t<\/div>\n\t\t<div class=\"elementor-element elementor-element-e1eb457 e-flex e-con-boxed e-con e-parent\" data-id=\"e1eb457\" data-element_type=\"container\" data-e-type=\"container\">\n\t\t\t\t\t<div class=\"e-con-inner\">\n\t\t\t\t<div class=\"elementor-element elementor-element-69dc651 elementor-widget elementor-widget-text-editor\" data-id=\"69dc651\" data-element_type=\"widget\" data-e-type=\"widget\" data-widget_type=\"text-editor.default\">\n\t\t\t\t<div class=\"elementor-widget-container\">\n\t\t\t\t\t\t\t\t\t<p class=\"translation-block\">...na usponu na Pirineje (Camino Reload II\/V) bilo je drugih trka\u010da (uz stazu) koji su nas motivirali rije\u010dima: <i>\u201eBUEN CAMINO!\u201c<\/i><br> Kad sam preno\u0107io u St. Jean de Portu (po\u010detna to\u010dka za Pirineje), vlasnik hotela je tako\u0111er s velikim ponosom rekao: <i>\u201eBUEN CAMINO!\u201c<\/i><br> Tada sam te\u017eio oko 170 kg... \ud83d\ude09 ali bio sam u dobroj formi zahvaljuju\u0107i poslu (mobilna slu\u017eba) u Deutsche Bahnu. Osim toga, \u010dizme su mi bile razgojene od hodo\u010da\u0161\u0107a Camino Reload I\/V u Lourdes!<\/p>\t\t\t\t\t\t\t\t<\/div>\n\t\t\t\t<\/div>\n\t\t\t\t\t<\/div>\n\t\t\t\t<\/div>\n\t\t<div class=\"elementor-element elementor-element-a3ec340 e-flex e-con-boxed e-con e-parent\" data-id=\"a3ec340\" data-element_type=\"container\" data-e-type=\"container\">\n\t\t\t\t\t<div class=\"e-con-inner\">\n\t\t\t\t<div class=\"elementor-element elementor-element-c464709 elementor-widget-divider--view-line elementor-widget elementor-widget-divider\" data-id=\"c464709\" data-element_type=\"widget\" data-e-type=\"widget\" data-widget_type=\"divider.default\">\n\t\t\t\t<div class=\"elementor-widget-container\">\n\t\t\t\t\t\t\t<div class=\"elementor-divider\">\n\t\t\t<span class=\"elementor-divider-separator\">\n\t\t\t\t\t\t<\/span>\n\t\t<\/div>\n\t\t\t\t\t\t<\/div>\n\t\t\t\t<\/div>\n\t\t\t\t\t<\/div>\n\t\t\t\t<\/div>\n\t\t<div class=\"elementor-element elementor-element-a773260 e-flex e-con-boxed e-con e-parent\" data-id=\"a773260\" data-element_type=\"container\" data-e-type=\"container\">\n\t\t\t\t\t<div class=\"e-con-inner\">\n\t\t\t\t<div class=\"elementor-element elementor-element-92f9f86 elementor-widget elementor-widget-image\" data-id=\"92f9f86\" data-element_type=\"widget\" data-e-type=\"widget\" data-widget_type=\"image.default\">\n\t\t\t\t<div class=\"elementor-widget-container\">\n\t\t\t\t\t\t\t\t\t\t\t\t\t\t\t<img decoding=\"async\" width=\"640\" height=\"480\" src=\"https:\/\/dzimi-blog.de\/wp-content\/uploads\/2026\/05\/IMG_1213-1-1024x768.jpeg\" class=\"attachment-large size-large wp-image-2651\" alt=\"\" srcset=\"https:\/\/dzimi-blog.de\/wp-content\/uploads\/2026\/05\/IMG_1213-1-1024x768.jpeg 1024w, https:\/\/dzimi-blog.de\/wp-content\/uploads\/2026\/05\/IMG_1213-1-300x225.jpeg 300w, https:\/\/dzimi-blog.de\/wp-content\/uploads\/2026\/05\/IMG_1213-1-768x576.jpeg 768w, https:\/\/dzimi-blog.de\/wp-content\/uploads\/2026\/05\/IMG_1213-1-1536x1152.jpeg 1536w, https:\/\/dzimi-blog.de\/wp-content\/uploads\/2026\/05\/IMG_1213-1-2048x1536.jpeg 2048w, https:\/\/dzimi-blog.de\/wp-content\/uploads\/2026\/05\/IMG_1213-1-16x12.jpeg 16w\" sizes=\"(max-width: 640px) 100vw, 640px\" \/>\t\t\t\t\t\t\t\t\t\t\t\t\t\t\t<\/div>\n\t\t\t\t<\/div>\n\t\t\t\t\t<\/div>\n\t\t\t\t<\/div>\n\t\t<div class=\"elementor-element elementor-element-31b4891 e-flex e-con-boxed e-con e-parent\" data-id=\"31b4891\" data-element_type=\"container\" data-e-type=\"container\">\n\t\t\t\t\t<div class=\"e-con-inner\">\n\t\t\t\t<div class=\"elementor-element elementor-element-c9d8b03 elementor-widget elementor-widget-text-editor\" data-id=\"c9d8b03\" data-element_type=\"widget\" data-e-type=\"widget\" data-widget_type=\"text-editor.default\">\n\t\t\t\t<div class=\"elementor-widget-container\">\n\t\t\t\t\t\t\t\t\t<p>Dzimiova trenutna omiljena fotografija s njegovog Camino de Santiago dosad. Fotografija je snimljena blizu Villafrance del Bierzo u \u0160panjolskoj tijekom 5. etape (2026). Neposredno prije <b>Vrata oprosta<\/b> (Crkva za rano otpust u slu\u010daju bolesti)<\/p>\t\t\t\t\t\t\t\t<\/div>\n\t\t\t\t<\/div>\n\t\t\t\t\t<\/div>\n\t\t\t\t<\/div>\n\t\t<div class=\"elementor-element elementor-element-f969ef4 e-flex e-con-boxed e-con e-parent\" data-id=\"f969ef4\" data-element_type=\"container\" data-e-type=\"container\">\n\t\t\t\t\t<div class=\"e-con-inner\">\n\t\t\t\t<div class=\"elementor-element elementor-element-aeda92b elementor-widget-divider--view-line elementor-widget elementor-widget-divider\" data-id=\"aeda92b\" data-element_type=\"widget\" data-e-type=\"widget\" data-widget_type=\"divider.default\">\n\t\t\t\t<div class=\"elementor-widget-container\">\n\t\t\t\t\t\t\t<div class=\"elementor-divider\">\n\t\t\t<span class=\"elementor-divider-separator\">\n\t\t\t\t\t\t<\/span>\n\t\t<\/div>\n\t\t\t\t\t\t<\/div>\n\t\t\t\t<\/div>\n\t\t\t\t\t<\/div>\n\t\t\t\t<\/div>\n\t\t<div class=\"elementor-element elementor-element-9fc0147 e-flex e-con-boxed e-con e-parent\" data-id=\"9fc0147\" data-element_type=\"container\" data-e-type=\"container\">\n\t\t\t\t\t<div class=\"e-con-inner\">\n\t\t\t\t<div class=\"elementor-element elementor-element-a60ce59 elementor-widget elementor-widget-text-editor\" data-id=\"a60ce59\" data-element_type=\"widget\" data-e-type=\"widget\" data-widget_type=\"text-editor.default\">\n\t\t\t\t<div class=\"elementor-widget-container\">\n\t\t\t\t\t\t\t\t\t<p>Za mene, najljep\u0161a propovijed koju sam ikada \u010duo:<br \/><a href=\"https:\/\/www.youtube.com\/watch?v=8QTiPa8qniQ\" target=\"_blank\" rel=\"noopener\">Blagdan Kr\u0161tenja Gospodinova \u2013 Propovijed nadbiskupa Rainera kardinala Woelkija u katedrali u K\u00f6lnu<\/a><\/p>\t\t\t\t\t\t\t\t<\/div>\n\t\t\t\t<\/div>\n\t\t\t\t\t<\/div>\n\t\t\t\t<\/div>\n\t\t<div class=\"elementor-element elementor-element-2ac1b89 e-flex e-con-boxed e-con e-parent\" data-id=\"2ac1b89\" data-element_type=\"container\" data-e-type=\"container\">\n\t\t\t\t\t<div class=\"e-con-inner\">\n\t\t\t\t<div class=\"elementor-element elementor-element-5c63b08 elementor-widget-divider--view-line elementor-widget elementor-widget-divider\" data-id=\"5c63b08\" data-element_type=\"widget\" data-e-type=\"widget\" data-widget_type=\"divider.default\">\n\t\t\t\t<div class=\"elementor-widget-container\">\n\t\t\t\t\t\t\t<div class=\"elementor-divider\">\n\t\t\t<span class=\"elementor-divider-separator\">\n\t\t\t\t\t\t<\/span>\n\t\t<\/div>\n\t\t\t\t\t\t<\/div>\n\t\t\t\t<\/div>\n\t\t\t\t\t<\/div>\n\t\t\t\t<\/div>\n\t\t<div class=\"elementor-element elementor-element-762e805 e-flex e-con-boxed e-con e-parent\" data-id=\"762e805\" data-element_type=\"container\" data-e-type=\"container\">\n\t\t\t\t\t<div class=\"e-con-inner\">\n\t\t\t\t<div class=\"elementor-element elementor-element-a57cc2b elementor-widget elementor-widget-text-editor\" data-id=\"a57cc2b\" data-element_type=\"widget\" data-e-type=\"widget\" data-widget_type=\"text-editor.default\">\n\t\t\t\t<div class=\"elementor-widget-container\">\n\t\t\t\t\t\t\t\t\t<p class=\"translation-block\"><i style=\"color: var( --e-global-color-text );font-family: var( --e-global-typography-text-font-family ), Sans-serif;font-weight: var( --e-global-typography-text-font-weight );text-align: var(--text-align)\">&quot;Da bismo znali \u0161to je sidro, trebamo oluju.&quot;<\/i> <span>\u00a0<\/span><span style=\"color: var( --e-global-color-text );font-family: var( --e-global-typography-text-font-family ), Sans-serif;font-weight: var( --e-global-typography-text-font-weight );text-align: var(--text-align)\">\u2013 Corrie ten Boom \u2013<\/span><\/p>\t\t\t\t\t\t\t\t<\/div>\n\t\t\t\t<\/div>\n\t\t\t\t\t<\/div>\n\t\t\t\t<\/div>\n\t\t\t\t<\/div>","protected":false},"excerpt":{"rendered":"<p>Willkommen auf dem Blog von Dzimi Sokcevic. Mit den folgenden Berichten und vor allem Bildern m\u00f6chte ich Euch meine Welt vorstellen! Mein Blog ist chronologisch aufgebaut und wurde vor ca. 5 Jahren gestartet (2021). Die Idee daf\u00fcr kam aus meinem Umfeld. Vor allem meine Freunde, Begleiter und meine Psychologin haben mich dazu gest\u00e4rkt, meine Erfahrungen [&hellip;]<\/p>\n","protected":false},"author":1,"featured_media":0,"parent":0,"menu_order":0,"comment_status":"closed","ping_status":"closed","template":"","meta":{"footnotes":""},"class_list":["post-29","page","type-page","status-publish","hentry"],"_links":{"self":[{"href":"https:\/\/dzimi-blog.de\/hr\/wp-json\/wp\/v2\/pages\/29","targetHints":{"allow":["GET"]}}],"collection":[{"href":"https:\/\/dzimi-blog.de\/hr\/wp-json\/wp\/v2\/pages"}],"about":[{"href":"https:\/\/dzimi-blog.de\/hr\/wp-json\/wp\/v2\/types\/page"}],"author":[{"embeddable":true,"href":"https:\/\/dzimi-blog.de\/hr\/wp-json\/wp\/v2\/users\/1"}],"replies":[{"embeddable":true,"href":"https:\/\/dzimi-blog.de\/hr\/wp-json\/wp\/v2\/comments?post=29"}],"version-history":[{"count":0,"href":"https:\/\/dzimi-blog.de\/hr\/wp-json\/wp\/v2\/pages\/29\/revisions"}],"wp:attachment":[{"href":"https:\/\/dzimi-blog.de\/hr\/wp-json\/wp\/v2\/media?parent=29"}],"curies":[{"name":"radni list","href":"https:\/\/api.w.org\/{rel}","templated":true}]}}