{"id":429,"date":"2024-03-30T10:11:14","date_gmt":"2024-03-30T10:11:14","guid":{"rendered":"https:\/\/dzimi-blog.de\/?page_id=429"},"modified":"2025-09-30T03:53:58","modified_gmt":"2025-09-30T03:53:58","slug":"jakobsweg-2008","status":"publish","type":"page","link":"https:\/\/dzimi-blog.de\/hr\/jakobsweg-2008","title":{"rendered":"Prvi Camino de Santiago (2008.)"},"content":{"rendered":"<div data-elementor-type=\"wp-post\" data-elementor-id=\"429\" class=\"elementor elementor-429\" data-elementor-post-type=\"page\">\n\t\t\t\t<div class=\"elementor-element elementor-element-d4a0e1a e-flex e-con-boxed e-con e-parent\" data-id=\"d4a0e1a\" data-element_type=\"container\" data-e-type=\"container\">\n\t\t\t\t\t<div class=\"e-con-inner\">\n\t\t\t\t<div class=\"elementor-element elementor-element-7cb6237 elementor-nav-menu--dropdown-tablet elementor-nav-menu__text-align-aside elementor-nav-menu--toggle elementor-nav-menu--burger elementor-widget elementor-widget-nav-menu\" data-id=\"7cb6237\" data-element_type=\"widget\" data-e-type=\"widget\" data-settings=\"{&quot;layout&quot;:&quot;horizontal&quot;,&quot;submenu_icon&quot;:{&quot;value&quot;:&quot;&lt;svg aria-hidden=\\&quot;true\\&quot; class=\\&quot;e-font-icon-svg e-fas-caret-down\\&quot; viewBox=\\&quot;0 0 320 512\\&quot; xmlns=\\&quot;http:\\\/\\\/www.w3.org\\\/2000\\\/svg\\&quot;&gt;&lt;path d=\\&quot;M31.3 192h257.3c17.8 0 26.7 21.5 14.1 34.1L174.1 354.8c-7.8 7.8-20.5 7.8-28.3 0L17.2 226.1C4.6 213.5 13.5 192 31.3 192z\\&quot;&gt;&lt;\\\/path&gt;&lt;\\\/svg&gt;&quot;,&quot;library&quot;:&quot;fa-solid&quot;},&quot;toggle&quot;:&quot;burger&quot;}\" data-widget_type=\"nav-menu.default\">\n\t\t\t\t<div class=\"elementor-widget-container\">\n\t\t\t\t\t\t\t\t<nav aria-label=\"Jelovnik\" class=\"elementor-nav-menu--main elementor-nav-menu__container elementor-nav-menu--layout-horizontal e--pointer-underline e--animation-fade\">\n\t\t\t\t<ul id=\"menu-1-7cb6237\" class=\"elementor-nav-menu\"><li class=\"menu-item menu-item-type-post_type menu-item-object-page menu-item-home menu-item-1673\"><a href=\"https:\/\/dzimi-blog.de\/hr\/\" class=\"elementor-item\">Dobrodo\u0161li<\/a><\/li>\n<li class=\"menu-item menu-item-type-post_type menu-item-object-page menu-item-1657\"><a href=\"https:\/\/dzimi-blog.de\/hr\/jakobsweg-2008\" class=\"elementor-item\">Prvi Camino de Santiago (2008.)<\/a><\/li>\n<li class=\"menu-item menu-item-type-post_type menu-item-object-page menu-item-1659\"><a href=\"https:\/\/dzimi-blog.de\/hr\/blog\" class=\"elementor-item\">Camino de Santiago, etapa 1 od 5 (2021.)<\/a><\/li>\n<li class=\"menu-item menu-item-type-post_type menu-item-object-page menu-item-1658\"><a href=\"https:\/\/dzimi-blog.de\/hr\/jakobsweg-etappe-2-von-5-2022\" class=\"elementor-item\">Camino de Santiago, faza 2 od 5 (2022.)<\/a><\/li>\n<li class=\"menu-item menu-item-type-post_type menu-item-object-page menu-item-1656\"><a href=\"https:\/\/dzimi-blog.de\/hr\/jakobsweg-etappe-3-von-5-2023\" class=\"elementor-item\">Camino de Santiago, faza 3 od 5 (2023.)<\/a><\/li>\n<li class=\"menu-item menu-item-type-post_type menu-item-object-page menu-item-1655\"><a href=\"https:\/\/dzimi-blog.de\/hr\/jakobsweg-etappe-4-von-5-2024\" class=\"elementor-item\">Camino de Santiago, faza 4 od 5 (2024.)<\/a><\/li>\n<li class=\"menu-item menu-item-type-post_type menu-item-object-page menu-item-1654\"><a href=\"https:\/\/dzimi-blog.de\/hr\/jakobsweg-etappe-5-von-5-10-2025\" class=\"elementor-item\">Camino de Santiago, etapa 5 od 5 (2026.)<\/a><\/li>\n<\/ul>\t\t\t<\/nav>\n\t\t\t\t\t<div class=\"elementor-menu-toggle\" role=\"button\" tabindex=\"0\" aria-label=\"Preklopni izbornik\" aria-expanded=\"false\">\n\t\t\t<svg aria-hidden=\"true\" role=\"presentation\" class=\"elementor-menu-toggle__icon--open e-font-icon-svg e-eicon-menu-bar\" viewbox=\"0 0 1000 1000\" xmlns=\"http:\/\/www.w3.org\/2000\/svg\"><path d=\"M104 333H896C929 333 958 304 958 271S929 208 896 208H104C71 208 42 237 42 271S71 333 104 333ZM104 583H896C929 583 958 554 958 521S929 458 896 458H104C71 458 42 487 42 521S71 583 104 583ZM104 833H896C929 833 958 804 958 771S929 708 896 708H104C71 708 42 737 42 771S71 833 104 833Z\"><\/path><\/svg><svg aria-hidden=\"true\" role=\"presentation\" class=\"elementor-menu-toggle__icon--close e-font-icon-svg e-eicon-close\" viewbox=\"0 0 1000 1000\" xmlns=\"http:\/\/www.w3.org\/2000\/svg\"><path d=\"M742 167L500 408 258 167C246 154 233 150 217 150 196 150 179 158 167 167 154 179 150 196 150 212 150 229 154 242 171 254L408 500 167 742C138 771 138 800 167 829 196 858 225 858 254 829L496 587 738 829C750 842 767 846 783 846 800 846 817 842 829 829 842 817 846 804 846 783 846 767 842 750 829 737L588 500 833 258C863 229 863 200 833 171 804 137 775 137 742 167Z\"><\/path><\/svg>\t\t<\/div>\n\t\t\t\t\t<nav class=\"elementor-nav-menu--dropdown elementor-nav-menu__container\" aria-hidden=\"true\">\n\t\t\t\t<ul id=\"menu-2-7cb6237\" class=\"elementor-nav-menu\"><li class=\"menu-item menu-item-type-post_type menu-item-object-page menu-item-home menu-item-1673\"><a href=\"https:\/\/dzimi-blog.de\/hr\/\" class=\"elementor-item\" tabindex=\"-1\">Dobrodo\u0161li<\/a><\/li>\n<li class=\"menu-item menu-item-type-post_type menu-item-object-page menu-item-1657\"><a href=\"https:\/\/dzimi-blog.de\/hr\/jakobsweg-2008\" class=\"elementor-item\" tabindex=\"-1\">Prvi Camino de Santiago (2008.)<\/a><\/li>\n<li class=\"menu-item menu-item-type-post_type menu-item-object-page menu-item-1659\"><a href=\"https:\/\/dzimi-blog.de\/hr\/blog\" class=\"elementor-item\" tabindex=\"-1\">Camino de Santiago, etapa 1 od 5 (2021.)<\/a><\/li>\n<li class=\"menu-item menu-item-type-post_type menu-item-object-page menu-item-1658\"><a href=\"https:\/\/dzimi-blog.de\/hr\/jakobsweg-etappe-2-von-5-2022\" class=\"elementor-item\" tabindex=\"-1\">Camino de Santiago, faza 2 od 5 (2022.)<\/a><\/li>\n<li class=\"menu-item menu-item-type-post_type menu-item-object-page menu-item-1656\"><a href=\"https:\/\/dzimi-blog.de\/hr\/jakobsweg-etappe-3-von-5-2023\" class=\"elementor-item\" tabindex=\"-1\">Camino de Santiago, faza 3 od 5 (2023.)<\/a><\/li>\n<li class=\"menu-item menu-item-type-post_type menu-item-object-page menu-item-1655\"><a href=\"https:\/\/dzimi-blog.de\/hr\/jakobsweg-etappe-4-von-5-2024\" class=\"elementor-item\" tabindex=\"-1\">Camino de Santiago, faza 4 od 5 (2024.)<\/a><\/li>\n<li class=\"menu-item menu-item-type-post_type menu-item-object-page menu-item-1654\"><a href=\"https:\/\/dzimi-blog.de\/hr\/jakobsweg-etappe-5-von-5-10-2025\" class=\"elementor-item\" tabindex=\"-1\">Camino de Santiago, etapa 5 od 5 (2026.)<\/a><\/li>\n<\/ul>\t\t\t<\/nav>\n\t\t\t\t\t\t<\/div>\n\t\t\t\t<\/div>\n\t\t\t\t\t<\/div>\n\t\t\t\t<\/div>\n\t\t<div class=\"elementor-element elementor-element-63f5f23 e-flex e-con-boxed e-con e-parent\" data-id=\"63f5f23\" data-element_type=\"container\" data-e-type=\"container\">\n\t\t\t\t\t<div class=\"e-con-inner\">\n\t\t\t\t<div class=\"elementor-element elementor-element-4841bee elementor-widget elementor-widget-text-editor\" data-id=\"4841bee\" data-element_type=\"widget\" data-e-type=\"widget\" data-widget_type=\"text-editor.default\">\n\t\t\t\t<div class=\"elementor-widget-container\">\n\t\t\t\t\t\t\t\t\t<p><span style=\"font-weight: bold; font-family: Helvetica, Arial, sans-serif; font-size: 15px;\"><i>Jer tko i\u0161te, prima;<br \/>Tko tra\u017ei, nalazi;\u00a0<\/i><br \/>I onima koji kucaju, vrata \u0107e se otvoriti<br \/><i>(Luka 11:10)<\/i><\/span><\/p>\t\t\t\t\t\t\t\t<\/div>\n\t\t\t\t<\/div>\n\t\t\t\t\t<\/div>\n\t\t\t\t<\/div>\n\t\t<div class=\"elementor-element elementor-element-e409654 e-flex e-con-boxed e-con e-parent\" data-id=\"e409654\" data-element_type=\"container\" data-e-type=\"container\">\n\t\t\t\t\t<div class=\"e-con-inner\">\n\t\t\t\t<div class=\"elementor-element elementor-element-2ea2582 elementor-widget elementor-widget-text-editor\" data-id=\"2ea2582\" data-element_type=\"widget\" data-e-type=\"widget\" data-widget_type=\"text-editor.default\">\n\t\t\t\t<div class=\"elementor-widget-container\">\n\t\t\t\t\t\t\t\t\t<p><span style=\"font-size: 14pt; line-height: 107%; font-family: Arial, sans-serif; color: black; background-image: initial; background-position: initial; background-size: initial; background-repeat: initial; background-attachment: initial; background-origin: initial; background-clip: initial;\">U prolje\u0107e 2008., kao na\u010din suo\u010davanja s tugom, zapo\u010deo sam Camino de Santiago u Trieru u Njema\u010dkoj. Pro\u0161etao sam kroz \u0160vicarsku i Francusku, sve do Barcelone u \u0160panjolskoj. Novac koji sam posudio za putovanje ponestao mi je na \u0161vicarskoj granici (Konstanz). Nakon \u0161to sam u\u0161ao u \u0160vicarsku, mogao sam nastaviti kampirati sa \u0161atorom i vre\u0107om za spavanje, pune\u0107i baterije. Mogao sam pitati lokalne poljoprivrednike za hranu, a gotovo uvijek je bilo krumpira, kruha ili \u010dak mjesta za spavanje u sjeniku.<br>Te\u0161ko da postoji i\u0161ta bolje od toplog kupanja i jutarnje kave s mlijekom nakon 8-satnog planinarenja! Mnogi poljoprivrednici su mi \u010dak dali novac za putovanje i za to \u0161to sam me zamolio da se molim za njih!<br>Po ulasku u Francusku, nekoliko dana sam primao hranu i smje\u0161taj od raznih ljudi. Me\u0111u njima je bio i dar nove vre\u0107e za spavanje i majice od lokalnog dru\u0161tva St. Jacques (Dru\u0161tvo Camino de Santiago). Drugi va\u017ean doma\u0107in odveo me je lokalnom mlinaru, koji mi je dao 50 eura (2008. godine).<br><\/span><span style=\"font-size: 18.6667px; color: #000000; font-family: Arial, sans-serif; font-weight: var( --e-global-typography-text-font-weight ); text-align: var(--text-align);\">Osim toga, boravio sam u francuskom dvorcu (Ch\u00e2teau), mogao sam napuniti baterije nekoliko dana u op\u0107ini Emmaus na jugu Francuske, a zatim potpuno iscrpljen stigao u Barcelonu kao posljednju stanicu putovanja.&nbsp;<br><\/span><span style=\"font-size: 18.6667px; color: #000000; font-family: Arial, sans-serif; font-weight: var( --e-global-typography-text-font-weight ); text-align: var(--text-align);\">Lufthansom sam letio ku\u0107i u Frankfurt!<\/span><\/p>\n<p><span style=\"text-align: var(--text-align);\"><span style=\"color: #000000; font-family: Roboto;\"><span style=\"font-size: 18.6667px;\">&nbsp;<\/span><\/span><\/span><\/p>\n<p><span style=\"text-align: var(--text-align);\"><span style=\"color: #000000; font-family: Roboto;\"><span style=\"font-size: 18.6667px;\"><em>\u201e&quot;An\u0111eli \u010duvari na\u0161ih \u017eivota ponekad lete tako visoko da ih vi\u0161e ne mo\u017eemo vidjeti, ali nas nikada ne gube iz vida.&quot;\u201c<\/em> (\u017dan-Paul)<br><\/span><\/span><br><span style=\"color: #000000; font-family: Roboto;\"><span style=\"font-size: 14pt; font-weight: var( --e-global-typography-text-font-weight );\">Anegdote s ovog putovanja od Triera do Barcelone:<\/span><\/span><\/span><\/p>\n<p><i>&nbsp;<\/i><span style=\"font-size: 18.6667px; color: #000000; font-family: Roboto; font-weight: var( --e-global-typography-text-font-weight ); text-align: var(--text-align);\">\u2013 Ostala sam bez novca odmah preko njema\u010dko-\u0161vicarske granice (to\u010dno kod Konstanza) i nisam znala \u0161to dalje. Nisam htjela odustati od putovanja (za\u0161to bih? \ud83d\ude09) ali barem mi je trebala hrana.&nbsp;<\/span><span style=\"font-weight: var( --e-global-typography-text-font-weight ); text-align: var(--text-align); font-size: 18.6667px; color: #000000; font-family: Roboto;\">Uz rijeku sam sreo dvije \u0160vicarke koje su mi, ukratko, rekle:<\/span><i style=\"font-weight: var( --e-global-typography-text-font-weight ); text-align: var(--text-align); font-size: 18.6667px; color: #000000; font-family: Roboto;\"> \u201e&quot;Mo\u017eete pitati bilo kojeg seljaka pored kojeg nai\u0111ete za krumpir ili skloni\u0161te za no\u0107.&quot;\u201c<\/i><\/p>\n<p><i style=\"font-weight: var( --e-global-typography-text-font-weight ); text-align: var(--text-align); font-size: 18.6667px; color: #000000; font-family: Roboto;\">\u2013 <\/i><span style=\"font-weight: var( --e-global-typography-text-font-weight ); text-align: var(--text-align); font-size: 18.6667px; color: #000000; font-family: Roboto;\">Na putu izme\u0111u Z\u00fcricha i Basela, hodao sam \u0161vicarskom seoskom cestom kad sam ugledao niz glazbenih kazeta (zapetljanu hrpu sme\u0111ih kabela). Na kraju staze, nekoliko metara dalje, na cesti je le\u017ealo 30 \u0161vicarskih franaka!&nbsp;<br><\/span><span style=\"font-weight: var( --e-global-typography-text-font-weight ); text-align: var(--text-align); font-size: 18.6667px; color: #000000; font-family: Roboto;\">Dan je spa\u0161en hranom, pi\u0107em i kavom!&nbsp;<\/span><\/p>\n<p><span style=\"font-weight: var( --e-global-typography-text-font-weight ); text-align: var(--text-align); font-size: 18.6667px; color: #000000; font-family: Roboto;\">Blizu Belforta (F), moj otac doma\u0107in mi je dao svoj sat kao opro\u0161tajni dar, rekav\u0161i: <em>\u201e&quot;Od sada, nikad ne kasni na posao!&quot;\u201c<\/em><\/span><\/p>\n<p><span style=\"font-size: 18.6667px; color: #000000; font-family: Roboto; font-weight: var( --e-global-typography-text-font-weight ); text-align: var(--text-align);\">\u2013 Na mnogim brdima (Vosges, Francuska) mladi voza\u010di su me pitali mogu li me povesti.&nbsp;<\/span><\/p>\n<p><font color=\"#000000\" face=\"Roboto\"><span style=\"font-size: 18.6667px;\">Blizu Lyona su mi rekli: &quot;Mo\u017eete tra\u017eiti smje\u0161taj u bilo kojoj gradskoj vije\u0107nici (Mairie) u Francuskoj do 17 sati; to je zakon u Francuskoj.&quot; Vrhunac \u2013 i voil\u00e0 \u2013 bio je provesti no\u0107 u pravom francuskom dvorcu (Ch\u00e2teau) s ukusnom francuskom hranom!&nbsp;<br><\/span><\/font><font color=\"#000000\" face=\"Roboto\"><span style=\"font-size: 18.6667px;\"><br>&nbsp;<\/span><\/font><span style=\"font-weight: var( --e-global-typography-text-font-weight ); text-align: var(--text-align); font-size: 18.6667px; color: rgb(0, 0, 0); font-family: Roboto;\">\u2013 Po dolasku u Barcelonu (jesen 2008.), oti\u0161ao sam u njema\u010dki konzulat i zatra\u017eio pomo\u0107. Konzularni slu\u017ebenik nazvao je moju banku u Trieru (Brotstra\u00dfe) i odobren mi je limit na ra\u010dunu u simboli\u010dnom \u010detveroznamenkastom iznosu. \ud83d\ude42&nbsp;<\/span><\/p>\n<p><span style=\"color: black; font-family: Roboto; font-size: 14pt; font-weight: var( --e-global-typography-text-font-weight ); text-align: var(--text-align);\">&nbsp;<\/span><\/p>\n<p><span style=\"color: black; font-family: Roboto; font-size: 14pt; font-weight: var( --e-global-typography-text-font-weight ); text-align: var(--text-align);\">&nbsp;<\/span><span style=\"color: black; font-family: Roboto; font-size: 14pt; font-weight: var( --e-global-typography-text-font-weight ); text-align: var(--text-align);\">Ukratko, u dobi od 27 godina, ovo je vjerojatno bila najzanimljivija, najsmje\u0161nija, ali prije svega najizazovnija avantura koju sam ikada poduzeo! Tr\u010dao sam otprilike 2000 kilometara, u prosjeku 25-30 kilometara dnevno. Tr\u010dao sam tri dana zaredom, a zatim sam uzeo dan odmora.&nbsp;<\/span><\/p>\n<p><span style=\"color: black; font-family: Roboto; font-size: 14pt; font-weight: var( --e-global-typography-text-font-weight ); text-align: var(--text-align);\">Danas ponovno u\u010dim francuski ve\u0107 vi\u0161e od dvije godine i namjeravam nastaviti s tim.&nbsp;<br><\/span><span style=\"color: black; font-family: Roboto; font-size: 14pt; font-weight: var( --e-global-typography-text-font-weight ); text-align: var(--text-align);\">Nedavno sam nastavio svoj Camino de Santiago iz Avignona (2021.), trenutno sam u 4. od 5 etapa s otprilike 198 km do Santiaga de Compostele.<\/span><\/p>\t\t\t\t\t\t\t\t<\/div>\n\t\t\t\t<\/div>\n\t\t\t\t\t<\/div>\n\t\t\t\t<\/div>\n\t\t<div class=\"elementor-element elementor-element-3169ed0 e-flex e-con-boxed e-con e-parent\" data-id=\"3169ed0\" data-element_type=\"container\" data-e-type=\"container\">\n\t\t\t\t\t<div class=\"e-con-inner\">\n\t\t\t\t<div class=\"elementor-element elementor-element-b402099 elementor-widget elementor-widget-text-editor\" data-id=\"b402099\" data-element_type=\"widget\" data-e-type=\"widget\" data-widget_type=\"text-editor.default\">\n\t\t\t\t<div class=\"elementor-widget-container\">\n\t\t\t\t\t\t\t\t\t<p>Datum ulaska u plan: Jesen 2025.<br \/>Od zime 2024.<\/p>\t\t\t\t\t\t\t\t<\/div>\n\t\t\t\t<\/div>\n\t\t\t\t\t<\/div>\n\t\t\t\t<\/div>\n\t\t<div class=\"elementor-element elementor-element-301784d e-flex e-con-boxed e-con e-parent\" data-id=\"301784d\" data-element_type=\"container\" data-e-type=\"container\">\n\t\t\t\t\t<div class=\"e-con-inner\">\n\t\t\t\t<div class=\"elementor-element elementor-element-14c1001 elementor-widget-divider--view-line elementor-widget elementor-widget-divider\" data-id=\"14c1001\" data-element_type=\"widget\" data-e-type=\"widget\" data-widget_type=\"divider.default\">\n\t\t\t\t<div class=\"elementor-widget-container\">\n\t\t\t\t\t\t\t<div class=\"elementor-divider\">\n\t\t\t<span class=\"elementor-divider-separator\">\n\t\t\t\t\t\t<\/span>\n\t\t<\/div>\n\t\t\t\t\t\t<\/div>\n\t\t\t\t<\/div>\n\t\t\t\t\t<\/div>\n\t\t\t\t<\/div>\n\t\t<div class=\"elementor-element elementor-element-95c2d36 e-flex e-con-boxed e-con e-parent\" data-id=\"95c2d36\" data-element_type=\"container\" data-e-type=\"container\">\n\t\t\t\t\t<div class=\"e-con-inner\">\n\t\t\t\t<div class=\"elementor-element elementor-element-0d985f1 elementor-widget elementor-widget-image\" data-id=\"0d985f1\" data-element_type=\"widget\" data-e-type=\"widget\" data-widget_type=\"image.default\">\n\t\t\t\t<div class=\"elementor-widget-container\">\n\t\t\t\t\t\t\t\t\t\t\t\t\t\t\t<img fetchpriority=\"high\" decoding=\"async\" width=\"640\" height=\"699\" src=\"https:\/\/dzimi-blog.de\/wp-content\/uploads\/2024\/06\/Jakobsweg_Ausweis-2-937x1024.jpg\" class=\"attachment-large size-large wp-image-691\" alt=\"\" srcset=\"https:\/\/dzimi-blog.de\/wp-content\/uploads\/2024\/06\/Jakobsweg_Ausweis-2-937x1024.jpg 937w, https:\/\/dzimi-blog.de\/wp-content\/uploads\/2024\/06\/Jakobsweg_Ausweis-2-274x300.jpg 274w, https:\/\/dzimi-blog.de\/wp-content\/uploads\/2024\/06\/Jakobsweg_Ausweis-2-768x839.jpg 768w, https:\/\/dzimi-blog.de\/wp-content\/uploads\/2024\/06\/Jakobsweg_Ausweis-2-1405x1536.jpg 1405w, https:\/\/dzimi-blog.de\/wp-content\/uploads\/2024\/06\/Jakobsweg_Ausweis-2-1874x2048.jpg 1874w\" sizes=\"(max-width: 640px) 100vw, 640px\" \/>\t\t\t\t\t\t\t\t\t\t\t\t\t\t\t<\/div>\n\t\t\t\t<\/div>\n\t\t\t\t\t<\/div>\n\t\t\t\t<\/div>\n\t\t<div class=\"elementor-element elementor-element-13e68b2 e-flex e-con-boxed e-con e-parent\" data-id=\"13e68b2\" data-element_type=\"container\" data-e-type=\"container\">\n\t\t\t\t\t<div class=\"e-con-inner\">\n\t\t\t\t<div class=\"elementor-element elementor-element-6a43759 elementor-widget elementor-widget-text-editor\" data-id=\"6a43759\" data-element_type=\"widget\" data-e-type=\"widget\" data-widget_type=\"text-editor.default\">\n\t\t\t\t<div class=\"elementor-widget-container\">\n\t\t\t\t\t\t\t\t\t<p>Originalni \u010dasopis Camino iz 2008. <br>Bio mi je to dar od op\u0107ine Emmaus blizu Montpelliera!<\/p>\t\t\t\t\t\t\t\t<\/div>\n\t\t\t\t<\/div>\n\t\t\t\t\t<\/div>\n\t\t\t\t<\/div>\n\t\t<div class=\"elementor-element elementor-element-c6494d3 e-flex e-con-boxed e-con e-parent\" data-id=\"c6494d3\" data-element_type=\"container\" data-e-type=\"container\">\n\t\t\t\t\t<div class=\"e-con-inner\">\n\t\t\t\t<div class=\"elementor-element elementor-element-a4a6467 elementor-widget-divider--view-line elementor-widget elementor-widget-divider\" data-id=\"a4a6467\" data-element_type=\"widget\" data-e-type=\"widget\" data-widget_type=\"divider.default\">\n\t\t\t\t<div class=\"elementor-widget-container\">\n\t\t\t\t\t\t\t<div class=\"elementor-divider\">\n\t\t\t<span class=\"elementor-divider-separator\">\n\t\t\t\t\t\t<\/span>\n\t\t<\/div>\n\t\t\t\t\t\t<\/div>\n\t\t\t\t<\/div>\n\t\t\t\t\t<\/div>\n\t\t\t\t<\/div>\n\t\t<div class=\"elementor-element elementor-element-e9dfffb e-flex e-con-boxed e-con e-parent\" data-id=\"e9dfffb\" data-element_type=\"container\" data-e-type=\"container\">\n\t\t\t\t\t<div class=\"e-con-inner\">\n\t\t\t\t<div class=\"elementor-element elementor-element-35563f1 elementor-widget elementor-widget-video\" data-id=\"35563f1\" data-element_type=\"widget\" data-e-type=\"widget\" data-settings=\"{&quot;youtube_url&quot;:&quot;https:\\\/\\\/www.youtube.com\\\/watch?v=umryo_Znn24&quot;,&quot;video_type&quot;:&quot;youtube&quot;,&quot;controls&quot;:&quot;yes&quot;}\" data-widget_type=\"video.default\">\n\t\t\t\t<div class=\"elementor-widget-container\">\n\t\t\t\t\t\t\t<div class=\"elementor-wrapper elementor-open-inline\">\n\t\t\t<div class=\"elementor-video\"><\/div>\t\t<\/div>\n\t\t\t\t\t\t<\/div>\n\t\t\t\t<\/div>\n\t\t\t\t\t<\/div>\n\t\t\t\t<\/div>\n\t\t<div class=\"elementor-element elementor-element-7c748c6 e-flex e-con-boxed e-con e-parent\" data-id=\"7c748c6\" data-element_type=\"container\" data-e-type=\"container\">\n\t\t\t\t\t<div class=\"e-con-inner\">\n\t\t\t\t<div class=\"elementor-element elementor-element-0659c8a elementor-widget-divider--view-line elementor-widget elementor-widget-divider\" data-id=\"0659c8a\" data-element_type=\"widget\" data-e-type=\"widget\" data-widget_type=\"divider.default\">\n\t\t\t\t<div class=\"elementor-widget-container\">\n\t\t\t\t\t\t\t<div class=\"elementor-divider\">\n\t\t\t<span class=\"elementor-divider-separator\">\n\t\t\t\t\t\t<\/span>\n\t\t<\/div>\n\t\t\t\t\t\t<\/div>\n\t\t\t\t<\/div>\n\t\t\t\t\t<\/div>\n\t\t\t\t<\/div>\n\t\t<div class=\"elementor-element elementor-element-b927938 e-flex e-con-boxed e-con e-parent\" data-id=\"b927938\" data-element_type=\"container\" data-e-type=\"container\">\n\t\t\t\t\t<div class=\"e-con-inner\">\n\t\t\t\t<div class=\"elementor-element elementor-element-2b0d5b2 elementor-widget-divider--view-line elementor-widget elementor-widget-divider\" data-id=\"2b0d5b2\" data-element_type=\"widget\" data-e-type=\"widget\" data-widget_type=\"divider.default\">\n\t\t\t\t<div class=\"elementor-widget-container\">\n\t\t\t\t\t\t\t<div class=\"elementor-divider\">\n\t\t\t<span class=\"elementor-divider-separator\">\n\t\t\t\t\t\t<\/span>\n\t\t<\/div>\n\t\t\t\t\t\t<\/div>\n\t\t\t\t<\/div>\n\t\t\t\t\t<\/div>\n\t\t\t\t<\/div>\n\t\t<div class=\"elementor-element elementor-element-36b3734 e-flex e-con-boxed e-con e-parent\" data-id=\"36b3734\" data-element_type=\"container\" data-e-type=\"container\">\n\t\t\t\t\t<div class=\"e-con-inner\">\n\t\t\t\t<div class=\"elementor-element elementor-element-aac2096 elementor-widget elementor-widget-text-editor\" data-id=\"aac2096\" data-element_type=\"widget\" data-e-type=\"widget\" data-widget_type=\"text-editor.default\">\n\t\t\t\t<div class=\"elementor-widget-container\">\n\t\t\t\t\t\t\t\t\t<p><i style=\"font-family: Helvetica, Arial, sans-serif; font-size: 15px; font-weight: bold;\">\u0160to god dvoje od vas zai\u0161te na zemlji, dat \u0107e vam moj nebeski Otac.<br \/>(Mt 18,19)\u00a0<\/i><\/p>\t\t\t\t\t\t\t\t<\/div>\n\t\t\t\t<\/div>\n\t\t\t\t\t<\/div>\n\t\t\t\t<\/div>\n\t\t<div class=\"elementor-element elementor-element-2301bd0 e-flex e-con-boxed e-con e-parent\" data-id=\"2301bd0\" data-element_type=\"container\" data-e-type=\"container\">\n\t\t\t\t\t<div class=\"e-con-inner\">\n\t\t\t\t<div class=\"elementor-element elementor-element-09334b2 elementor-widget elementor-widget-text-editor\" data-id=\"09334b2\" data-element_type=\"widget\" data-e-type=\"widget\" data-widget_type=\"text-editor.default\">\n\t\t\t\t<div class=\"elementor-widget-container\">\n\t\t\t\t\t\t\t\t\t<p>Rujan 2025.<\/p>\t\t\t\t\t\t\t\t<\/div>\n\t\t\t\t<\/div>\n\t\t\t\t\t<\/div>\n\t\t\t\t<\/div>\n\t\t\t\t<\/div>","protected":false},"excerpt":{"rendered":"<p>Denn wer bittet,\u00a0der empf\u00e4ngt;wer sucht, der findet;\u00a0und wer anklopft, dem wird ge\u00f6ffnet(Lk 11,10 EU) Im Fr\u00fchling 2008 bin ich aufgrund Trauerverarbeitung den Jakobsweg in Trier (D) gestartet. \u00dcber die Schweiz, nach Frankreich bin ich bis nach Spanien (Barcelona) gelaufen. Das geliehene Reisegeld war damals ab der Grenze zur Schweiz (Konstanz) aufgebraucht. Ab dem Einlaufen in [&hellip;]<\/p>\n","protected":false},"author":1,"featured_media":0,"parent":0,"menu_order":0,"comment_status":"closed","ping_status":"closed","template":"","meta":{"footnotes":""},"class_list":["post-429","page","type-page","status-publish","hentry"],"_links":{"self":[{"href":"https:\/\/dzimi-blog.de\/hr\/wp-json\/wp\/v2\/pages\/429","targetHints":{"allow":["GET"]}}],"collection":[{"href":"https:\/\/dzimi-blog.de\/hr\/wp-json\/wp\/v2\/pages"}],"about":[{"href":"https:\/\/dzimi-blog.de\/hr\/wp-json\/wp\/v2\/types\/page"}],"author":[{"embeddable":true,"href":"https:\/\/dzimi-blog.de\/hr\/wp-json\/wp\/v2\/users\/1"}],"replies":[{"embeddable":true,"href":"https:\/\/dzimi-blog.de\/hr\/wp-json\/wp\/v2\/comments?post=429"}],"version-history":[{"count":0,"href":"https:\/\/dzimi-blog.de\/hr\/wp-json\/wp\/v2\/pages\/429\/revisions"}],"wp:attachment":[{"href":"https:\/\/dzimi-blog.de\/hr\/wp-json\/wp\/v2\/media?parent=429"}],"curies":[{"name":"radni list","href":"https:\/\/api.w.org\/{rel}","templated":true}]}}